{"id":90,"date":"2021-02-10T18:40:23","date_gmt":"2021-02-10T17:40:23","guid":{"rendered":"https:\/\/crkdrpaysdelaloire.wordpress.com\/?page_id=90"},"modified":"2024-09-07T15:30:51","modified_gmt":"2024-09-07T13:30:51","slug":"les-clubs","status":"publish","type":"page","link":"https:\/\/crkdrpaysdelaloire.fr\/index.php\/home\/les-clubs\/","title":{"rendered":"Nos dojos"},"content":{"rendered":"\n<hr class=\"wp-block-separator has-css-opacity\"\/>\n\n\n\n<p class=\"has-text-align-center\">Trouvez un club pr\u00e8s de chez vous en naviguant sur la carte:<\/p>\n\n\n\n<div class=\"wp-block-columns is-layout-flex wp-container-core-columns-is-layout-28f84493 wp-block-columns-is-layout-flex\">\n<div class=\"wp-block-column is-layout-flow wp-block-column-is-layout-flow\" style=\"flex-basis:100%\">\n<div class=\"wp-block-group alignwide\"><div class=\"wp-block-group__inner-container is-layout-flow wp-block-group-is-layout-flow\"><\/div><\/div>\n<\/div>\n<\/div>\n\n\n\n\n\n<hr class=\"wp-block-separator has-css-opacity\"\/>\n\n\n\n<p class=\"has-text-align-center\">Les dojos de la r\u00e9gion Pays de la Loire et les disciplines pratiqu\u00e9es:<\/p>\n\n\n\n<p class=\"has-text-color\" style=\"color:#a3001a\"><strong>Loire-Atlantique (44) :<\/strong><\/p>\n\n\n\n<p class=\"has-text-align-center\"><a href=\"https:\/\/dojonantais.com\/\" target=\"_blank\" rel=\"noreferrer noopener\">Dojo Nantais &#8211; Nantes : Kendo\/Sport Chanbara<\/a><\/p>\n\n\n\n<p class=\"has-text-align-center\"><a href=\"http:\/\/www.esvn.fr\">ESVN &#8211; La Haye -Fouassi\u00e8re: Kendo\/Ia\u00efdo<\/a><\/p>\n\n\n\n<p class=\"has-text-align-center\"><a href=\"https:\/\/kicekendoiaido.fr\/\" target=\"_blank\" rel=\"noreferrer noopener\">KICE &#8211; Saint-Nazaire : Kendo\/Ia\u00efdo<\/a> <\/p>\n\n\n\n<p class=\"has-text-align-center\"><a href=\"http:\/\/karate-jodo-44.fr\/\" target=\"_blank\" rel=\"noreferrer noopener\">Karate Kobudo &#8211; Saint S\u00e9bastien sur Loire : Jodo<\/a><\/p>\n\n\n\n<p class=\"has-text-align-center\"><a rel=\"noreferrer noopener\" href=\"http:\/\/www.suishinkai-dojo.fr\/\" target=\"_blank\">Suishinka\u00ef Dojo &#8211; Nantes :  Kendo\/Ia\u00efdo<\/a> <\/p>\n\n\n\n<p class=\"has-text-color\" style=\"color:#1da300\"><strong>Maine et Loire (49) :<\/strong><\/p>\n\n\n\n<p class=\"has-text-align-center\"><a href=\"https:\/\/angers-kendo-iaido.fr\/\" target=\"_blank\" rel=\"noreferrer noopener\">AKI &#8211; Angers: Kendo\/Ia\u00efdo\/Sport Chanbara<\/a><\/p>\n\n\n\n<p class=\"has-text-color\" style=\"color:#0beae6\"><strong>Sarthe (72) :<\/strong><\/p>\n\n\n\n<p class=\"has-text-align-center\"><a href=\"https:\/\/www.facebook.com\/profile.php?id=61560897495257&amp;sk=about\">LMKC &#8211; Le Mans Kendo Club<\/a><\/p>\n\n\n\n<p class=\"has-text-align-center\"><a href=\"https:\/\/samourai2000.com\/\">Samoura\u00ef 2000 &#8211; Le Mans : Kendo\/Ia\u00efdo<\/a><\/p>\n\n\n\n<p class=\"has-text-align-center\"><a href=\"https:\/\/sem-jj-club.ffjudo.com\/\">SEMJJ &#8211; Chang\u00e9 : Ia\u00efdo<\/a><\/p>\n\n\n\n<p class=\"has-text-color\" style=\"color:#f2a81d\"><strong>Vend\u00e9e (85) :<\/strong><\/p>\n\n\n\n<p class=\"has-text-align-center\"><a rel=\"noreferrer noopener\" href=\"https:\/\/www.judocotedelumiere.com\/\" target=\"_blank\">Judo C\u00f4te de lumi\u00e8re &#8211; St Jean de Monts : Sport Chanbara<\/a><\/p>\n\n\n\n<p class=\"has-text-align-center\"><a rel=\"noreferrer noopener\" href=\"https:\/\/judoclublesherbiers.wixsite.com\/site\" target=\"_blank\">Judo club Les herbiers &#8211; Les Herbiers<\/a><a href=\"https:\/\/judoclublesherbiers.wixsite.com\/site\" target=\"_blank\" rel=\"noreferrer noopener\"> <\/a><a rel=\"noreferrer noopener\" href=\"https:\/\/judoclublesherbiers.wixsite.com\/site\" target=\"_blank\">: Sport Chanbara<\/a><\/p>\n\n\n\n<p class=\"has-text-align-center\"><a href=\"https:\/\/www.jkcf.com\/\" target=\"_blank\" rel=\"noreferrer noopener\">JKCF &#8211; Fontenay le Comte : Kendo\/Ia\u00efdo<\/a><\/p>\n\n\n\n<p class=\"has-text-align-center\"><a href=\"https:\/\/www.shodokan-kendo.com\/\" target=\"_blank\" rel=\"noreferrer noopener\">Shodokan &#8211; Les Sables d&rsquo;Olonne et La Roche-sur-Yon : Kendo<\/a><\/p>\n\n\n\n<hr class=\"wp-block-separator has-css-opacity\"\/>\n","protected":false},"excerpt":{"rendered":"<p>Trouvez un club pr\u00e8s de chez vous en naviguant sur la carte: Les dojos de la r\u00e9gion Pays de la Loire et les disciplines pratiqu\u00e9es: Loire-Atlantique (44) : Dojo Nantais &#8211; Nantes : Kendo\/Sport Chanbara ESVN &#8211; La Haye -Fouassi\u00e8re: Kendo\/Ia\u00efdo KICE &#8211; Saint-Nazaire : Kendo\/Ia\u00efdo Karate Kobudo &#8211; Saint S\u00e9bastien sur Loire : Jodo<a class=\"more-link\" href=\"https:\/\/crkdrpaysdelaloire.fr\/index.php\/home\/les-clubs\/\">Lire la suite <span class=\"screen-reader-text\">\u00ab\u00a0Nos dojos\u00a0\u00bb<\/span><\/a><\/p>\n","protected":false},"author":2,"featured_media":0,"parent":9,"menu_order":1,"comment_status":"closed","ping_status":"closed","template":"","meta":{"footnotes":""},"class_list":["post-90","page","type-page","status-publish","hentry","entry"],"yoast_head":"<!-- This site is optimized with the Yoast SEO plugin v27.4 - https:\/\/yoast.com\/product\/yoast-seo-wordpress\/ -->\n<title>Nos dojos -<\/title>\n<meta name=\"robots\" content=\"index, follow, max-snippet:-1, max-image-preview:large, max-video-preview:-1\" \/>\n<link rel=\"canonical\" href=\"http:\/\/crkdrpaysdelaloire.fr\/index.php\/home\/les-clubs\/\" \/>\n<meta property=\"og:locale\" content=\"fr_FR\" \/>\n<meta property=\"og:type\" content=\"article\" \/>\n<meta property=\"og:title\" content=\"Nos dojos -\" \/>\n<meta property=\"og:description\" content=\"Trouvez un club pr\u00e8s de chez vous en naviguant sur la carte: Les dojos de la r\u00e9gion Pays de la Loire et les disciplines pratiqu\u00e9es: Loire-Atlantique (44) : Dojo Nantais &#8211; Nantes : Kendo\/Sport Chanbara ESVN &#8211; La Haye -Fouassi\u00e8re: Kendo\/Ia\u00efdo KICE &#8211; Saint-Nazaire : Kendo\/Ia\u00efdo Karate Kobudo &#8211; Saint S\u00e9bastien sur Loire : JodoLire la suite &quot;Nos dojos&quot;\" \/>\n<meta property=\"og:url\" content=\"http:\/\/crkdrpaysdelaloire.fr\/index.php\/home\/les-clubs\/\" \/>\n<meta property=\"article:publisher\" content=\"https:\/\/www.facebook.com\/crkdr.paysdelaloire\/\" \/>\n<meta property=\"article:modified_time\" content=\"2024-09-07T13:30:51+00:00\" \/>\n<meta name=\"twitter:card\" content=\"summary_large_image\" \/>\n<meta name=\"twitter:label1\" content=\"Dur\u00e9e de lecture estim\u00e9e\" \/>\n\t<meta name=\"twitter:data1\" content=\"1 minute\" \/>\n<script type=\"application\/ld+json\" class=\"yoast-schema-graph\">{\"@context\":\"https:\\\/\\\/schema.org\",\"@graph\":[{\"@type\":\"WebPage\",\"@id\":\"http:\\\/\\\/crkdrpaysdelaloire.fr\\\/index.php\\\/home\\\/les-clubs\\\/\",\"url\":\"http:\\\/\\\/crkdrpaysdelaloire.fr\\\/index.php\\\/home\\\/les-clubs\\\/\",\"name\":\"Nos dojos -\",\"isPartOf\":{\"@id\":\"https:\\\/\\\/crkdrpaysdelaloire.fr\\\/#website\"},\"datePublished\":\"2021-02-10T17:40:23+00:00\",\"dateModified\":\"2024-09-07T13:30:51+00:00\",\"breadcrumb\":{\"@id\":\"http:\\\/\\\/crkdrpaysdelaloire.fr\\\/index.php\\\/home\\\/les-clubs\\\/#breadcrumb\"},\"inLanguage\":\"fr-FR\",\"potentialAction\":[{\"@type\":\"ReadAction\",\"target\":[\"http:\\\/\\\/crkdrpaysdelaloire.fr\\\/index.php\\\/home\\\/les-clubs\\\/\"]}]},{\"@type\":\"BreadcrumbList\",\"@id\":\"http:\\\/\\\/crkdrpaysdelaloire.fr\\\/index.php\\\/home\\\/les-clubs\\\/#breadcrumb\",\"itemListElement\":[{\"@type\":\"ListItem\",\"position\":1,\"name\":\"Accueil\",\"item\":\"https:\\\/\\\/crkdrpaysdelaloire.fr\\\/\"},{\"@type\":\"ListItem\",\"position\":2,\"name\":\"Bienvenue en Pays de la Loire\",\"item\":\"https:\\\/\\\/crkdrpaysdelaloire.fr\\\/\"},{\"@type\":\"ListItem\",\"position\":3,\"name\":\"Nos dojos\"}]},{\"@type\":\"WebSite\",\"@id\":\"https:\\\/\\\/crkdrpaysdelaloire.fr\\\/#website\",\"url\":\"https:\\\/\\\/crkdrpaysdelaloire.fr\\\/\",\"name\":\"CRK PdL\",\"description\":\"\",\"publisher\":{\"@id\":\"https:\\\/\\\/crkdrpaysdelaloire.fr\\\/#organization\"},\"potentialAction\":[{\"@type\":\"SearchAction\",\"target\":{\"@type\":\"EntryPoint\",\"urlTemplate\":\"https:\\\/\\\/crkdrpaysdelaloire.fr\\\/?s={search_term_string}\"},\"query-input\":{\"@type\":\"PropertyValueSpecification\",\"valueRequired\":true,\"valueName\":\"search_term_string\"}}],\"inLanguage\":\"fr-FR\"},{\"@type\":\"Organization\",\"@id\":\"https:\\\/\\\/crkdrpaysdelaloire.fr\\\/#organization\",\"name\":\"Comit\u00e9 R\u00e9gional de Kendo des Pays de la Loire\",\"url\":\"https:\\\/\\\/crkdrpaysdelaloire.fr\\\/\",\"logo\":{\"@type\":\"ImageObject\",\"inLanguage\":\"fr-FR\",\"@id\":\"https:\\\/\\\/crkdrpaysdelaloire.fr\\\/#\\\/schema\\\/logo\\\/image\\\/\",\"url\":\"http:\\\/\\\/crkdrpaysdelaloire.fr\\\/wp-content\\\/uploads\\\/2021\\\/09\\\/2021-08-25-cnkdrpdl-logo-declinaison-CMJN_LOGO-CMJN-WEB.png\",\"contentUrl\":\"http:\\\/\\\/crkdrpaysdelaloire.fr\\\/wp-content\\\/uploads\\\/2021\\\/09\\\/2021-08-25-cnkdrpdl-logo-declinaison-CMJN_LOGO-CMJN-WEB.png\",\"width\":180,\"height\":180,\"caption\":\"Comit\u00e9 R\u00e9gional de Kendo des Pays de la Loire\"},\"image\":{\"@id\":\"https:\\\/\\\/crkdrpaysdelaloire.fr\\\/#\\\/schema\\\/logo\\\/image\\\/\"},\"sameAs\":[\"https:\\\/\\\/www.facebook.com\\\/crkdr.paysdelaloire\\\/\"]}]}<\/script>\n<!-- \/ Yoast SEO plugin. -->","yoast_head_json":{"title":"Nos dojos -","robots":{"index":"index","follow":"follow","max-snippet":"max-snippet:-1","max-image-preview":"max-image-preview:large","max-video-preview":"max-video-preview:-1"},"canonical":"http:\/\/crkdrpaysdelaloire.fr\/index.php\/home\/les-clubs\/","og_locale":"fr_FR","og_type":"article","og_title":"Nos dojos -","og_description":"Trouvez un club pr\u00e8s de chez vous en naviguant sur la carte: Les dojos de la r\u00e9gion Pays de la Loire et les disciplines pratiqu\u00e9es: Loire-Atlantique (44) : Dojo Nantais &#8211; Nantes : Kendo\/Sport Chanbara ESVN &#8211; La Haye -Fouassi\u00e8re: Kendo\/Ia\u00efdo KICE &#8211; Saint-Nazaire : Kendo\/Ia\u00efdo Karate Kobudo &#8211; Saint S\u00e9bastien sur Loire : JodoLire la suite \"Nos dojos\"","og_url":"http:\/\/crkdrpaysdelaloire.fr\/index.php\/home\/les-clubs\/","article_publisher":"https:\/\/www.facebook.com\/crkdr.paysdelaloire\/","article_modified_time":"2024-09-07T13:30:51+00:00","twitter_card":"summary_large_image","twitter_misc":{"Dur\u00e9e de lecture estim\u00e9e":"1 minute"},"schema":{"@context":"https:\/\/schema.org","@graph":[{"@type":"WebPage","@id":"http:\/\/crkdrpaysdelaloire.fr\/index.php\/home\/les-clubs\/","url":"http:\/\/crkdrpaysdelaloire.fr\/index.php\/home\/les-clubs\/","name":"Nos dojos -","isPartOf":{"@id":"https:\/\/crkdrpaysdelaloire.fr\/#website"},"datePublished":"2021-02-10T17:40:23+00:00","dateModified":"2024-09-07T13:30:51+00:00","breadcrumb":{"@id":"http:\/\/crkdrpaysdelaloire.fr\/index.php\/home\/les-clubs\/#breadcrumb"},"inLanguage":"fr-FR","potentialAction":[{"@type":"ReadAction","target":["http:\/\/crkdrpaysdelaloire.fr\/index.php\/home\/les-clubs\/"]}]},{"@type":"BreadcrumbList","@id":"http:\/\/crkdrpaysdelaloire.fr\/index.php\/home\/les-clubs\/#breadcrumb","itemListElement":[{"@type":"ListItem","position":1,"name":"Accueil","item":"https:\/\/crkdrpaysdelaloire.fr\/"},{"@type":"ListItem","position":2,"name":"Bienvenue en Pays de la Loire","item":"https:\/\/crkdrpaysdelaloire.fr\/"},{"@type":"ListItem","position":3,"name":"Nos dojos"}]},{"@type":"WebSite","@id":"https:\/\/crkdrpaysdelaloire.fr\/#website","url":"https:\/\/crkdrpaysdelaloire.fr\/","name":"CRK PdL","description":"","publisher":{"@id":"https:\/\/crkdrpaysdelaloire.fr\/#organization"},"potentialAction":[{"@type":"SearchAction","target":{"@type":"EntryPoint","urlTemplate":"https:\/\/crkdrpaysdelaloire.fr\/?s={search_term_string}"},"query-input":{"@type":"PropertyValueSpecification","valueRequired":true,"valueName":"search_term_string"}}],"inLanguage":"fr-FR"},{"@type":"Organization","@id":"https:\/\/crkdrpaysdelaloire.fr\/#organization","name":"Comit\u00e9 R\u00e9gional de Kendo des Pays de la Loire","url":"https:\/\/crkdrpaysdelaloire.fr\/","logo":{"@type":"ImageObject","inLanguage":"fr-FR","@id":"https:\/\/crkdrpaysdelaloire.fr\/#\/schema\/logo\/image\/","url":"http:\/\/crkdrpaysdelaloire.fr\/wp-content\/uploads\/2021\/09\/2021-08-25-cnkdrpdl-logo-declinaison-CMJN_LOGO-CMJN-WEB.png","contentUrl":"http:\/\/crkdrpaysdelaloire.fr\/wp-content\/uploads\/2021\/09\/2021-08-25-cnkdrpdl-logo-declinaison-CMJN_LOGO-CMJN-WEB.png","width":180,"height":180,"caption":"Comit\u00e9 R\u00e9gional de Kendo des Pays de la Loire"},"image":{"@id":"https:\/\/crkdrpaysdelaloire.fr\/#\/schema\/logo\/image\/"},"sameAs":["https:\/\/www.facebook.com\/crkdr.paysdelaloire\/"]}]}},"jetpack_sharing_enabled":true,"_links":{"self":[{"href":"https:\/\/crkdrpaysdelaloire.fr\/index.php\/wp-json\/wp\/v2\/pages\/90","targetHints":{"allow":["GET"]}}],"collection":[{"href":"https:\/\/crkdrpaysdelaloire.fr\/index.php\/wp-json\/wp\/v2\/pages"}],"about":[{"href":"https:\/\/crkdrpaysdelaloire.fr\/index.php\/wp-json\/wp\/v2\/types\/page"}],"author":[{"embeddable":true,"href":"https:\/\/crkdrpaysdelaloire.fr\/index.php\/wp-json\/wp\/v2\/users\/2"}],"replies":[{"embeddable":true,"href":"https:\/\/crkdrpaysdelaloire.fr\/index.php\/wp-json\/wp\/v2\/comments?post=90"}],"version-history":[{"count":12,"href":"https:\/\/crkdrpaysdelaloire.fr\/index.php\/wp-json\/wp\/v2\/pages\/90\/revisions"}],"predecessor-version":[{"id":3402,"href":"https:\/\/crkdrpaysdelaloire.fr\/index.php\/wp-json\/wp\/v2\/pages\/90\/revisions\/3402"}],"up":[{"embeddable":true,"href":"https:\/\/crkdrpaysdelaloire.fr\/index.php\/wp-json\/wp\/v2\/pages\/9"}],"wp:attachment":[{"href":"https:\/\/crkdrpaysdelaloire.fr\/index.php\/wp-json\/wp\/v2\/media?parent=90"}],"curies":[{"name":"wp","href":"https:\/\/api.w.org\/{rel}","templated":true}]}}