{"id":9,"date":"2021-02-09T18:16:44","date_gmt":"2021-02-09T17:16:44","guid":{"rendered":"https:\/\/crkdrpaysdelaloire.wordpress.com\/?page_id=6"},"modified":"2021-09-01T22:17:07","modified_gmt":"2021-09-01T20:17:07","slug":"home","status":"publish","type":"page","link":"https:\/\/crkdrpaysdelaloire.fr\/","title":{"rendered":"Bienvenue en Pays de la Loire"},"content":{"rendered":"\n<p>D\u00e9couvrez toutes les disciplines du Comit\u00e9 National de Kendo et Disciplines Rattach\u00e9es enseign\u00e9es dans notre r\u00e9gion <\/p>\n\n\n\n<figure class=\"wp-block-image alignwide size-large\"><a href=\"http:\/\/tlpwwtx.cluster028.hosting.ovh.net\/index.php\/home\/about\/\"><img loading=\"lazy\" decoding=\"async\" width=\"2000\" height=\"1600\" src=\"https:\/\/crkdrpaysdelaloire.files.wordpress.com\/2021\/05\/montage-photo-rose-et-gris-de-renouvellement-de-voeux-1.jpg?w=1024\" alt=\"\" class=\"wp-image-689\" srcset=\"https:\/\/crkdrpaysdelaloire.fr\/wp-content\/uploads\/2021\/05\/montage-photo-rose-et-gris-de-renouvellement-de-voeux-1.jpg 2000w, https:\/\/crkdrpaysdelaloire.fr\/wp-content\/uploads\/2021\/05\/montage-photo-rose-et-gris-de-renouvellement-de-voeux-1-300x240.jpg 300w, https:\/\/crkdrpaysdelaloire.fr\/wp-content\/uploads\/2021\/05\/montage-photo-rose-et-gris-de-renouvellement-de-voeux-1-1024x819.jpg 1024w, https:\/\/crkdrpaysdelaloire.fr\/wp-content\/uploads\/2021\/05\/montage-photo-rose-et-gris-de-renouvellement-de-voeux-1-768x614.jpg 768w, https:\/\/crkdrpaysdelaloire.fr\/wp-content\/uploads\/2021\/05\/montage-photo-rose-et-gris-de-renouvellement-de-voeux-1-1536x1229.jpg 1536w, https:\/\/crkdrpaysdelaloire.fr\/wp-content\/uploads\/2021\/05\/montage-photo-rose-et-gris-de-renouvellement-de-voeux-1-1200x960.jpg 1200w, https:\/\/crkdrpaysdelaloire.fr\/wp-content\/uploads\/2021\/05\/montage-photo-rose-et-gris-de-renouvellement-de-voeux-1-1980x1584.jpg 1980w\" sizes=\"auto, (max-width: 2000px) 100vw, 2000px\" \/><\/a><\/figure>\n\n\n\n<div class=\"wp-block-group alignfull has-background-background-color has-background\"><div class=\"wp-block-group__inner-container is-layout-flow wp-block-group-is-layout-flow\">\n<div class=\"wp-block-jetpack-layout-grid alignfull column1-desktop-grid__span-12 column1-desktop-grid__row-1 column1-tablet-grid__span-8 column1-tablet-grid__row-1 column1-mobile-grid__span-4 column1-mobile-grid__row-1\">\n<div class=\"wp-block-jetpack-layout-grid-column wp-block-jetpack-layout-grid__padding-none\"><ul class=\"wp-block-latest-posts__list has-dates aligncenter wp-block-latest-posts\"><li><a class=\"wp-block-latest-posts__post-title\" href=\"https:\/\/crkdrpaysdelaloire.fr\/index.php\/2024\/04\/23\/stages-kendo-et-iaido-de-fin-de-saison-25-05-2024\/\">\/\/ Stage Kendo et Stage+Passage de grades Iaido de fin de saison 25-05-2024<\/a><time datetime=\"2024-04-23T18:21:05+02:00\" class=\"wp-block-latest-posts__post-date\">23 avril 2024<\/time><div class=\"wp-block-latest-posts__post-excerpt\">Ci-dessous les docs d&rsquo;informations pour ces 2 stages:<\/div><\/li>\n<li><a class=\"wp-block-latest-posts__post-title\" href=\"https:\/\/crkdrpaysdelaloire.fr\/index.php\/2024\/04\/08\/stage-kendo-jeunes-21-04-2024\/\">\/\/ CR Stage Kendo Jeunes 21\/04\/2024<\/a><time datetime=\"2024-04-08T20:50:18+02:00\" class=\"wp-block-latest-posts__post-date\">8 avril 2024<\/time><div class=\"wp-block-latest-posts__post-excerpt\">Le 21 Avril 2024 au dojo du JKCF \u00e0 Fontenay Le Comte Encadrement&nbsp;: Sylvio MONTESSINOS \u2013 DTR KENDO Pays De Loire ESVN&nbsp;(La Haye-Fouassi\u00e8re) : J\u00e9r\u00e9my GARTION et Samuel GUYOMARD JKCF (Fontenay Le Comte)&nbsp;: Nelly DURAND Suishinka\u00ef Dojo (Nantes)&nbsp;: Rubens PERRENES<a class=\"more-link\" href=\"https:\/\/crkdrpaysdelaloire.fr\/index.php\/2024\/04\/08\/stage-kendo-jeunes-21-04-2024\/\">Lire la suite <span class=\"screen-reader-text\">\u00ab\u00a0\/\/ CR Stage Kendo Jeunes 21\/04\/2024\u00a0\u00bb<\/span><\/a><\/div><\/li>\n<li><a class=\"wp-block-latest-posts__post-title\" href=\"https:\/\/crkdrpaysdelaloire.fr\/index.php\/2024\/02\/21\/kendo-championnats-de-region-2023-2024\/\">\/\/ Kendo \u2013 Championnats de r\u00e9gion 2023-2024<\/a><time datetime=\"2024-02-21T16:13:50+01:00\" class=\"wp-block-latest-posts__post-date\">21 f\u00e9vrier 2024<\/time><div class=\"wp-block-latest-posts__post-excerpt\">Le WE dernier se sont d\u00e9roul\u00e9s les championnats de r\u00e9gion Kendo PdL. F\u00e9licitations \u00e0 tous les Kenshis pour leur combativit\u00e9 et bon vent aux s\u00e9lectionn\u00e9s aux championnats de France !<\/div><\/li>\n<\/ul><\/div>\n<\/div>\n<\/div><\/div>\n\n\n\n<div class=\"wp-block-group alignfull has-foreground-dark-background-color has-background\"><div class=\"wp-block-group__inner-container is-layout-flow wp-block-group-is-layout-flow\">\n<div class=\"wp-block-jetpack-layout-grid alignfull column1-desktop-grid__span-3 column1-desktop-grid__start-3 column1-desktop-grid__row-1 column2-desktop-grid__span-5 column2-desktop-grid__start-6 column2-desktop-grid__row-1 column1-tablet-grid__span-4 column1-tablet-grid__row-1 column2-tablet-grid__span-4 column2-tablet-grid__start-5 column2-tablet-grid__row-1 column1-mobile-grid__span-4 column1-mobile-grid__row-1 column2-mobile-grid__span-4 column2-mobile-grid__row-2\">\n<div class=\"wp-block-jetpack-layout-grid-column wp-block-jetpack-layout-grid__padding-none is-vertically-aligned-center\"><\/div>\n\n\n\n<div class=\"wp-block-jetpack-layout-grid-column wp-block-jetpack-layout-grid__padding-none\">\n<p class=\"has-text-align-left\">contact.crkdrpdl@gmail.com<\/p>\n<\/div>\n<\/div>\n\n\n\n<ul class=\"wp-block-social-links aligncenter is-layout-flex wp-block-social-links-is-layout-flex\">\n\n<li class=\"wp-social-link wp-social-link-facebook  wp-block-social-link\"><a href=\"https:\/\/www.facebook.com\/crkdr.paysdelaloire\" class=\"wp-block-social-link-anchor\"><svg width=\"24\" height=\"24\" viewBox=\"0 0 24 24\" version=\"1.1\" xmlns=\"http:\/\/www.w3.org\/2000\/svg\" aria-hidden=\"true\" focusable=\"false\"><path d=\"M12 2C6.5 2 2 6.5 2 12c0 5 3.7 9.1 8.4 9.9v-7H7.9V12h2.5V9.8c0-2.5 1.5-3.9 3.8-3.9 1.1 0 2.2.2 2.2.2v2.5h-1.3c-1.2 0-1.6.8-1.6 1.6V12h2.8l-.4 2.9h-2.3v7C18.3 21.1 22 17 22 12c0-5.5-4.5-10-10-10z\"><\/path><\/svg><span class=\"wp-block-social-link-label screen-reader-text\">Facebook<\/span><\/a><\/li><\/ul>\n\n\n\n<p><\/p>\n<\/div><\/div>\n\n\n\n<blockquote class=\"wp-block-quote is-layout-flow wp-block-quote-is-layout-flow\"><p>\u00ab\u00a0Appr\u00e9cier non pas la victoire, mais la voie qui y m\u00e8ne\u00a0\u00bb<\/p><cite>Auteur inconnu<\/cite><\/blockquote>\n\n\n\n<p><\/p>\n","protected":false},"excerpt":{"rendered":"<p>D\u00e9couvrez toutes les disciplines du Comit\u00e9 National de Kendo et Disciplines Rattach\u00e9es enseign\u00e9es dans notre r\u00e9gion contact.crkdrpdl@gmail.com \u00ab\u00a0Appr\u00e9cier non pas la victoire, mais la voie qui y m\u00e8ne\u00a0\u00bb Auteur inconnu<\/p>\n","protected":false},"author":3,"featured_media":0,"parent":0,"menu_order":1,"comment_status":"closed","ping_status":"closed","template":"","meta":{"footnotes":""},"class_list":["post-9","page","type-page","status-publish","hentry","entry"],"yoast_head":"<!-- This site is optimized with the Yoast SEO plugin v27.4 - https:\/\/yoast.com\/product\/yoast-seo-wordpress\/ -->\n<title>Bienvenue en Pays de la Loire -<\/title>\n<meta name=\"robots\" content=\"index, follow, max-snippet:-1, max-image-preview:large, max-video-preview:-1\" \/>\n<link rel=\"canonical\" href=\"https:\/\/crkdrpaysdelaloire.fr\/\" \/>\n<meta property=\"og:locale\" content=\"fr_FR\" \/>\n<meta property=\"og:type\" content=\"article\" \/>\n<meta property=\"og:title\" content=\"Bienvenue en Pays de la Loire -\" \/>\n<meta property=\"og:description\" content=\"D\u00e9couvrez toutes les disciplines du Comit\u00e9 National de Kendo et Disciplines Rattach\u00e9es enseign\u00e9es dans notre r\u00e9gion contact.crkdrpdl@gmail.com \u00ab\u00a0Appr\u00e9cier non pas la victoire, mais la voie qui y m\u00e8ne\u00a0\u00bb Auteur inconnu\" \/>\n<meta property=\"og:url\" content=\"https:\/\/crkdrpaysdelaloire.fr\/\" \/>\n<meta property=\"article:publisher\" content=\"https:\/\/www.facebook.com\/crkdr.paysdelaloire\/\" \/>\n<meta property=\"article:modified_time\" content=\"2021-09-01T20:17:07+00:00\" \/>\n<meta property=\"og:image\" content=\"https:\/\/crkdrpaysdelaloire.files.wordpress.com\/2021\/05\/montage-photo-rose-et-gris-de-renouvellement-de-voeux-1.jpg?w=1024\" \/>\n<meta name=\"twitter:card\" content=\"summary_large_image\" \/>\n<script type=\"application\/ld+json\" class=\"yoast-schema-graph\">{\"@context\":\"https:\\\/\\\/schema.org\",\"@graph\":[{\"@type\":\"WebPage\",\"@id\":\"https:\\\/\\\/crkdrpaysdelaloire.fr\\\/\",\"url\":\"https:\\\/\\\/crkdrpaysdelaloire.fr\\\/\",\"name\":\"Bienvenue en Pays de la Loire -\",\"isPartOf\":{\"@id\":\"https:\\\/\\\/crkdrpaysdelaloire.fr\\\/#website\"},\"primaryImageOfPage\":{\"@id\":\"https:\\\/\\\/crkdrpaysdelaloire.fr\\\/#primaryimage\"},\"image\":{\"@id\":\"https:\\\/\\\/crkdrpaysdelaloire.fr\\\/#primaryimage\"},\"thumbnailUrl\":\"https:\\\/\\\/crkdrpaysdelaloire.files.wordpress.com\\\/2021\\\/05\\\/montage-photo-rose-et-gris-de-renouvellement-de-voeux-1.jpg?w=1024\",\"datePublished\":\"2021-02-09T17:16:44+00:00\",\"dateModified\":\"2021-09-01T20:17:07+00:00\",\"breadcrumb\":{\"@id\":\"https:\\\/\\\/crkdrpaysdelaloire.fr\\\/#breadcrumb\"},\"inLanguage\":\"fr-FR\",\"potentialAction\":[{\"@type\":\"ReadAction\",\"target\":[\"https:\\\/\\\/crkdrpaysdelaloire.fr\\\/\"]}]},{\"@type\":\"ImageObject\",\"inLanguage\":\"fr-FR\",\"@id\":\"https:\\\/\\\/crkdrpaysdelaloire.fr\\\/#primaryimage\",\"url\":\"https:\\\/\\\/crkdrpaysdelaloire.files.wordpress.com\\\/2021\\\/05\\\/montage-photo-rose-et-gris-de-renouvellement-de-voeux-1.jpg?w=1024\",\"contentUrl\":\"https:\\\/\\\/crkdrpaysdelaloire.files.wordpress.com\\\/2021\\\/05\\\/montage-photo-rose-et-gris-de-renouvellement-de-voeux-1.jpg?w=1024\"},{\"@type\":\"BreadcrumbList\",\"@id\":\"https:\\\/\\\/crkdrpaysdelaloire.fr\\\/#breadcrumb\",\"itemListElement\":[{\"@type\":\"ListItem\",\"position\":1,\"name\":\"Accueil\",\"item\":\"https:\\\/\\\/crkdrpaysdelaloire.fr\\\/\"},{\"@type\":\"ListItem\",\"position\":2,\"name\":\"Bienvenue en Pays de la Loire\"}]},{\"@type\":\"WebSite\",\"@id\":\"https:\\\/\\\/crkdrpaysdelaloire.fr\\\/#website\",\"url\":\"https:\\\/\\\/crkdrpaysdelaloire.fr\\\/\",\"name\":\"CRK PdL\",\"description\":\"\",\"publisher\":{\"@id\":\"https:\\\/\\\/crkdrpaysdelaloire.fr\\\/#organization\"},\"potentialAction\":[{\"@type\":\"SearchAction\",\"target\":{\"@type\":\"EntryPoint\",\"urlTemplate\":\"https:\\\/\\\/crkdrpaysdelaloire.fr\\\/?s={search_term_string}\"},\"query-input\":{\"@type\":\"PropertyValueSpecification\",\"valueRequired\":true,\"valueName\":\"search_term_string\"}}],\"inLanguage\":\"fr-FR\"},{\"@type\":\"Organization\",\"@id\":\"https:\\\/\\\/crkdrpaysdelaloire.fr\\\/#organization\",\"name\":\"Comit\u00e9 R\u00e9gional de Kendo des Pays de la Loire\",\"url\":\"https:\\\/\\\/crkdrpaysdelaloire.fr\\\/\",\"logo\":{\"@type\":\"ImageObject\",\"inLanguage\":\"fr-FR\",\"@id\":\"https:\\\/\\\/crkdrpaysdelaloire.fr\\\/#\\\/schema\\\/logo\\\/image\\\/\",\"url\":\"http:\\\/\\\/crkdrpaysdelaloire.fr\\\/wp-content\\\/uploads\\\/2021\\\/09\\\/2021-08-25-cnkdrpdl-logo-declinaison-CMJN_LOGO-CMJN-WEB.png\",\"contentUrl\":\"http:\\\/\\\/crkdrpaysdelaloire.fr\\\/wp-content\\\/uploads\\\/2021\\\/09\\\/2021-08-25-cnkdrpdl-logo-declinaison-CMJN_LOGO-CMJN-WEB.png\",\"width\":180,\"height\":180,\"caption\":\"Comit\u00e9 R\u00e9gional de Kendo des Pays de la Loire\"},\"image\":{\"@id\":\"https:\\\/\\\/crkdrpaysdelaloire.fr\\\/#\\\/schema\\\/logo\\\/image\\\/\"},\"sameAs\":[\"https:\\\/\\\/www.facebook.com\\\/crkdr.paysdelaloire\\\/\"]}]}<\/script>\n<!-- \/ Yoast SEO plugin. -->","yoast_head_json":{"title":"Bienvenue en Pays de la Loire -","robots":{"index":"index","follow":"follow","max-snippet":"max-snippet:-1","max-image-preview":"max-image-preview:large","max-video-preview":"max-video-preview:-1"},"canonical":"https:\/\/crkdrpaysdelaloire.fr\/","og_locale":"fr_FR","og_type":"article","og_title":"Bienvenue en Pays de la Loire -","og_description":"D\u00e9couvrez toutes les disciplines du Comit\u00e9 National de Kendo et Disciplines Rattach\u00e9es enseign\u00e9es dans notre r\u00e9gion contact.crkdrpdl@gmail.com \u00ab\u00a0Appr\u00e9cier non pas la victoire, mais la voie qui y m\u00e8ne\u00a0\u00bb Auteur inconnu","og_url":"https:\/\/crkdrpaysdelaloire.fr\/","article_publisher":"https:\/\/www.facebook.com\/crkdr.paysdelaloire\/","article_modified_time":"2021-09-01T20:17:07+00:00","og_image":[{"url":"https:\/\/crkdrpaysdelaloire.files.wordpress.com\/2021\/05\/montage-photo-rose-et-gris-de-renouvellement-de-voeux-1.jpg?w=1024","type":"","width":"","height":""}],"twitter_card":"summary_large_image","schema":{"@context":"https:\/\/schema.org","@graph":[{"@type":"WebPage","@id":"https:\/\/crkdrpaysdelaloire.fr\/","url":"https:\/\/crkdrpaysdelaloire.fr\/","name":"Bienvenue en Pays de la Loire -","isPartOf":{"@id":"https:\/\/crkdrpaysdelaloire.fr\/#website"},"primaryImageOfPage":{"@id":"https:\/\/crkdrpaysdelaloire.fr\/#primaryimage"},"image":{"@id":"https:\/\/crkdrpaysdelaloire.fr\/#primaryimage"},"thumbnailUrl":"https:\/\/crkdrpaysdelaloire.files.wordpress.com\/2021\/05\/montage-photo-rose-et-gris-de-renouvellement-de-voeux-1.jpg?w=1024","datePublished":"2021-02-09T17:16:44+00:00","dateModified":"2021-09-01T20:17:07+00:00","breadcrumb":{"@id":"https:\/\/crkdrpaysdelaloire.fr\/#breadcrumb"},"inLanguage":"fr-FR","potentialAction":[{"@type":"ReadAction","target":["https:\/\/crkdrpaysdelaloire.fr\/"]}]},{"@type":"ImageObject","inLanguage":"fr-FR","@id":"https:\/\/crkdrpaysdelaloire.fr\/#primaryimage","url":"https:\/\/crkdrpaysdelaloire.files.wordpress.com\/2021\/05\/montage-photo-rose-et-gris-de-renouvellement-de-voeux-1.jpg?w=1024","contentUrl":"https:\/\/crkdrpaysdelaloire.files.wordpress.com\/2021\/05\/montage-photo-rose-et-gris-de-renouvellement-de-voeux-1.jpg?w=1024"},{"@type":"BreadcrumbList","@id":"https:\/\/crkdrpaysdelaloire.fr\/#breadcrumb","itemListElement":[{"@type":"ListItem","position":1,"name":"Accueil","item":"https:\/\/crkdrpaysdelaloire.fr\/"},{"@type":"ListItem","position":2,"name":"Bienvenue en Pays de la Loire"}]},{"@type":"WebSite","@id":"https:\/\/crkdrpaysdelaloire.fr\/#website","url":"https:\/\/crkdrpaysdelaloire.fr\/","name":"CRK PdL","description":"","publisher":{"@id":"https:\/\/crkdrpaysdelaloire.fr\/#organization"},"potentialAction":[{"@type":"SearchAction","target":{"@type":"EntryPoint","urlTemplate":"https:\/\/crkdrpaysdelaloire.fr\/?s={search_term_string}"},"query-input":{"@type":"PropertyValueSpecification","valueRequired":true,"valueName":"search_term_string"}}],"inLanguage":"fr-FR"},{"@type":"Organization","@id":"https:\/\/crkdrpaysdelaloire.fr\/#organization","name":"Comit\u00e9 R\u00e9gional de Kendo des Pays de la Loire","url":"https:\/\/crkdrpaysdelaloire.fr\/","logo":{"@type":"ImageObject","inLanguage":"fr-FR","@id":"https:\/\/crkdrpaysdelaloire.fr\/#\/schema\/logo\/image\/","url":"http:\/\/crkdrpaysdelaloire.fr\/wp-content\/uploads\/2021\/09\/2021-08-25-cnkdrpdl-logo-declinaison-CMJN_LOGO-CMJN-WEB.png","contentUrl":"http:\/\/crkdrpaysdelaloire.fr\/wp-content\/uploads\/2021\/09\/2021-08-25-cnkdrpdl-logo-declinaison-CMJN_LOGO-CMJN-WEB.png","width":180,"height":180,"caption":"Comit\u00e9 R\u00e9gional de Kendo des Pays de la Loire"},"image":{"@id":"https:\/\/crkdrpaysdelaloire.fr\/#\/schema\/logo\/image\/"},"sameAs":["https:\/\/www.facebook.com\/crkdr.paysdelaloire\/"]}]}},"jetpack_sharing_enabled":false,"_links":{"self":[{"href":"https:\/\/crkdrpaysdelaloire.fr\/index.php\/wp-json\/wp\/v2\/pages\/9","targetHints":{"allow":["GET"]}}],"collection":[{"href":"https:\/\/crkdrpaysdelaloire.fr\/index.php\/wp-json\/wp\/v2\/pages"}],"about":[{"href":"https:\/\/crkdrpaysdelaloire.fr\/index.php\/wp-json\/wp\/v2\/types\/page"}],"author":[{"embeddable":true,"href":"https:\/\/crkdrpaysdelaloire.fr\/index.php\/wp-json\/wp\/v2\/users\/3"}],"replies":[{"embeddable":true,"href":"https:\/\/crkdrpaysdelaloire.fr\/index.php\/wp-json\/wp\/v2\/comments?post=9"}],"version-history":[{"count":7,"href":"https:\/\/crkdrpaysdelaloire.fr\/index.php\/wp-json\/wp\/v2\/pages\/9\/revisions"}],"predecessor-version":[{"id":1248,"href":"https:\/\/crkdrpaysdelaloire.fr\/index.php\/wp-json\/wp\/v2\/pages\/9\/revisions\/1248"}],"wp:attachment":[{"href":"https:\/\/crkdrpaysdelaloire.fr\/index.php\/wp-json\/wp\/v2\/media?parent=9"}],"curies":[{"name":"wp","href":"https:\/\/api.w.org\/{rel}","templated":true}]}}