{"id":657,"date":"2021-05-07T16:56:05","date_gmt":"2021-05-07T14:56:05","guid":{"rendered":"https:\/\/crkdrpaysdelaloire.wordpress.com\/?page_id=657"},"modified":"2022-12-15T23:06:45","modified_gmt":"2022-12-15T22:06:45","slug":"news","status":"publish","type":"page","link":"https:\/\/crkdrpaysdelaloire.fr\/index.php\/news\/","title":{"rendered":"Articles"},"content":{"rendered":"\n<p class=\"has-text-align-center\">Retrouvez ici tous les articles publi\u00e9s par la CRK des Pays de la Loire<\/p>\n\n\n<ul class=\"wp-block-latest-posts__list has-dates wp-block-latest-posts\"><li><a class=\"wp-block-latest-posts__post-title\" href=\"https:\/\/crkdrpaysdelaloire.fr\/index.php\/2022\/11\/20\/kendo-les-resultats-de-lopen-des-pays-de-la-loire\/\">\/\/ Kendo &#8211; Les r\u00e9sultats de l&rsquo;Open des Pays de La Loire<\/a><time datetime=\"2022-11-20T22:13:51+01:00\" class=\"wp-block-latest-posts__post-date\">20 novembre 2022<\/time><div class=\"wp-block-latest-posts__post-excerpt\">Le 13 novembre s&rsquo;est d\u00e9roul\u00e9 l&rsquo;Open Kendo des Pays de la Loire \u00e0 Fontenay le Comte. Celui-ci a permis \u00e0 l&rsquo;ensemble des clubs de la r\u00e9gion et de clubs de r\u00e9gions limitrophes d&rsquo;aligner des combattants de tous niveaux et tous ages. Ainsi tous les pratiquants ont pu trouver leur compte gr\u00e2ce \u00e0 ce format. Bravo<a class=\"more-link\" href=\"https:\/\/crkdrpaysdelaloire.fr\/index.php\/2022\/11\/20\/kendo-les-resultats-de-lopen-des-pays-de-la-loire\/\">Lire la suite <span class=\"screen-reader-text\">\u00ab\u00a0\/\/ Kendo &#8211; Les r\u00e9sultats de l&rsquo;Open des Pays de La Loire\u00a0\u00bb<\/span><\/a><\/div><\/li>\n<li><a class=\"wp-block-latest-posts__post-title\" href=\"https:\/\/crkdrpaysdelaloire.fr\/index.php\/2022\/11\/11\/open-de-iaido-des-pays-de-la-loire-passage-de-grade-du-1er-au-3e-dan-11-12-2022-a-angers\/\">Open de Iaido des Pays de la Loire \/ Passage de grade du 1er au 3e dan &#8211; 11-12-2022 \u00e0 Angers<\/a><time datetime=\"2022-11-11T00:42:06+01:00\" class=\"wp-block-latest-posts__post-date\">11 novembre 2022<\/time><div class=\"wp-block-latest-posts__post-excerpt\">Les inscriptions c&rsquo;est part ici : https:\/\/forms.gle\/ox2r1rCWZnMVp4YR6<\/div><\/li>\n<li><a class=\"wp-block-latest-posts__post-title\" href=\"https:\/\/crkdrpaysdelaloire.fr\/index.php\/2022\/11\/10\/open-regional-pdl-kendo-2022\/\">Open R\u00e9gional PdL Kendo 2022<\/a><time datetime=\"2022-11-10T19:00:00+01:00\" class=\"wp-block-latest-posts__post-date\">10 novembre 2022<\/time><div class=\"wp-block-latest-posts__post-excerpt\"><\/div><\/li>\n<li><a class=\"wp-block-latest-posts__post-title\" href=\"https:\/\/crkdrpaysdelaloire.fr\/index.php\/2022\/10\/19\/kendo-et-iaido-les-traditionnels-stages-de-rentree\/\">Kendo et Iaido \/\/ Les traditionnels stages de rentr\u00e9e<\/a><time datetime=\"2022-10-19T19:42:27+02:00\" class=\"wp-block-latest-posts__post-date\">19 octobre 2022<\/time><div class=\"wp-block-latest-posts__post-excerpt\">Le mois d&rsquo;octobre fut ponctu\u00e9 des traditionnels stages de rentr\u00e9e. \/\/ Le 2 Octobre \u00e0 la Haye Fouassi\u00e8re, le dojo ESVN nous a re\u00e7us pour le stage de Kendo.Le stage rassemblant 45 kenshis a \u00e9t\u00e9 anim\u00e9 par les DTR Sylvio Montessinos et DTR adjoint Christiane David et hauts grad\u00e9s pr\u00e9sents. \/\/ Le 16 Octobre \u00e0<a class=\"more-link\" href=\"https:\/\/crkdrpaysdelaloire.fr\/index.php\/2022\/10\/19\/kendo-et-iaido-les-traditionnels-stages-de-rentree\/\">Lire la suite <span class=\"screen-reader-text\">\u00ab\u00a0Kendo et Iaido \/\/ Les traditionnels stages de rentr\u00e9e\u00a0\u00bb<\/span><\/a><\/div><\/li>\n<li><a class=\"wp-block-latest-posts__post-title\" href=\"https:\/\/crkdrpaysdelaloire.fr\/index.php\/2022\/01\/20\/iaido-stage-open-des-pays-de-la-loire-2\/\">IAIDO \/\/ Stage + open des Pays de la Loire<\/a><time datetime=\"2022-01-20T22:25:39+01:00\" class=\"wp-block-latest-posts__post-date\">20 janvier 2022<\/time><div class=\"wp-block-latest-posts__post-excerpt\">Nous avons le regret de vous informer que l&rsquo;Open et stage Ia\u00efdo des Pays de la Loire 2020\/2021 a \u00e9t\u00e9 annul\u00e9 en raison de la crise sanitaire et de l&rsquo;impact Omicron en particulier et le manque d\u2019inscription \u00e0 l\u2019\u00e9v\u00e9nement En attendant de vous revoir, prenez soin de vous et de vos proches !<\/div><\/li>\n<li><a class=\"wp-block-latest-posts__post-title\" href=\"https:\/\/crkdrpaysdelaloire.fr\/index.php\/2021\/11\/12\/iaido-stage-open-des-pays-de-la-loire\/\">IAIDO \/\/ Stage + open des Pays de la Loire<\/a><time datetime=\"2021-11-12T18:43:43+01:00\" class=\"wp-block-latest-posts__post-date\">12 novembre 2021<\/time><div class=\"wp-block-latest-posts__post-excerpt\">OUVERTS AUX PRATIQUANTS DE TOUTES LES REGIONS&nbsp; ORGANISATION : CRKDR DES PAYS DE LA LOIRE&nbsp; EVENEMENT GRATUIT&nbsp; PASS SANITAIRE OBLIGATOIRE&nbsp; report\u00e9 en 2022 Dojo de l\u2019ESVN&nbsp;Complexe sportif du Moulin des Landes &#8211; Route de la Juiverie 44690 La Haye-Fouassi\u00e8re ENCADREMENT :&nbsp;&nbsp; BOUSIQUE Jean-Claude 6\u00e8me Dan Renshi&nbsp; SAMPIERI Rodolphe 5\u00e8me Dan&nbsp; CHASTRUSSE Galaad 4\u00e8me Dan&nbsp;BONNET Arnaud<a class=\"more-link\" href=\"https:\/\/crkdrpaysdelaloire.fr\/index.php\/2021\/11\/12\/iaido-stage-open-des-pays-de-la-loire\/\">Lire la suite <span class=\"screen-reader-text\">\u00ab\u00a0IAIDO \/\/ Stage + open des Pays de la Loire\u00a0\u00bb<\/span><\/a><\/div><\/li>\n<li><a class=\"wp-block-latest-posts__post-title\" href=\"https:\/\/crkdrpaysdelaloire.fr\/index.php\/2021\/10\/25\/iaido-retour-sur\/\">IAIDO \/\/ Retour sur&#8230;<\/a><time datetime=\"2021-10-25T18:26:11+02:00\" class=\"wp-block-latest-posts__post-date\">25 octobre 2021<\/time><div class=\"wp-block-latest-posts__post-excerpt\">Dimanche 24 octobre, la CRK des Pays de la Loire organisait un stage de reprise sur Angers (49). Encadr\u00e9 par Galaad Chastrusse, l&rsquo;un des trois DTR iaido de la r\u00e9gion, ce stage a permis aux participants de reprendre les bases du Seite iai. Dans une ambiance studieuse, les stagiaires ont pu avoir un focus pr\u00e9cis<a class=\"more-link\" href=\"https:\/\/crkdrpaysdelaloire.fr\/index.php\/2021\/10\/25\/iaido-retour-sur\/\">Lire la suite <span class=\"screen-reader-text\">\u00ab\u00a0IAIDO \/\/ Retour sur&#8230;\u00a0\u00bb<\/span><\/a><\/div><\/li>\n<li><a class=\"wp-block-latest-posts__post-title\" href=\"https:\/\/crkdrpaysdelaloire.fr\/index.php\/2021\/10\/19\/kendo-retour-sur\/\">KENDO \/\/ Retour sur&#8230;<\/a><time datetime=\"2021-10-19T21:49:36+02:00\" class=\"wp-block-latest-posts__post-date\">19 octobre 2021<\/time><div class=\"wp-block-latest-posts__post-excerpt\">Dimanche 17 octobre 2021 s&rsquo;est tenu le traditionnel stage de rentr\u00e9e organis\u00e9 par la CRK des Pays de la Loire et c&rsquo;est en Vend\u00e9e, plus pr\u00e9cis\u00e9ment \u00e0 Fontenay le Comte, qu&rsquo;il \u00e9tait accueillit. Apr\u00e8s plusieurs mois sans pratique ni \u00e9v\u00e9nements, ce stage \u00e9tait attendu avec impatience par la plupart des kenshis pr\u00e9sents. Encadr\u00e9s par Sylvio<a class=\"more-link\" href=\"https:\/\/crkdrpaysdelaloire.fr\/index.php\/2021\/10\/19\/kendo-retour-sur\/\">Lire la suite <span class=\"screen-reader-text\">\u00ab\u00a0KENDO \/\/ Retour sur&#8230;\u00a0\u00bb<\/span><\/a><\/div><\/li>\n<li><a class=\"wp-block-latest-posts__post-title\" href=\"https:\/\/crkdrpaysdelaloire.fr\/index.php\/2021\/10\/08\/iaido-stage-de-rentree-24-octobre-a-angers-49\/\">IAIDO \/\/ Stage de rentr\u00e9e &#8211; 24 octobre \u00e0 Angers (49)<\/a><time datetime=\"2021-10-08T09:41:24+02:00\" class=\"wp-block-latest-posts__post-date\">8 octobre 2021<\/time><div class=\"wp-block-latest-posts__post-excerpt\">SEITEI &#8211; IAI (ZNKR) &#8211; Stage gratuit Encadrement&nbsp;: D\u00e9l\u00e9gu\u00e9s Techniques R\u00e9gionaux et Hauts Grad\u00e9s Dimanche 24 OCTOBRE 2021 de 10H \u00e0 16H30 Lieu : Salle Henri Bergson &#8211; 49 rue de la Barre &#8211; Angers OUVERT A TOUS LES ENSEIGNANTS ET PRATIQUANTS DES DISCPLINES DU CNKDR Se munir d\u2019un bokken ou\/et d\u2019un iaito et de<a class=\"more-link\" href=\"https:\/\/crkdrpaysdelaloire.fr\/index.php\/2021\/10\/08\/iaido-stage-de-rentree-24-octobre-a-angers-49\/\">Lire la suite <span class=\"screen-reader-text\">\u00ab\u00a0IAIDO \/\/ Stage de rentr\u00e9e &#8211; 24 octobre \u00e0 Angers (49)\u00a0\u00bb<\/span><\/a><\/div><\/li>\n<li><a class=\"wp-block-latest-posts__post-title\" href=\"https:\/\/crkdrpaysdelaloire.fr\/index.php\/2021\/10\/01\/kendo-open-des-pays-de-la-loire\/\">KENDO \/\/ Open des Pays de la Loire &#8211; 11 novembre 2021<\/a><time datetime=\"2021-10-01T16:58:55+02:00\" class=\"wp-block-latest-posts__post-date\">1 octobre 2021<\/time><div class=\"wp-block-latest-posts__post-excerpt\">OPEN REGIONAL KENDO DES PAYS DE LA LOIRE &amp; PASSAGE DE GRADES DE 1er \u00e0 3\u00e8me dan Lieu : Fontenay le Comte \u2013 Salle Chamiraud \u2013 14, Rue Armand Bujard Respect des r\u00e8gles sanitaires applicables \u2013 pass sanitaire obligatoire OPEN DES PAYS DE LA LOIRE par Equipes de quatre Possibilit\u00e9 de m\u00e9langer les clubs pour<a class=\"more-link\" href=\"https:\/\/crkdrpaysdelaloire.fr\/index.php\/2021\/10\/01\/kendo-open-des-pays-de-la-loire\/\">Lire la suite <span class=\"screen-reader-text\">\u00ab\u00a0KENDO \/\/ Open des Pays de la Loire &#8211; 11 novembre 2021\u00a0\u00bb<\/span><\/a><\/div><\/li>\n<\/ul>\n\n\n<p><\/p>\n\n\n","protected":false},"excerpt":{"rendered":"<p>Retrouvez ici tous les articles publi\u00e9s par la CRK des Pays de la Loire<\/p>\n","protected":false},"author":2,"featured_media":0,"parent":0,"menu_order":0,"comment_status":"closed","ping_status":"closed","template":"","meta":{"footnotes":""},"class_list":["post-657","page","type-page","status-publish","hentry","entry"],"yoast_head":"<!-- This site is optimized with the Yoast SEO plugin v27.4 - https:\/\/yoast.com\/product\/yoast-seo-wordpress\/ -->\n<title>Articles -<\/title>\n<meta name=\"robots\" content=\"index, follow, max-snippet:-1, max-image-preview:large, max-video-preview:-1\" \/>\n<link rel=\"canonical\" href=\"https:\/\/crkdrpaysdelaloire.fr\/index.php\/news\/\" \/>\n<meta property=\"og:locale\" content=\"fr_FR\" \/>\n<meta property=\"og:type\" content=\"article\" \/>\n<meta property=\"og:title\" content=\"Articles -\" \/>\n<meta property=\"og:description\" content=\"Retrouvez ici tous les articles publi\u00e9s par la CRK des Pays de la Loire\" \/>\n<meta property=\"og:url\" content=\"https:\/\/crkdrpaysdelaloire.fr\/index.php\/news\/\" \/>\n<meta property=\"article:publisher\" content=\"https:\/\/www.facebook.com\/crkdr.paysdelaloire\/\" \/>\n<meta property=\"article:modified_time\" content=\"2022-12-15T22:06:45+00:00\" \/>\n<meta name=\"twitter:card\" content=\"summary_large_image\" \/>\n<meta name=\"twitter:label1\" content=\"Dur\u00e9e de lecture estim\u00e9e\" \/>\n\t<meta name=\"twitter:data1\" content=\"1 minute\" \/>\n<script type=\"application\/ld+json\" class=\"yoast-schema-graph\">{\"@context\":\"https:\\\/\\\/schema.org\",\"@graph\":[{\"@type\":\"WebPage\",\"@id\":\"https:\\\/\\\/crkdrpaysdelaloire.fr\\\/index.php\\\/news\\\/\",\"url\":\"https:\\\/\\\/crkdrpaysdelaloire.fr\\\/index.php\\\/news\\\/\",\"name\":\"Articles -\",\"isPartOf\":{\"@id\":\"https:\\\/\\\/crkdrpaysdelaloire.fr\\\/#website\"},\"datePublished\":\"2021-05-07T14:56:05+00:00\",\"dateModified\":\"2022-12-15T22:06:45+00:00\",\"breadcrumb\":{\"@id\":\"https:\\\/\\\/crkdrpaysdelaloire.fr\\\/index.php\\\/news\\\/#breadcrumb\"},\"inLanguage\":\"fr-FR\",\"potentialAction\":[{\"@type\":\"ReadAction\",\"target\":[\"https:\\\/\\\/crkdrpaysdelaloire.fr\\\/index.php\\\/news\\\/\"]}]},{\"@type\":\"BreadcrumbList\",\"@id\":\"https:\\\/\\\/crkdrpaysdelaloire.fr\\\/index.php\\\/news\\\/#breadcrumb\",\"itemListElement\":[{\"@type\":\"ListItem\",\"position\":1,\"name\":\"Accueil\",\"item\":\"https:\\\/\\\/crkdrpaysdelaloire.fr\\\/\"},{\"@type\":\"ListItem\",\"position\":2,\"name\":\"Articles\"}]},{\"@type\":\"WebSite\",\"@id\":\"https:\\\/\\\/crkdrpaysdelaloire.fr\\\/#website\",\"url\":\"https:\\\/\\\/crkdrpaysdelaloire.fr\\\/\",\"name\":\"CRK PdL\",\"description\":\"\",\"publisher\":{\"@id\":\"https:\\\/\\\/crkdrpaysdelaloire.fr\\\/#organization\"},\"potentialAction\":[{\"@type\":\"SearchAction\",\"target\":{\"@type\":\"EntryPoint\",\"urlTemplate\":\"https:\\\/\\\/crkdrpaysdelaloire.fr\\\/?s={search_term_string}\"},\"query-input\":{\"@type\":\"PropertyValueSpecification\",\"valueRequired\":true,\"valueName\":\"search_term_string\"}}],\"inLanguage\":\"fr-FR\"},{\"@type\":\"Organization\",\"@id\":\"https:\\\/\\\/crkdrpaysdelaloire.fr\\\/#organization\",\"name\":\"Comit\u00e9 R\u00e9gional de Kendo des Pays de la Loire\",\"url\":\"https:\\\/\\\/crkdrpaysdelaloire.fr\\\/\",\"logo\":{\"@type\":\"ImageObject\",\"inLanguage\":\"fr-FR\",\"@id\":\"https:\\\/\\\/crkdrpaysdelaloire.fr\\\/#\\\/schema\\\/logo\\\/image\\\/\",\"url\":\"http:\\\/\\\/crkdrpaysdelaloire.fr\\\/wp-content\\\/uploads\\\/2021\\\/09\\\/2021-08-25-cnkdrpdl-logo-declinaison-CMJN_LOGO-CMJN-WEB.png\",\"contentUrl\":\"http:\\\/\\\/crkdrpaysdelaloire.fr\\\/wp-content\\\/uploads\\\/2021\\\/09\\\/2021-08-25-cnkdrpdl-logo-declinaison-CMJN_LOGO-CMJN-WEB.png\",\"width\":180,\"height\":180,\"caption\":\"Comit\u00e9 R\u00e9gional de Kendo des Pays de la Loire\"},\"image\":{\"@id\":\"https:\\\/\\\/crkdrpaysdelaloire.fr\\\/#\\\/schema\\\/logo\\\/image\\\/\"},\"sameAs\":[\"https:\\\/\\\/www.facebook.com\\\/crkdr.paysdelaloire\\\/\"]}]}<\/script>\n<!-- \/ Yoast SEO plugin. -->","yoast_head_json":{"title":"Articles -","robots":{"index":"index","follow":"follow","max-snippet":"max-snippet:-1","max-image-preview":"max-image-preview:large","max-video-preview":"max-video-preview:-1"},"canonical":"https:\/\/crkdrpaysdelaloire.fr\/index.php\/news\/","og_locale":"fr_FR","og_type":"article","og_title":"Articles -","og_description":"Retrouvez ici tous les articles publi\u00e9s par la CRK des Pays de la Loire","og_url":"https:\/\/crkdrpaysdelaloire.fr\/index.php\/news\/","article_publisher":"https:\/\/www.facebook.com\/crkdr.paysdelaloire\/","article_modified_time":"2022-12-15T22:06:45+00:00","twitter_card":"summary_large_image","twitter_misc":{"Dur\u00e9e de lecture estim\u00e9e":"1 minute"},"schema":{"@context":"https:\/\/schema.org","@graph":[{"@type":"WebPage","@id":"https:\/\/crkdrpaysdelaloire.fr\/index.php\/news\/","url":"https:\/\/crkdrpaysdelaloire.fr\/index.php\/news\/","name":"Articles -","isPartOf":{"@id":"https:\/\/crkdrpaysdelaloire.fr\/#website"},"datePublished":"2021-05-07T14:56:05+00:00","dateModified":"2022-12-15T22:06:45+00:00","breadcrumb":{"@id":"https:\/\/crkdrpaysdelaloire.fr\/index.php\/news\/#breadcrumb"},"inLanguage":"fr-FR","potentialAction":[{"@type":"ReadAction","target":["https:\/\/crkdrpaysdelaloire.fr\/index.php\/news\/"]}]},{"@type":"BreadcrumbList","@id":"https:\/\/crkdrpaysdelaloire.fr\/index.php\/news\/#breadcrumb","itemListElement":[{"@type":"ListItem","position":1,"name":"Accueil","item":"https:\/\/crkdrpaysdelaloire.fr\/"},{"@type":"ListItem","position":2,"name":"Articles"}]},{"@type":"WebSite","@id":"https:\/\/crkdrpaysdelaloire.fr\/#website","url":"https:\/\/crkdrpaysdelaloire.fr\/","name":"CRK PdL","description":"","publisher":{"@id":"https:\/\/crkdrpaysdelaloire.fr\/#organization"},"potentialAction":[{"@type":"SearchAction","target":{"@type":"EntryPoint","urlTemplate":"https:\/\/crkdrpaysdelaloire.fr\/?s={search_term_string}"},"query-input":{"@type":"PropertyValueSpecification","valueRequired":true,"valueName":"search_term_string"}}],"inLanguage":"fr-FR"},{"@type":"Organization","@id":"https:\/\/crkdrpaysdelaloire.fr\/#organization","name":"Comit\u00e9 R\u00e9gional de Kendo des Pays de la Loire","url":"https:\/\/crkdrpaysdelaloire.fr\/","logo":{"@type":"ImageObject","inLanguage":"fr-FR","@id":"https:\/\/crkdrpaysdelaloire.fr\/#\/schema\/logo\/image\/","url":"http:\/\/crkdrpaysdelaloire.fr\/wp-content\/uploads\/2021\/09\/2021-08-25-cnkdrpdl-logo-declinaison-CMJN_LOGO-CMJN-WEB.png","contentUrl":"http:\/\/crkdrpaysdelaloire.fr\/wp-content\/uploads\/2021\/09\/2021-08-25-cnkdrpdl-logo-declinaison-CMJN_LOGO-CMJN-WEB.png","width":180,"height":180,"caption":"Comit\u00e9 R\u00e9gional de Kendo des Pays de la Loire"},"image":{"@id":"https:\/\/crkdrpaysdelaloire.fr\/#\/schema\/logo\/image\/"},"sameAs":["https:\/\/www.facebook.com\/crkdr.paysdelaloire\/"]}]}},"jetpack_sharing_enabled":true,"_links":{"self":[{"href":"https:\/\/crkdrpaysdelaloire.fr\/index.php\/wp-json\/wp\/v2\/pages\/657","targetHints":{"allow":["GET"]}}],"collection":[{"href":"https:\/\/crkdrpaysdelaloire.fr\/index.php\/wp-json\/wp\/v2\/pages"}],"about":[{"href":"https:\/\/crkdrpaysdelaloire.fr\/index.php\/wp-json\/wp\/v2\/types\/page"}],"author":[{"embeddable":true,"href":"https:\/\/crkdrpaysdelaloire.fr\/index.php\/wp-json\/wp\/v2\/users\/2"}],"replies":[{"embeddable":true,"href":"https:\/\/crkdrpaysdelaloire.fr\/index.php\/wp-json\/wp\/v2\/comments?post=657"}],"version-history":[{"count":4,"href":"https:\/\/crkdrpaysdelaloire.fr\/index.php\/wp-json\/wp\/v2\/pages\/657\/revisions"}],"predecessor-version":[{"id":1858,"href":"https:\/\/crkdrpaysdelaloire.fr\/index.php\/wp-json\/wp\/v2\/pages\/657\/revisions\/1858"}],"wp:attachment":[{"href":"https:\/\/crkdrpaysdelaloire.fr\/index.php\/wp-json\/wp\/v2\/media?parent=657"}],"curies":[{"name":"wp","href":"https:\/\/api.w.org\/{rel}","templated":true}]}}