{"id":3388,"date":"2024-09-05T21:47:14","date_gmt":"2024-09-05T19:47:14","guid":{"rendered":"http:\/\/crkdrpaysdelaloire.fr\/?page_id=3388"},"modified":"2026-03-07T12:59:16","modified_gmt":"2026-03-07T11:59:16","slug":"vente-de-passeports-sportifs","status":"publish","type":"page","link":"https:\/\/crkdrpaysdelaloire.fr\/index.php\/vente-de-passeports-sportifs\/","title":{"rendered":"Vente de passeports sportifs"},"content":{"rendered":"\n<p>Attention, la vente de passeport sportifs est r\u00e9serv\u00e9e aux <strong><mark style=\"background-color:#1279BE\" class=\"has-inline-color\">seuls dirigeants <\/mark><\/strong>des Dojos des Pays de la Loire. Un licenci\u00e9 doit acheter son passeport aupr\u00e8s de son Dojo.<\/p>\n\n\n\n<p><a href=\"https:\/\/www.helloasso.com\/associations\/commission-regionale-de-kendo-et-disciplines-rattachees-des-pays-de-la-loire\/evenements\/passeports-sportifs\">Lien Helloasso<\/a><\/p>\n\n\n\n<p><\/p>\n\n\n\n<p><\/p>\n","protected":false},"excerpt":{"rendered":"<p>Attention, la vente de passeport sportifs est r\u00e9serv\u00e9e aux seuls dirigeants des Dojos des Pays de la Loire. Un licenci\u00e9 doit acheter son passeport aupr\u00e8s de son Dojo. Lien Helloasso<\/p>\n","protected":false},"author":1,"featured_media":0,"parent":0,"menu_order":0,"comment_status":"closed","ping_status":"closed","template":"","meta":{"footnotes":""},"class_list":["post-3388","page","type-page","status-publish","hentry","entry"],"yoast_head":"<!-- This site is optimized with the Yoast SEO plugin v27.4 - https:\/\/yoast.com\/product\/yoast-seo-wordpress\/ -->\n<title>Vente de passeports sportifs -<\/title>\n<meta name=\"robots\" content=\"index, follow, max-snippet:-1, max-image-preview:large, max-video-preview:-1\" \/>\n<link rel=\"canonical\" href=\"https:\/\/crkdrpaysdelaloire.fr\/index.php\/vente-de-passeports-sportifs\/\" \/>\n<meta property=\"og:locale\" content=\"fr_FR\" \/>\n<meta property=\"og:type\" content=\"article\" \/>\n<meta property=\"og:title\" content=\"Vente de passeports sportifs -\" \/>\n<meta property=\"og:description\" content=\"Attention, la vente de passeport sportifs est r\u00e9serv\u00e9e aux seuls dirigeants des Dojos des Pays de la Loire. Un licenci\u00e9 doit acheter son passeport aupr\u00e8s de son Dojo. Lien Helloasso\" \/>\n<meta property=\"og:url\" content=\"https:\/\/crkdrpaysdelaloire.fr\/index.php\/vente-de-passeports-sportifs\/\" \/>\n<meta property=\"article:publisher\" content=\"https:\/\/www.facebook.com\/crkdr.paysdelaloire\/\" \/>\n<meta property=\"article:modified_time\" content=\"2026-03-07T11:59:16+00:00\" \/>\n<meta name=\"twitter:card\" content=\"summary_large_image\" \/>\n<meta name=\"twitter:label1\" content=\"Dur\u00e9e de lecture estim\u00e9e\" \/>\n\t<meta name=\"twitter:data1\" content=\"1 minute\" \/>\n<script type=\"application\/ld+json\" class=\"yoast-schema-graph\">{\"@context\":\"https:\\\/\\\/schema.org\",\"@graph\":[{\"@type\":\"WebPage\",\"@id\":\"https:\\\/\\\/crkdrpaysdelaloire.fr\\\/index.php\\\/vente-de-passeports-sportifs\\\/\",\"url\":\"https:\\\/\\\/crkdrpaysdelaloire.fr\\\/index.php\\\/vente-de-passeports-sportifs\\\/\",\"name\":\"Vente de passeports sportifs -\",\"isPartOf\":{\"@id\":\"https:\\\/\\\/crkdrpaysdelaloire.fr\\\/#website\"},\"datePublished\":\"2024-09-05T19:47:14+00:00\",\"dateModified\":\"2026-03-07T11:59:16+00:00\",\"breadcrumb\":{\"@id\":\"https:\\\/\\\/crkdrpaysdelaloire.fr\\\/index.php\\\/vente-de-passeports-sportifs\\\/#breadcrumb\"},\"inLanguage\":\"fr-FR\",\"potentialAction\":[{\"@type\":\"ReadAction\",\"target\":[\"https:\\\/\\\/crkdrpaysdelaloire.fr\\\/index.php\\\/vente-de-passeports-sportifs\\\/\"]}]},{\"@type\":\"BreadcrumbList\",\"@id\":\"https:\\\/\\\/crkdrpaysdelaloire.fr\\\/index.php\\\/vente-de-passeports-sportifs\\\/#breadcrumb\",\"itemListElement\":[{\"@type\":\"ListItem\",\"position\":1,\"name\":\"Accueil\",\"item\":\"https:\\\/\\\/crkdrpaysdelaloire.fr\\\/\"},{\"@type\":\"ListItem\",\"position\":2,\"name\":\"Vente de passeports sportifs\"}]},{\"@type\":\"WebSite\",\"@id\":\"https:\\\/\\\/crkdrpaysdelaloire.fr\\\/#website\",\"url\":\"https:\\\/\\\/crkdrpaysdelaloire.fr\\\/\",\"name\":\"CRK PdL\",\"description\":\"\",\"publisher\":{\"@id\":\"https:\\\/\\\/crkdrpaysdelaloire.fr\\\/#organization\"},\"potentialAction\":[{\"@type\":\"SearchAction\",\"target\":{\"@type\":\"EntryPoint\",\"urlTemplate\":\"https:\\\/\\\/crkdrpaysdelaloire.fr\\\/?s={search_term_string}\"},\"query-input\":{\"@type\":\"PropertyValueSpecification\",\"valueRequired\":true,\"valueName\":\"search_term_string\"}}],\"inLanguage\":\"fr-FR\"},{\"@type\":\"Organization\",\"@id\":\"https:\\\/\\\/crkdrpaysdelaloire.fr\\\/#organization\",\"name\":\"Comit\u00e9 R\u00e9gional de Kendo des Pays de la Loire\",\"url\":\"https:\\\/\\\/crkdrpaysdelaloire.fr\\\/\",\"logo\":{\"@type\":\"ImageObject\",\"inLanguage\":\"fr-FR\",\"@id\":\"https:\\\/\\\/crkdrpaysdelaloire.fr\\\/#\\\/schema\\\/logo\\\/image\\\/\",\"url\":\"http:\\\/\\\/crkdrpaysdelaloire.fr\\\/wp-content\\\/uploads\\\/2021\\\/09\\\/2021-08-25-cnkdrpdl-logo-declinaison-CMJN_LOGO-CMJN-WEB.png\",\"contentUrl\":\"http:\\\/\\\/crkdrpaysdelaloire.fr\\\/wp-content\\\/uploads\\\/2021\\\/09\\\/2021-08-25-cnkdrpdl-logo-declinaison-CMJN_LOGO-CMJN-WEB.png\",\"width\":180,\"height\":180,\"caption\":\"Comit\u00e9 R\u00e9gional de Kendo des Pays de la Loire\"},\"image\":{\"@id\":\"https:\\\/\\\/crkdrpaysdelaloire.fr\\\/#\\\/schema\\\/logo\\\/image\\\/\"},\"sameAs\":[\"https:\\\/\\\/www.facebook.com\\\/crkdr.paysdelaloire\\\/\"]}]}<\/script>\n<!-- \/ Yoast SEO plugin. -->","yoast_head_json":{"title":"Vente de passeports sportifs -","robots":{"index":"index","follow":"follow","max-snippet":"max-snippet:-1","max-image-preview":"max-image-preview:large","max-video-preview":"max-video-preview:-1"},"canonical":"https:\/\/crkdrpaysdelaloire.fr\/index.php\/vente-de-passeports-sportifs\/","og_locale":"fr_FR","og_type":"article","og_title":"Vente de passeports sportifs -","og_description":"Attention, la vente de passeport sportifs est r\u00e9serv\u00e9e aux seuls dirigeants des Dojos des Pays de la Loire. Un licenci\u00e9 doit acheter son passeport aupr\u00e8s de son Dojo. Lien Helloasso","og_url":"https:\/\/crkdrpaysdelaloire.fr\/index.php\/vente-de-passeports-sportifs\/","article_publisher":"https:\/\/www.facebook.com\/crkdr.paysdelaloire\/","article_modified_time":"2026-03-07T11:59:16+00:00","twitter_card":"summary_large_image","twitter_misc":{"Dur\u00e9e de lecture estim\u00e9e":"1 minute"},"schema":{"@context":"https:\/\/schema.org","@graph":[{"@type":"WebPage","@id":"https:\/\/crkdrpaysdelaloire.fr\/index.php\/vente-de-passeports-sportifs\/","url":"https:\/\/crkdrpaysdelaloire.fr\/index.php\/vente-de-passeports-sportifs\/","name":"Vente de passeports sportifs -","isPartOf":{"@id":"https:\/\/crkdrpaysdelaloire.fr\/#website"},"datePublished":"2024-09-05T19:47:14+00:00","dateModified":"2026-03-07T11:59:16+00:00","breadcrumb":{"@id":"https:\/\/crkdrpaysdelaloire.fr\/index.php\/vente-de-passeports-sportifs\/#breadcrumb"},"inLanguage":"fr-FR","potentialAction":[{"@type":"ReadAction","target":["https:\/\/crkdrpaysdelaloire.fr\/index.php\/vente-de-passeports-sportifs\/"]}]},{"@type":"BreadcrumbList","@id":"https:\/\/crkdrpaysdelaloire.fr\/index.php\/vente-de-passeports-sportifs\/#breadcrumb","itemListElement":[{"@type":"ListItem","position":1,"name":"Accueil","item":"https:\/\/crkdrpaysdelaloire.fr\/"},{"@type":"ListItem","position":2,"name":"Vente de passeports sportifs"}]},{"@type":"WebSite","@id":"https:\/\/crkdrpaysdelaloire.fr\/#website","url":"https:\/\/crkdrpaysdelaloire.fr\/","name":"CRK PdL","description":"","publisher":{"@id":"https:\/\/crkdrpaysdelaloire.fr\/#organization"},"potentialAction":[{"@type":"SearchAction","target":{"@type":"EntryPoint","urlTemplate":"https:\/\/crkdrpaysdelaloire.fr\/?s={search_term_string}"},"query-input":{"@type":"PropertyValueSpecification","valueRequired":true,"valueName":"search_term_string"}}],"inLanguage":"fr-FR"},{"@type":"Organization","@id":"https:\/\/crkdrpaysdelaloire.fr\/#organization","name":"Comit\u00e9 R\u00e9gional de Kendo des Pays de la Loire","url":"https:\/\/crkdrpaysdelaloire.fr\/","logo":{"@type":"ImageObject","inLanguage":"fr-FR","@id":"https:\/\/crkdrpaysdelaloire.fr\/#\/schema\/logo\/image\/","url":"http:\/\/crkdrpaysdelaloire.fr\/wp-content\/uploads\/2021\/09\/2021-08-25-cnkdrpdl-logo-declinaison-CMJN_LOGO-CMJN-WEB.png","contentUrl":"http:\/\/crkdrpaysdelaloire.fr\/wp-content\/uploads\/2021\/09\/2021-08-25-cnkdrpdl-logo-declinaison-CMJN_LOGO-CMJN-WEB.png","width":180,"height":180,"caption":"Comit\u00e9 R\u00e9gional de Kendo des Pays de la Loire"},"image":{"@id":"https:\/\/crkdrpaysdelaloire.fr\/#\/schema\/logo\/image\/"},"sameAs":["https:\/\/www.facebook.com\/crkdr.paysdelaloire\/"]}]}},"jetpack_sharing_enabled":true,"_links":{"self":[{"href":"https:\/\/crkdrpaysdelaloire.fr\/index.php\/wp-json\/wp\/v2\/pages\/3388","targetHints":{"allow":["GET"]}}],"collection":[{"href":"https:\/\/crkdrpaysdelaloire.fr\/index.php\/wp-json\/wp\/v2\/pages"}],"about":[{"href":"https:\/\/crkdrpaysdelaloire.fr\/index.php\/wp-json\/wp\/v2\/types\/page"}],"author":[{"embeddable":true,"href":"https:\/\/crkdrpaysdelaloire.fr\/index.php\/wp-json\/wp\/v2\/users\/1"}],"replies":[{"embeddable":true,"href":"https:\/\/crkdrpaysdelaloire.fr\/index.php\/wp-json\/wp\/v2\/comments?post=3388"}],"version-history":[{"count":7,"href":"https:\/\/crkdrpaysdelaloire.fr\/index.php\/wp-json\/wp\/v2\/pages\/3388\/revisions"}],"predecessor-version":[{"id":4956,"href":"https:\/\/crkdrpaysdelaloire.fr\/index.php\/wp-json\/wp\/v2\/pages\/3388\/revisions\/4956"}],"wp:attachment":[{"href":"https:\/\/crkdrpaysdelaloire.fr\/index.php\/wp-json\/wp\/v2\/media?parent=3388"}],"curies":[{"name":"wp","href":"https:\/\/api.w.org\/{rel}","templated":true}]}}