{"id":286,"date":"2021-04-29T21:56:33","date_gmt":"2021-04-29T19:56:33","guid":{"rendered":"https:\/\/crkdrpaysdelaloire.wordpress.com\/?page_id=286"},"modified":"2021-04-29T21:56:33","modified_gmt":"2021-04-29T19:56:33","slug":"les-ligeriens-en-equipe-de-france","status":"publish","type":"page","link":"https:\/\/crkdrpaysdelaloire.fr\/index.php\/home\/historique-de-nos-disciplines\/les-ligeriens-en-equipe-de-france\/","title":{"rendered":"Les Lig\u00e9riens en \u00c9quipe de France Kendo"},"content":{"rendered":"\n<p><strong><u>\u00c9QUIPE DE FRANCE JUNIOR&nbsp;:<\/u><\/strong><\/p>\n\n\n\n<ul class=\"wp-block-list\"><li>Sylvain BOUSIQUE deux fois 3<sup>\u00e8me<\/sup> au Championnat d\u2019Europe&nbsp;: de Barcelone ESPAGNE en 1992 et de Turku FINLANDE en 1993<\/li><li>Christian MEUNIER 3<sup>\u00e8me<\/sup> au Championnat d\u2019Europe de Glasgow ECCOSSE en 1995<\/li><li>Emmanuel BRUNET 2<sup>\u00e8me<\/sup> au Championnat d\u2019Europe de Miskole HONGRIE en 1996<\/li><li>S\u00e9bastien CANTIN 5<sup>\u00e8me<\/sup> au Championnat d\u2019Europe de Lourdes FRANCE en 1999<\/li><li>Antoine DUVAUCHELLE 2<sup>\u00e8me<\/sup> au Championnat d\u2019Europe de Bologne ITALIE en 2001<\/li><li>Sylvio MONTESSINOS 5<sup>\u00e8me<\/sup> au Championnat d\u2019Europe de Lisbonne PORTUGAL en 2007<\/li><li>L\u00e9o BOUSIQUE <strong>Champion d\u2019Europe par \u00e9quipe<\/strong> et 5<sup>\u00e8me<\/sup> en individuel \u00e0 Gdynia POLOGNE 2011<\/li><li>Paul DEBRAY DESCHODT Vice Champion d\u2019Europe par \u00e9quipe et 3<sup>\u00e8me<\/sup> en individuel \u00e0&nbsp;Budapest HONGRIE 2017<\/li><\/ul>\n\n\n\n<p>tous licenci\u00e9s au Judo Kendo Club Fontenaisien<\/p>\n\n\n\n<ul class=\"wp-block-list\"><li>Julien MICHAUD JJKH  3<sup>\u00e8me<\/sup> au Championnat d\u2019Europe par \u00e9quipe de Skopje Mac\u00e9doine en 2016<\/li><\/ul>\n\n\n\n<p><\/p>\n\n\n\n<p><strong><span style=\"text-decoration:underline;\">\u00c9QUIPE DE FRANCE SENIOR F\u00c9MININE<u>&nbsp;:<\/u><\/span><\/strong><\/p>\n\n\n\n<ul class=\"wp-block-list\"><li>Christiane DAVID en Equipe de France f\u00e9minine s\u00e9nior de 1984 \u00e0 1999<\/li><li>Nelly DURAND en Equipe de France f\u00e9minine s\u00e9nior de 1992 \u00e0 1999&nbsp;&nbsp;&nbsp;&nbsp;&nbsp;&nbsp;&nbsp;&nbsp;&nbsp;&nbsp;&nbsp;&nbsp;&nbsp;&nbsp;&nbsp;&nbsp;<\/li><li>Zo\u00e9 DUVAUCHELLE en Equipe de France f\u00e9minine s\u00e9nior de 2011 \u00e0 2014<\/li><li>Alice MICHAUD en Equipe de France f\u00e9minine s\u00e9nior de 2011 \u00e0 2014&nbsp;<\/li><li>Laure RUVOEN en Equipe de France f\u00e9minine s\u00e9nior de 2013 \u00e0 2018&nbsp;&nbsp;&nbsp;&nbsp;&nbsp;&nbsp;&nbsp;&nbsp; &nbsp;&nbsp;&nbsp;&nbsp;&nbsp;&nbsp;&nbsp;&nbsp;&nbsp;&nbsp;&nbsp;&nbsp;&nbsp; &nbsp;&nbsp;&nbsp;&nbsp;&nbsp;&nbsp;&nbsp;<\/li><\/ul>\n\n\n\n<p>Plus d\u2019infos sur les palmar\u00e8s de nos f\u00e9minines sur la page sp\u00e9cifique.<\/p>\n\n\n\n<p><span style=\"text-decoration:underline;\">\u00c9QUIPE<strong><u> DE FRANCE SENIOR MASCULINE&nbsp;:<\/u><\/strong><\/span><\/p>\n\n\n\n<p>Sylvio MONTESSINOS en \u00c9quipe de France masculine s\u00e9nior de 2008 \u00e0 2015<\/p>\n\n\n\n<p>&nbsp;<strong>Champion d\u2019Europe par \u00e9quipe<\/strong> <strong>senior \u00e0&nbsp;:<\/strong> <\/p>\n\n\n\n<ul class=\"wp-block-list\"><li>Debrecen HONGRIE en 2010<\/li><li>Berlin Allemagne en 2013<\/li><\/ul>\n\n\n\n<p>Vice-Champion <strong>d\u2019Europe par \u00e9quipe<\/strong> <strong>senior <\/strong>\u00e0&nbsp;Clermont-Ferrand France en 2014<\/p>\n\n\n\n<p><strong>Deux fois 5<sup>\u00e8me<\/sup> au Championnat du monde par \u00e9quipe&nbsp;:<\/strong><\/p>\n\n\n\n<ul class=\"wp-block-list\"><li>Sao Paulo au BRESIL 2009<\/li><li>Novara en ITALIE 2012<\/li><\/ul>\n\n\n\n<p><\/p>\n","protected":false},"excerpt":{"rendered":"<p>\u00c9QUIPE DE FRANCE JUNIOR&nbsp;: Sylvain BOUSIQUE deux fois 3\u00e8me au Championnat d\u2019Europe&nbsp;: de Barcelone ESPAGNE en 1992 et de Turku FINLANDE en 1993 Christian MEUNIER 3\u00e8me au Championnat d\u2019Europe de Glasgow ECCOSSE en 1995 Emmanuel BRUNET 2\u00e8me au Championnat d\u2019Europe de Miskole HONGRIE en 1996 S\u00e9bastien CANTIN 5\u00e8me au Championnat d\u2019Europe de Lourdes FRANCE en<a class=\"more-link\" href=\"https:\/\/crkdrpaysdelaloire.fr\/index.php\/home\/historique-de-nos-disciplines\/les-ligeriens-en-equipe-de-france\/\">Lire la suite <span class=\"screen-reader-text\">\u00ab\u00a0Les Lig\u00e9riens en \u00c9quipe de France Kendo\u00a0\u00bb<\/span><\/a><\/p>\n","protected":false},"author":2,"featured_media":0,"parent":284,"menu_order":3,"comment_status":"closed","ping_status":"closed","template":"","meta":{"footnotes":""},"class_list":["post-286","page","type-page","status-publish","hentry","entry"],"yoast_head":"<!-- This site is optimized with the Yoast SEO plugin v27.4 - https:\/\/yoast.com\/product\/yoast-seo-wordpress\/ -->\n<title>Les Lig\u00e9riens en \u00c9quipe de France Kendo -<\/title>\n<meta name=\"robots\" content=\"index, follow, max-snippet:-1, max-image-preview:large, max-video-preview:-1\" \/>\n<link rel=\"canonical\" href=\"https:\/\/crkdrpaysdelaloire.fr\/index.php\/home\/historique-de-nos-disciplines\/les-ligeriens-en-equipe-de-france\/\" \/>\n<meta property=\"og:locale\" content=\"fr_FR\" \/>\n<meta property=\"og:type\" content=\"article\" \/>\n<meta property=\"og:title\" content=\"Les Lig\u00e9riens en \u00c9quipe de France Kendo -\" \/>\n<meta property=\"og:description\" content=\"\u00c9QUIPE DE FRANCE JUNIOR&nbsp;: Sylvain BOUSIQUE deux fois 3\u00e8me au Championnat d\u2019Europe&nbsp;: de Barcelone ESPAGNE en 1992 et de Turku FINLANDE en 1993 Christian MEUNIER 3\u00e8me au Championnat d\u2019Europe de Glasgow ECCOSSE en 1995 Emmanuel BRUNET 2\u00e8me au Championnat d\u2019Europe de Miskole HONGRIE en 1996 S\u00e9bastien CANTIN 5\u00e8me au Championnat d\u2019Europe de Lourdes FRANCE enLire la suite &quot;Les Lig\u00e9riens en \u00c9quipe de France Kendo&quot;\" \/>\n<meta property=\"og:url\" content=\"https:\/\/crkdrpaysdelaloire.fr\/index.php\/home\/historique-de-nos-disciplines\/les-ligeriens-en-equipe-de-france\/\" \/>\n<meta property=\"article:publisher\" content=\"https:\/\/www.facebook.com\/crkdr.paysdelaloire\/\" \/>\n<meta name=\"twitter:card\" content=\"summary_large_image\" \/>\n<meta name=\"twitter:label1\" content=\"Dur\u00e9e de lecture estim\u00e9e\" \/>\n\t<meta name=\"twitter:data1\" content=\"2 minutes\" \/>\n<script type=\"application\/ld+json\" class=\"yoast-schema-graph\">{\"@context\":\"https:\\\/\\\/schema.org\",\"@graph\":[{\"@type\":\"WebPage\",\"@id\":\"https:\\\/\\\/crkdrpaysdelaloire.fr\\\/index.php\\\/home\\\/historique-de-nos-disciplines\\\/les-ligeriens-en-equipe-de-france\\\/\",\"url\":\"https:\\\/\\\/crkdrpaysdelaloire.fr\\\/index.php\\\/home\\\/historique-de-nos-disciplines\\\/les-ligeriens-en-equipe-de-france\\\/\",\"name\":\"Les Lig\u00e9riens en \u00c9quipe de France Kendo -\",\"isPartOf\":{\"@id\":\"https:\\\/\\\/crkdrpaysdelaloire.fr\\\/#website\"},\"datePublished\":\"2021-04-29T19:56:33+00:00\",\"breadcrumb\":{\"@id\":\"https:\\\/\\\/crkdrpaysdelaloire.fr\\\/index.php\\\/home\\\/historique-de-nos-disciplines\\\/les-ligeriens-en-equipe-de-france\\\/#breadcrumb\"},\"inLanguage\":\"fr-FR\",\"potentialAction\":[{\"@type\":\"ReadAction\",\"target\":[\"https:\\\/\\\/crkdrpaysdelaloire.fr\\\/index.php\\\/home\\\/historique-de-nos-disciplines\\\/les-ligeriens-en-equipe-de-france\\\/\"]}]},{\"@type\":\"BreadcrumbList\",\"@id\":\"https:\\\/\\\/crkdrpaysdelaloire.fr\\\/index.php\\\/home\\\/historique-de-nos-disciplines\\\/les-ligeriens-en-equipe-de-france\\\/#breadcrumb\",\"itemListElement\":[{\"@type\":\"ListItem\",\"position\":1,\"name\":\"Accueil\",\"item\":\"https:\\\/\\\/crkdrpaysdelaloire.fr\\\/\"},{\"@type\":\"ListItem\",\"position\":2,\"name\":\"Bienvenue en Pays de la Loire\",\"item\":\"https:\\\/\\\/crkdrpaysdelaloire.fr\\\/\"},{\"@type\":\"ListItem\",\"position\":3,\"name\":\"Historique de nos disciplines\",\"item\":\"https:\\\/\\\/crkdrpaysdelaloire.fr\\\/index.php\\\/home\\\/historique-de-nos-disciplines\\\/\"},{\"@type\":\"ListItem\",\"position\":4,\"name\":\"Les Lig\u00e9riens en \u00c9quipe de France Kendo\"}]},{\"@type\":\"WebSite\",\"@id\":\"https:\\\/\\\/crkdrpaysdelaloire.fr\\\/#website\",\"url\":\"https:\\\/\\\/crkdrpaysdelaloire.fr\\\/\",\"name\":\"CRK PdL\",\"description\":\"\",\"publisher\":{\"@id\":\"https:\\\/\\\/crkdrpaysdelaloire.fr\\\/#organization\"},\"potentialAction\":[{\"@type\":\"SearchAction\",\"target\":{\"@type\":\"EntryPoint\",\"urlTemplate\":\"https:\\\/\\\/crkdrpaysdelaloire.fr\\\/?s={search_term_string}\"},\"query-input\":{\"@type\":\"PropertyValueSpecification\",\"valueRequired\":true,\"valueName\":\"search_term_string\"}}],\"inLanguage\":\"fr-FR\"},{\"@type\":\"Organization\",\"@id\":\"https:\\\/\\\/crkdrpaysdelaloire.fr\\\/#organization\",\"name\":\"Comit\u00e9 R\u00e9gional de Kendo des Pays de la Loire\",\"url\":\"https:\\\/\\\/crkdrpaysdelaloire.fr\\\/\",\"logo\":{\"@type\":\"ImageObject\",\"inLanguage\":\"fr-FR\",\"@id\":\"https:\\\/\\\/crkdrpaysdelaloire.fr\\\/#\\\/schema\\\/logo\\\/image\\\/\",\"url\":\"http:\\\/\\\/crkdrpaysdelaloire.fr\\\/wp-content\\\/uploads\\\/2021\\\/09\\\/2021-08-25-cnkdrpdl-logo-declinaison-CMJN_LOGO-CMJN-WEB.png\",\"contentUrl\":\"http:\\\/\\\/crkdrpaysdelaloire.fr\\\/wp-content\\\/uploads\\\/2021\\\/09\\\/2021-08-25-cnkdrpdl-logo-declinaison-CMJN_LOGO-CMJN-WEB.png\",\"width\":180,\"height\":180,\"caption\":\"Comit\u00e9 R\u00e9gional de Kendo des Pays de la Loire\"},\"image\":{\"@id\":\"https:\\\/\\\/crkdrpaysdelaloire.fr\\\/#\\\/schema\\\/logo\\\/image\\\/\"},\"sameAs\":[\"https:\\\/\\\/www.facebook.com\\\/crkdr.paysdelaloire\\\/\"]}]}<\/script>\n<!-- \/ Yoast SEO plugin. -->","yoast_head_json":{"title":"Les Lig\u00e9riens en \u00c9quipe de France Kendo -","robots":{"index":"index","follow":"follow","max-snippet":"max-snippet:-1","max-image-preview":"max-image-preview:large","max-video-preview":"max-video-preview:-1"},"canonical":"https:\/\/crkdrpaysdelaloire.fr\/index.php\/home\/historique-de-nos-disciplines\/les-ligeriens-en-equipe-de-france\/","og_locale":"fr_FR","og_type":"article","og_title":"Les Lig\u00e9riens en \u00c9quipe de France Kendo -","og_description":"\u00c9QUIPE DE FRANCE JUNIOR&nbsp;: Sylvain BOUSIQUE deux fois 3\u00e8me au Championnat d\u2019Europe&nbsp;: de Barcelone ESPAGNE en 1992 et de Turku FINLANDE en 1993 Christian MEUNIER 3\u00e8me au Championnat d\u2019Europe de Glasgow ECCOSSE en 1995 Emmanuel BRUNET 2\u00e8me au Championnat d\u2019Europe de Miskole HONGRIE en 1996 S\u00e9bastien CANTIN 5\u00e8me au Championnat d\u2019Europe de Lourdes FRANCE enLire la suite \"Les Lig\u00e9riens en \u00c9quipe de France Kendo\"","og_url":"https:\/\/crkdrpaysdelaloire.fr\/index.php\/home\/historique-de-nos-disciplines\/les-ligeriens-en-equipe-de-france\/","article_publisher":"https:\/\/www.facebook.com\/crkdr.paysdelaloire\/","twitter_card":"summary_large_image","twitter_misc":{"Dur\u00e9e de lecture estim\u00e9e":"2 minutes"},"schema":{"@context":"https:\/\/schema.org","@graph":[{"@type":"WebPage","@id":"https:\/\/crkdrpaysdelaloire.fr\/index.php\/home\/historique-de-nos-disciplines\/les-ligeriens-en-equipe-de-france\/","url":"https:\/\/crkdrpaysdelaloire.fr\/index.php\/home\/historique-de-nos-disciplines\/les-ligeriens-en-equipe-de-france\/","name":"Les Lig\u00e9riens en \u00c9quipe de France Kendo -","isPartOf":{"@id":"https:\/\/crkdrpaysdelaloire.fr\/#website"},"datePublished":"2021-04-29T19:56:33+00:00","breadcrumb":{"@id":"https:\/\/crkdrpaysdelaloire.fr\/index.php\/home\/historique-de-nos-disciplines\/les-ligeriens-en-equipe-de-france\/#breadcrumb"},"inLanguage":"fr-FR","potentialAction":[{"@type":"ReadAction","target":["https:\/\/crkdrpaysdelaloire.fr\/index.php\/home\/historique-de-nos-disciplines\/les-ligeriens-en-equipe-de-france\/"]}]},{"@type":"BreadcrumbList","@id":"https:\/\/crkdrpaysdelaloire.fr\/index.php\/home\/historique-de-nos-disciplines\/les-ligeriens-en-equipe-de-france\/#breadcrumb","itemListElement":[{"@type":"ListItem","position":1,"name":"Accueil","item":"https:\/\/crkdrpaysdelaloire.fr\/"},{"@type":"ListItem","position":2,"name":"Bienvenue en Pays de la Loire","item":"https:\/\/crkdrpaysdelaloire.fr\/"},{"@type":"ListItem","position":3,"name":"Historique de nos disciplines","item":"https:\/\/crkdrpaysdelaloire.fr\/index.php\/home\/historique-de-nos-disciplines\/"},{"@type":"ListItem","position":4,"name":"Les Lig\u00e9riens en \u00c9quipe de France Kendo"}]},{"@type":"WebSite","@id":"https:\/\/crkdrpaysdelaloire.fr\/#website","url":"https:\/\/crkdrpaysdelaloire.fr\/","name":"CRK PdL","description":"","publisher":{"@id":"https:\/\/crkdrpaysdelaloire.fr\/#organization"},"potentialAction":[{"@type":"SearchAction","target":{"@type":"EntryPoint","urlTemplate":"https:\/\/crkdrpaysdelaloire.fr\/?s={search_term_string}"},"query-input":{"@type":"PropertyValueSpecification","valueRequired":true,"valueName":"search_term_string"}}],"inLanguage":"fr-FR"},{"@type":"Organization","@id":"https:\/\/crkdrpaysdelaloire.fr\/#organization","name":"Comit\u00e9 R\u00e9gional de Kendo des Pays de la Loire","url":"https:\/\/crkdrpaysdelaloire.fr\/","logo":{"@type":"ImageObject","inLanguage":"fr-FR","@id":"https:\/\/crkdrpaysdelaloire.fr\/#\/schema\/logo\/image\/","url":"http:\/\/crkdrpaysdelaloire.fr\/wp-content\/uploads\/2021\/09\/2021-08-25-cnkdrpdl-logo-declinaison-CMJN_LOGO-CMJN-WEB.png","contentUrl":"http:\/\/crkdrpaysdelaloire.fr\/wp-content\/uploads\/2021\/09\/2021-08-25-cnkdrpdl-logo-declinaison-CMJN_LOGO-CMJN-WEB.png","width":180,"height":180,"caption":"Comit\u00e9 R\u00e9gional de Kendo des Pays de la Loire"},"image":{"@id":"https:\/\/crkdrpaysdelaloire.fr\/#\/schema\/logo\/image\/"},"sameAs":["https:\/\/www.facebook.com\/crkdr.paysdelaloire\/"]}]}},"jetpack_sharing_enabled":true,"_links":{"self":[{"href":"https:\/\/crkdrpaysdelaloire.fr\/index.php\/wp-json\/wp\/v2\/pages\/286","targetHints":{"allow":["GET"]}}],"collection":[{"href":"https:\/\/crkdrpaysdelaloire.fr\/index.php\/wp-json\/wp\/v2\/pages"}],"about":[{"href":"https:\/\/crkdrpaysdelaloire.fr\/index.php\/wp-json\/wp\/v2\/types\/page"}],"author":[{"embeddable":true,"href":"https:\/\/crkdrpaysdelaloire.fr\/index.php\/wp-json\/wp\/v2\/users\/2"}],"replies":[{"embeddable":true,"href":"https:\/\/crkdrpaysdelaloire.fr\/index.php\/wp-json\/wp\/v2\/comments?post=286"}],"version-history":[{"count":1,"href":"https:\/\/crkdrpaysdelaloire.fr\/index.php\/wp-json\/wp\/v2\/pages\/286\/revisions"}],"predecessor-version":[{"id":3055,"href":"https:\/\/crkdrpaysdelaloire.fr\/index.php\/wp-json\/wp\/v2\/pages\/286\/revisions\/3055"}],"up":[{"embeddable":true,"href":"https:\/\/crkdrpaysdelaloire.fr\/index.php\/wp-json\/wp\/v2\/pages\/284"}],"wp:attachment":[{"href":"https:\/\/crkdrpaysdelaloire.fr\/index.php\/wp-json\/wp\/v2\/media?parent=286"}],"curies":[{"name":"wp","href":"https:\/\/api.w.org\/{rel}","templated":true}]}}