{"id":249,"date":"2021-04-29T19:53:05","date_gmt":"2021-04-29T17:53:05","guid":{"rendered":"https:\/\/crkdrpaysdelaloire.wordpress.com\/?page_id=249"},"modified":"2021-09-01T22:22:05","modified_gmt":"2021-09-01T20:22:05","slug":"les-femmes-dans-les-pdl","status":"publish","type":"page","link":"https:\/\/crkdrpaysdelaloire.fr\/index.php\/home\/blog\/les-femmes-dans-les-pdl\/","title":{"rendered":"Nos illustres pratiquantes"},"content":{"rendered":"\n<hr class=\"wp-block-separator is-style-wide\"\/>\n\n\n\n<div class=\"wp-block-media-text alignwide is-stacked-on-mobile\" style=\"grid-template-columns:30% auto\"><figure class=\"wp-block-media-text__media\"><img decoding=\"async\" src=\"https:\/\/crkdrpaysdelaloire.files.wordpress.com\/2021\/05\/kendo_adulte_2.jpg?w=543\" alt=\"\" class=\"wp-image-563 size-full\"\/><\/figure><div class=\"wp-block-media-text__content\">\n<p class=\"has-large-font-size\"><strong>Christiane David <\/strong><\/p>\n\n\n\n<p><strong><u>Club&nbsp;:<\/u><\/strong> JUDO KENDO CLUB FONTENAISIEN<\/p>\n\n\n\n<p class=\"has-text-align-justify\"><strong><u>Discipline(s)&nbsp;:<\/u><\/strong> Kendo (6\u00e8me Dan Renshi), Judo (5\u00e8me dan) et ia\u00efdo (3\u00e8me dan)<\/p>\n\n\n\n<p><strong><u>Palmar\u00e8s national&nbsp;:<\/u><\/strong><\/p>\n\n\n\n<p class=\"has-text-align-justify\">Championne de France par \u00e9quipe de r\u00e9gion PDL de Judo en 1983\/84 et 2\u00e8me en 1984\/85<\/p>\n\n\n\n<p class=\"has-text-align-justify\">7 fois championne de France de kendo en individuel en 1984-1988-1989-1990-1992-1997-1999<\/p>\n\n\n\n<p class=\"has-text-align-justify\">3 fois 2\u00e8me en championnat de France kendo individuel en 1987-1996 et 1998 et une fois 3\u00e8me en 1994.<\/p>\n\n\n\n<p><strong><u>Palmar\u00e8s international&nbsp;:<\/u><\/strong><\/p>\n\n\n\n<p class=\"has-text-align-justify\">2\u00e8me au tournoi international de Judo d&rsquo;Arlon en Belgique 84\/85 en indiv.<\/p>\n\n\n\n<p>En Kendo:<\/p>\n\n\n\n<p class=\"has-text-align-justify\">2 fois premi\u00e8re \u00e0 la Nakakura cup de Bruxelles 97 et 98<\/p>\n\n\n\n<p class=\"has-text-align-justify\">3 fois premi\u00e8re \u00e0 l&rsquo;Open de France de Paris en 1992-1993 et 1996 et 2\u00e8me en 1999.<\/p>\n\n\n\n<p class=\"has-text-align-justify\">8 s\u00e9lections au championnat d&rsquo;Europe et 4 podiums : par \u00e9quipe deux fois 2\u00e8me : \u00e0 Turku Finlande en 1993 et \u00e0 Glasgow Ecosse en 1995. Une fois troisi\u00e8me \u00e0 Miskolk Hongrie en 1996 et une fois troisi\u00e8me en individuel \u00e0 Bale Suisse 1998.<\/p>\n\n\n\n<p class=\"has-text-align-justify\">Quatre s\u00e9lections aux mondiaux (Paris 1985\/S\u00e9oul 1988\/Toronto)&nbsp; 5\u00e8me en 1991 et Kyoto en 1997.<\/p>\n\n\n\n<p class=\"has-text-align-justify\">En tant qu&rsquo;arbitre international: Trois s\u00e9lections pour arbitrer le championnat d&rsquo;Europe: au Portugal \u00e0 Lisbonne en 2007, \u00e0 Helsinki en Finlande en 2008 et \u00e0 Debrecen en Hongrie en 2010.<\/p>\n\n\n\n<p class=\"has-text-align-justify\"><strong><em>\u00ab&nbsp;La pratique des arts martiaux est une v\u00e9ritable \u00e9cole de la vie, cette pratique au quotidien permet de grandir et de progresser aussi bien psychologiquement que physiquement, c&rsquo;est \u00e9galement un formidable moyen pour aller \u00e0 la rencontre de l&rsquo;autre et de voyager. \u00bb<\/em><\/strong><\/p>\n<\/div><\/div>\n\n\n\n<div class=\"wp-block-media-text alignwide has-media-on-the-right is-stacked-on-mobile\"><figure class=\"wp-block-media-text__media\"><img decoding=\"async\" src=\"https:\/\/crkdrpaysdelaloire.files.wordpress.com\/2021\/03\/214.jpg?w=1024\" alt=\"\" class=\"wp-image-156 size-full\"\/><\/figure><div class=\"wp-block-media-text__content\">\n<p class=\"has-large-font-size\"><strong>Nelly Durand<\/strong><\/p>\n\n\n\n<p><strong><u>Club&nbsp;:<\/u><\/strong> JUDO KENDO CLUB FONTENAISIEN<\/p>\n\n\n\n<p><strong><u>Discipline(s)&nbsp;:<\/u><\/strong> Kendo (5\u00e8me Dan)<\/p>\n\n\n\n<p><strong><u>Palmar\u00e8s national&nbsp;:<\/u><\/strong><\/p>\n\n\n\n<p>1996 Championnat de France en individuel 1 \u00e8re<\/p>\n\n\n\n<p>1997 Championne de France par \u00e9quipe 1 \u00e8re<\/p>\n\n\n\n<p>1997 Open de Paris 1 \u00e8re<\/p>\n\n\n\n<p>1998 Championnat de France en individuel 1 \u00e8re<\/p>\n\n\n\n<p><strong><u>Palmar\u00e8s international&nbsp;:<\/u><\/strong><\/p>\n\n\n\n<p class=\"has-text-align-justify\">1993 Championnat d&rsquo;Europe par \u00e9quipe&nbsp;: 2\u00e8me (Ecosse)<\/p>\n\n\n\n<p class=\"has-text-align-justify\">1994 et 1997 participation aux Championnats du monde Paris et Kyoto<\/p>\n\n\n\n<p class=\"has-text-align-justify\">1995 Championnat d&rsquo;Europe par \u00e9quipe&nbsp;: 2\u00e8me (Finlande)<\/p>\n\n\n\n<p>2004 Nakakura cup&nbsp;: 2\u00e8me en individuel<\/p>\n\n\n\n<p class=\"has-text-align-justify\"><strong><em>\u00ab&nbsp;La pratique du Kendo m&rsquo;apporte un bien-\u00eatre physique et mental et permet d&rsquo;appr\u00e9hender la vie avec plus de philosophie.&nbsp;\u00bb<\/em><\/strong><\/p>\n<\/div><\/div>\n\n\n\n<div class=\"wp-block-media-text alignwide is-stacked-on-mobile\"><figure class=\"wp-block-media-text__media\"><img decoding=\"async\" src=\"https:\/\/crkdrpaysdelaloire.files.wordpress.com\/2021\/03\/photo-laure-bw.jpg?w=791\" alt=\"\" class=\"wp-image-153 size-full\"\/><\/figure><div class=\"wp-block-media-text__content\">\n<p class=\"has-large-font-size\"><strong>Laure Ruvo\u00ebn<\/strong><\/p>\n\n\n\n<p><strong><u>Club&nbsp;:<\/u><\/strong> ESVN<\/p>\n\n\n\n<p><strong><u>Discipline(s)&nbsp;:<\/u><\/strong> Kendo (3<sup>e<\/sup> dan)<\/p>\n\n\n\n<p><strong><u>Palmar\u00e8s national&nbsp;:<\/u><\/strong><\/p>\n\n\n\n<p class=\"has-text-align-justify\">Membre du groupe France pendant 3 ans avec 2 s\u00e9lections : 2017 championnats Europe et 2018 Championnats du Monde<\/p>\n\n\n\n<p>3\u00e8me championnat de France en 2016<\/p>\n\n\n\n<p>5\u00e8me championnat de France en 2018<\/p>\n\n\n\n<p><strong><u>Palmar\u00e8s international&nbsp;:<\/u><\/strong><\/p>\n\n\n\n<p class=\"has-text-align-justify\">Championne Europe par Equipe en 2017 (Budapest)<\/p>\n\n\n\n<p class=\"has-text-align-justify\">Championnat du Monde en 2018 (Incheon-Cor\u00e9e du Sud) \u00e9limination en 1\/16\u00e8me de Finale<\/p>\n\n\n\n<p>1\u00e8re Open de France 2020 cat\u00e9gorie jusqu&rsquo;\u00e0 3\u00e8me dan<\/p>\n\n\n\n<p class=\"has-text-align-justify\"><strong><em>\u00ab&nbsp;D\u00e8s le d\u00e9but de ma pratique, j\u2019ai trouv\u00e9 que le Kendo \u00e9tait une discipline tr\u00e8s exigeante et \u00e9prouvante physiquement. Les r\u00e8gles qui y sont associ\u00e9es sont tr\u00e8s rigoureuses et l&rsquo;\u00e9tiquette de cette discipline est tr\u00e8s importante. Pourtant, malgr\u00e9 ce cadre, cette discipline permet un engagement et une expression totale de l&rsquo;\u00e9nergie et de l&rsquo;intensit\u00e9 du combat. Cet art martial fait partie int\u00e9grante de ma vie aujourd&rsquo;hui&#8230; Il est une vraie passion qui fait travailler mon corps et mon coeur dans la recherche de la progression. Le Dojo est aussi un lieu de rencontre et de partage avec des professeurs, des \u00e9l\u00e8ves petits et grands, et aussi et surtout avec des amis.&nbsp;\u00bb<\/em><\/strong><\/p>\n<\/div><\/div>\n\n\n\n<div class=\"wp-block-media-text alignwide has-media-on-the-right is-stacked-on-mobile\"><figure class=\"wp-block-media-text__media\"><img decoding=\"async\" src=\"https:\/\/crkdrpaysdelaloire.files.wordpress.com\/2021\/03\/hiromi.jpg?w=960\" alt=\"\" class=\"wp-image-155 size-full\"\/><\/figure><div class=\"wp-block-media-text__content\">\n<p class=\"has-large-font-size\"><strong>Hiromi Ando<\/strong><\/p>\n\n\n\n<p><strong><u>Club&nbsp;:<\/u><\/strong> SUISHINKAI DOJO<\/p>\n\n\n\n<p><strong><u>Discipline(s)&nbsp;:<\/u><\/strong> ia\u00efdo (4<sup>e<\/sup> dan) et kendo (1<sup>er<\/sup> dan)<\/p>\n\n\n\n<p><strong><u>Palmar\u00e8s national&nbsp;:<\/u><\/strong><\/p>\n\n\n\n<p class=\"has-text-align-justify\">Championne de France ia\u00efdo en comp\u00e9tition individuelle, cat\u00e9gories mudan, nidan et sandan.<\/p>\n\n\n\n<p><strong><u>Palmar\u00e8s international&nbsp;:<\/u><\/strong><\/p>\n\n\n\n<p class=\"has-text-align-justify\">Champion d\u2019Europe ia\u00efdo en cat\u00e9gorie shodan et vice championne d\u2019Europe en cat\u00e9gorie sandan.<\/p>\n\n\n\n<p class=\"has-text-align-justify\"><strong><em>\u00ab&nbsp;La pratique des arts martiaux nous permet avant tout de nous rendre meilleur, de lutter contre nos d\u00e9mons. C&rsquo;est s&rsquo;\u00e9panouir, comprendre les autres et redonner aux autres. Conna\u00eetre ses limites pour mieux les d\u00e9passer.&nbsp;\u00bb<\/em><\/strong><\/p>\n<\/div><\/div>\n\n\n\n<div class=\"wp-block-media-text alignwide is-stacked-on-mobile\"><figure class=\"wp-block-media-text__media\"><img decoding=\"async\" src=\"https:\/\/crkdrpaysdelaloire.files.wordpress.com\/2021\/05\/zoe-1.jpg?w=940\" alt=\"\" class=\"wp-image-549 size-full\"\/><\/figure><div class=\"wp-block-media-text__content\">\n<p class=\"has-large-font-size\"><strong>Zo\u00e9 Duvauchelle<\/strong><\/p>\n\n\n\n<p><strong> <strong><u>Club&nbsp;:<\/u><\/strong> <\/strong>JUDO KENDO CLUB FONTENAISIEN<\/p>\n\n\n\n<p> <strong><u>Discipline(s)&nbsp;:<\/u><\/strong>  kendo (4e dan)<\/p>\n\n\n\n<p> <strong><u>Palmar\u00e8s national&nbsp;:<\/u><\/strong> <\/p>\n\n\n\n<p>Championne de France Equipe Jeune 2003\/2004<\/p>\n\n\n\n<p class=\"has-text-align-justify\">3e Championne de France Equipe Jeune 2005\/2006 et 2007\/2008<\/p>\n\n\n\n<p>Championne Espoir 2007\/2008 <\/p>\n\n\n\n<p class=\"has-text-align-justify\">2e en Espoir en 2008\/2009 et 3e en Espoir en 2009\/2010<\/p>\n\n\n\n<p class=\"has-text-align-justify\">3e Championne de France Equipe Honneur 2010\/2011<\/p>\n\n\n\n<p class=\"has-text-align-justify\">Championne Senior 2011\/2012 &#8211; 3e en individuel Honneur et par Equipe Honneur en 2011\/2012<\/p>\n\n\n\n<p class=\"has-text-align-justify\">2e aux Championnats de France par Equipe Honneur en 2012\/2013<\/p>\n\n\n\n<p> <strong><u>Palmar\u00e8s international&nbsp;:<\/u><\/strong> <\/p>\n\n\n\n<p class=\"has-text-align-justify\">Championnats du monde : 5e par \u00e9quipe \u00e0 Novarra en Italie en 2011\/2012<\/p>\n\n\n\n<p class=\"has-text-align-justify\">Open de Belgique : 3e par \u00e9quipe en 2011\/2012<\/p>\n\n\n\n<p class=\"has-text-align-justify\">2e par \u00e9quipe Senior aux Championnats d&rsquo;Europe \u00e0 Berlin en 2012\/2013<\/p>\n\n\n\n<p class=\"has-text-align-justify\">3e par \u00e9quipe Senior aux Championnats d&rsquo;Europe \u00e0 Clermont-Ferrant en 2013\/2014<\/p>\n\n\n\n<p><\/p>\n<\/div><\/div>\n","protected":false},"excerpt":{"rendered":"<p>Christiane David Club&nbsp;: JUDO KENDO CLUB FONTENAISIEN Discipline(s)&nbsp;: Kendo (6\u00e8me Dan Renshi), Judo (5\u00e8me dan) et ia\u00efdo (3\u00e8me dan) Palmar\u00e8s national&nbsp;: Championne de France par \u00e9quipe de r\u00e9gion PDL de Judo en 1983\/84 et 2\u00e8me en 1984\/85 7 fois championne de France de kendo en individuel en 1984-1988-1989-1990-1992-1997-1999 3 fois 2\u00e8me en championnat de France<a class=\"more-link\" href=\"https:\/\/crkdrpaysdelaloire.fr\/index.php\/home\/blog\/les-femmes-dans-les-pdl\/\">Lire la suite <span class=\"screen-reader-text\">\u00ab\u00a0Nos illustres pratiquantes\u00a0\u00bb<\/span><\/a><\/p>\n","protected":false},"author":2,"featured_media":0,"parent":10,"menu_order":3,"comment_status":"closed","ping_status":"closed","template":"","meta":{"footnotes":""},"class_list":["post-249","page","type-page","status-publish","hentry","entry"],"yoast_head":"<!-- This site is optimized with the Yoast SEO plugin v27.4 - https:\/\/yoast.com\/product\/yoast-seo-wordpress\/ -->\n<title>Nos illustres pratiquantes -<\/title>\n<meta name=\"robots\" content=\"index, follow, max-snippet:-1, max-image-preview:large, max-video-preview:-1\" \/>\n<link rel=\"canonical\" href=\"https:\/\/crkdrpaysdelaloire.fr\/index.php\/home\/blog\/les-femmes-dans-les-pdl\/\" \/>\n<meta property=\"og:locale\" content=\"fr_FR\" \/>\n<meta property=\"og:type\" content=\"article\" \/>\n<meta property=\"og:title\" content=\"Nos illustres pratiquantes -\" \/>\n<meta property=\"og:description\" content=\"Christiane David Club&nbsp;: JUDO KENDO CLUB FONTENAISIEN Discipline(s)&nbsp;: Kendo (6\u00e8me Dan Renshi), Judo (5\u00e8me dan) et ia\u00efdo (3\u00e8me dan) Palmar\u00e8s national&nbsp;: Championne de France par \u00e9quipe de r\u00e9gion PDL de Judo en 1983\/84 et 2\u00e8me en 1984\/85 7 fois championne de France de kendo en individuel en 1984-1988-1989-1990-1992-1997-1999 3 fois 2\u00e8me en championnat de FranceLire la suite &quot;Nos illustres pratiquantes&quot;\" \/>\n<meta property=\"og:url\" content=\"https:\/\/crkdrpaysdelaloire.fr\/index.php\/home\/blog\/les-femmes-dans-les-pdl\/\" \/>\n<meta property=\"article:publisher\" content=\"https:\/\/www.facebook.com\/crkdr.paysdelaloire\/\" \/>\n<meta property=\"article:modified_time\" content=\"2021-09-01T20:22:05+00:00\" \/>\n<meta property=\"og:image\" content=\"https:\/\/crkdrpaysdelaloire.files.wordpress.com\/2021\/05\/kendo_adulte_2.jpg?w=543\" \/>\n<meta name=\"twitter:card\" content=\"summary_large_image\" \/>\n<meta name=\"twitter:label1\" content=\"Dur\u00e9e de lecture estim\u00e9e\" \/>\n\t<meta name=\"twitter:data1\" content=\"4 minutes\" \/>\n<script type=\"application\/ld+json\" class=\"yoast-schema-graph\">{\"@context\":\"https:\\\/\\\/schema.org\",\"@graph\":[{\"@type\":\"WebPage\",\"@id\":\"https:\\\/\\\/crkdrpaysdelaloire.fr\\\/index.php\\\/home\\\/blog\\\/les-femmes-dans-les-pdl\\\/\",\"url\":\"https:\\\/\\\/crkdrpaysdelaloire.fr\\\/index.php\\\/home\\\/blog\\\/les-femmes-dans-les-pdl\\\/\",\"name\":\"Nos illustres pratiquantes -\",\"isPartOf\":{\"@id\":\"https:\\\/\\\/crkdrpaysdelaloire.fr\\\/#website\"},\"primaryImageOfPage\":{\"@id\":\"https:\\\/\\\/crkdrpaysdelaloire.fr\\\/index.php\\\/home\\\/blog\\\/les-femmes-dans-les-pdl\\\/#primaryimage\"},\"image\":{\"@id\":\"https:\\\/\\\/crkdrpaysdelaloire.fr\\\/index.php\\\/home\\\/blog\\\/les-femmes-dans-les-pdl\\\/#primaryimage\"},\"thumbnailUrl\":\"https:\\\/\\\/crkdrpaysdelaloire.files.wordpress.com\\\/2021\\\/05\\\/kendo_adulte_2.jpg?w=543\",\"datePublished\":\"2021-04-29T17:53:05+00:00\",\"dateModified\":\"2021-09-01T20:22:05+00:00\",\"breadcrumb\":{\"@id\":\"https:\\\/\\\/crkdrpaysdelaloire.fr\\\/index.php\\\/home\\\/blog\\\/les-femmes-dans-les-pdl\\\/#breadcrumb\"},\"inLanguage\":\"fr-FR\",\"potentialAction\":[{\"@type\":\"ReadAction\",\"target\":[\"https:\\\/\\\/crkdrpaysdelaloire.fr\\\/index.php\\\/home\\\/blog\\\/les-femmes-dans-les-pdl\\\/\"]}]},{\"@type\":\"ImageObject\",\"inLanguage\":\"fr-FR\",\"@id\":\"https:\\\/\\\/crkdrpaysdelaloire.fr\\\/index.php\\\/home\\\/blog\\\/les-femmes-dans-les-pdl\\\/#primaryimage\",\"url\":\"https:\\\/\\\/crkdrpaysdelaloire.files.wordpress.com\\\/2021\\\/05\\\/kendo_adulte_2.jpg?w=543\",\"contentUrl\":\"https:\\\/\\\/crkdrpaysdelaloire.files.wordpress.com\\\/2021\\\/05\\\/kendo_adulte_2.jpg?w=543\"},{\"@type\":\"BreadcrumbList\",\"@id\":\"https:\\\/\\\/crkdrpaysdelaloire.fr\\\/index.php\\\/home\\\/blog\\\/les-femmes-dans-les-pdl\\\/#breadcrumb\",\"itemListElement\":[{\"@type\":\"ListItem\",\"position\":1,\"name\":\"Accueil\",\"item\":\"https:\\\/\\\/crkdrpaysdelaloire.fr\\\/\"},{\"@type\":\"ListItem\",\"position\":2,\"name\":\"Bienvenue en Pays de la Loire\",\"item\":\"https:\\\/\\\/crkdrpaysdelaloire.fr\\\/\"},{\"@type\":\"ListItem\",\"position\":3,\"name\":\"Vos \u00e9lus et DTR\",\"item\":\"http:\\\/\\\/crkdrpaysdelaloire.fr\\\/index.php\\\/home\\\/blog\\\/\"},{\"@type\":\"ListItem\",\"position\":4,\"name\":\"Nos illustres pratiquantes\"}]},{\"@type\":\"WebSite\",\"@id\":\"https:\\\/\\\/crkdrpaysdelaloire.fr\\\/#website\",\"url\":\"https:\\\/\\\/crkdrpaysdelaloire.fr\\\/\",\"name\":\"CRK PdL\",\"description\":\"\",\"publisher\":{\"@id\":\"https:\\\/\\\/crkdrpaysdelaloire.fr\\\/#organization\"},\"potentialAction\":[{\"@type\":\"SearchAction\",\"target\":{\"@type\":\"EntryPoint\",\"urlTemplate\":\"https:\\\/\\\/crkdrpaysdelaloire.fr\\\/?s={search_term_string}\"},\"query-input\":{\"@type\":\"PropertyValueSpecification\",\"valueRequired\":true,\"valueName\":\"search_term_string\"}}],\"inLanguage\":\"fr-FR\"},{\"@type\":\"Organization\",\"@id\":\"https:\\\/\\\/crkdrpaysdelaloire.fr\\\/#organization\",\"name\":\"Comit\u00e9 R\u00e9gional de Kendo des Pays de la Loire\",\"url\":\"https:\\\/\\\/crkdrpaysdelaloire.fr\\\/\",\"logo\":{\"@type\":\"ImageObject\",\"inLanguage\":\"fr-FR\",\"@id\":\"https:\\\/\\\/crkdrpaysdelaloire.fr\\\/#\\\/schema\\\/logo\\\/image\\\/\",\"url\":\"http:\\\/\\\/crkdrpaysdelaloire.fr\\\/wp-content\\\/uploads\\\/2021\\\/09\\\/2021-08-25-cnkdrpdl-logo-declinaison-CMJN_LOGO-CMJN-WEB.png\",\"contentUrl\":\"http:\\\/\\\/crkdrpaysdelaloire.fr\\\/wp-content\\\/uploads\\\/2021\\\/09\\\/2021-08-25-cnkdrpdl-logo-declinaison-CMJN_LOGO-CMJN-WEB.png\",\"width\":180,\"height\":180,\"caption\":\"Comit\u00e9 R\u00e9gional de Kendo des Pays de la Loire\"},\"image\":{\"@id\":\"https:\\\/\\\/crkdrpaysdelaloire.fr\\\/#\\\/schema\\\/logo\\\/image\\\/\"},\"sameAs\":[\"https:\\\/\\\/www.facebook.com\\\/crkdr.paysdelaloire\\\/\"]}]}<\/script>\n<!-- \/ Yoast SEO plugin. -->","yoast_head_json":{"title":"Nos illustres pratiquantes -","robots":{"index":"index","follow":"follow","max-snippet":"max-snippet:-1","max-image-preview":"max-image-preview:large","max-video-preview":"max-video-preview:-1"},"canonical":"https:\/\/crkdrpaysdelaloire.fr\/index.php\/home\/blog\/les-femmes-dans-les-pdl\/","og_locale":"fr_FR","og_type":"article","og_title":"Nos illustres pratiquantes -","og_description":"Christiane David Club&nbsp;: JUDO KENDO CLUB FONTENAISIEN Discipline(s)&nbsp;: Kendo (6\u00e8me Dan Renshi), Judo (5\u00e8me dan) et ia\u00efdo (3\u00e8me dan) Palmar\u00e8s national&nbsp;: Championne de France par \u00e9quipe de r\u00e9gion PDL de Judo en 1983\/84 et 2\u00e8me en 1984\/85 7 fois championne de France de kendo en individuel en 1984-1988-1989-1990-1992-1997-1999 3 fois 2\u00e8me en championnat de FranceLire la suite \"Nos illustres pratiquantes\"","og_url":"https:\/\/crkdrpaysdelaloire.fr\/index.php\/home\/blog\/les-femmes-dans-les-pdl\/","article_publisher":"https:\/\/www.facebook.com\/crkdr.paysdelaloire\/","article_modified_time":"2021-09-01T20:22:05+00:00","og_image":[{"url":"https:\/\/crkdrpaysdelaloire.files.wordpress.com\/2021\/05\/kendo_adulte_2.jpg?w=543","type":"","width":"","height":""}],"twitter_card":"summary_large_image","twitter_misc":{"Dur\u00e9e de lecture estim\u00e9e":"4 minutes"},"schema":{"@context":"https:\/\/schema.org","@graph":[{"@type":"WebPage","@id":"https:\/\/crkdrpaysdelaloire.fr\/index.php\/home\/blog\/les-femmes-dans-les-pdl\/","url":"https:\/\/crkdrpaysdelaloire.fr\/index.php\/home\/blog\/les-femmes-dans-les-pdl\/","name":"Nos illustres pratiquantes -","isPartOf":{"@id":"https:\/\/crkdrpaysdelaloire.fr\/#website"},"primaryImageOfPage":{"@id":"https:\/\/crkdrpaysdelaloire.fr\/index.php\/home\/blog\/les-femmes-dans-les-pdl\/#primaryimage"},"image":{"@id":"https:\/\/crkdrpaysdelaloire.fr\/index.php\/home\/blog\/les-femmes-dans-les-pdl\/#primaryimage"},"thumbnailUrl":"https:\/\/crkdrpaysdelaloire.files.wordpress.com\/2021\/05\/kendo_adulte_2.jpg?w=543","datePublished":"2021-04-29T17:53:05+00:00","dateModified":"2021-09-01T20:22:05+00:00","breadcrumb":{"@id":"https:\/\/crkdrpaysdelaloire.fr\/index.php\/home\/blog\/les-femmes-dans-les-pdl\/#breadcrumb"},"inLanguage":"fr-FR","potentialAction":[{"@type":"ReadAction","target":["https:\/\/crkdrpaysdelaloire.fr\/index.php\/home\/blog\/les-femmes-dans-les-pdl\/"]}]},{"@type":"ImageObject","inLanguage":"fr-FR","@id":"https:\/\/crkdrpaysdelaloire.fr\/index.php\/home\/blog\/les-femmes-dans-les-pdl\/#primaryimage","url":"https:\/\/crkdrpaysdelaloire.files.wordpress.com\/2021\/05\/kendo_adulte_2.jpg?w=543","contentUrl":"https:\/\/crkdrpaysdelaloire.files.wordpress.com\/2021\/05\/kendo_adulte_2.jpg?w=543"},{"@type":"BreadcrumbList","@id":"https:\/\/crkdrpaysdelaloire.fr\/index.php\/home\/blog\/les-femmes-dans-les-pdl\/#breadcrumb","itemListElement":[{"@type":"ListItem","position":1,"name":"Accueil","item":"https:\/\/crkdrpaysdelaloire.fr\/"},{"@type":"ListItem","position":2,"name":"Bienvenue en Pays de la Loire","item":"https:\/\/crkdrpaysdelaloire.fr\/"},{"@type":"ListItem","position":3,"name":"Vos \u00e9lus et DTR","item":"http:\/\/crkdrpaysdelaloire.fr\/index.php\/home\/blog\/"},{"@type":"ListItem","position":4,"name":"Nos illustres pratiquantes"}]},{"@type":"WebSite","@id":"https:\/\/crkdrpaysdelaloire.fr\/#website","url":"https:\/\/crkdrpaysdelaloire.fr\/","name":"CRK PdL","description":"","publisher":{"@id":"https:\/\/crkdrpaysdelaloire.fr\/#organization"},"potentialAction":[{"@type":"SearchAction","target":{"@type":"EntryPoint","urlTemplate":"https:\/\/crkdrpaysdelaloire.fr\/?s={search_term_string}"},"query-input":{"@type":"PropertyValueSpecification","valueRequired":true,"valueName":"search_term_string"}}],"inLanguage":"fr-FR"},{"@type":"Organization","@id":"https:\/\/crkdrpaysdelaloire.fr\/#organization","name":"Comit\u00e9 R\u00e9gional de Kendo des Pays de la Loire","url":"https:\/\/crkdrpaysdelaloire.fr\/","logo":{"@type":"ImageObject","inLanguage":"fr-FR","@id":"https:\/\/crkdrpaysdelaloire.fr\/#\/schema\/logo\/image\/","url":"http:\/\/crkdrpaysdelaloire.fr\/wp-content\/uploads\/2021\/09\/2021-08-25-cnkdrpdl-logo-declinaison-CMJN_LOGO-CMJN-WEB.png","contentUrl":"http:\/\/crkdrpaysdelaloire.fr\/wp-content\/uploads\/2021\/09\/2021-08-25-cnkdrpdl-logo-declinaison-CMJN_LOGO-CMJN-WEB.png","width":180,"height":180,"caption":"Comit\u00e9 R\u00e9gional de Kendo des Pays de la Loire"},"image":{"@id":"https:\/\/crkdrpaysdelaloire.fr\/#\/schema\/logo\/image\/"},"sameAs":["https:\/\/www.facebook.com\/crkdr.paysdelaloire\/"]}]}},"jetpack_sharing_enabled":false,"_links":{"self":[{"href":"https:\/\/crkdrpaysdelaloire.fr\/index.php\/wp-json\/wp\/v2\/pages\/249","targetHints":{"allow":["GET"]}}],"collection":[{"href":"https:\/\/crkdrpaysdelaloire.fr\/index.php\/wp-json\/wp\/v2\/pages"}],"about":[{"href":"https:\/\/crkdrpaysdelaloire.fr\/index.php\/wp-json\/wp\/v2\/types\/page"}],"author":[{"embeddable":true,"href":"https:\/\/crkdrpaysdelaloire.fr\/index.php\/wp-json\/wp\/v2\/users\/2"}],"replies":[{"embeddable":true,"href":"https:\/\/crkdrpaysdelaloire.fr\/index.php\/wp-json\/wp\/v2\/comments?post=249"}],"version-history":[{"count":1,"href":"https:\/\/crkdrpaysdelaloire.fr\/index.php\/wp-json\/wp\/v2\/pages\/249\/revisions"}],"predecessor-version":[{"id":980,"href":"https:\/\/crkdrpaysdelaloire.fr\/index.php\/wp-json\/wp\/v2\/pages\/249\/revisions\/980"}],"up":[{"embeddable":true,"href":"https:\/\/crkdrpaysdelaloire.fr\/index.php\/wp-json\/wp\/v2\/pages\/10"}],"wp:attachment":[{"href":"https:\/\/crkdrpaysdelaloire.fr\/index.php\/wp-json\/wp\/v2\/media?parent=249"}],"curies":[{"name":"wp","href":"https:\/\/api.w.org\/{rel}","templated":true}]}}