{"id":235,"date":"2021-04-28T23:14:55","date_gmt":"2021-04-28T21:14:55","guid":{"rendered":"https:\/\/crkdrpaysdelaloire.wordpress.com\/?page_id=235"},"modified":"2021-04-28T23:14:55","modified_gmt":"2021-04-28T21:14:55","slug":"historique-des-activites-regionales-kendo","status":"publish","type":"page","link":"https:\/\/crkdrpaysdelaloire.fr\/index.php\/home\/historique-de-nos-disciplines\/historique-des-activites-regionales-kendo\/","title":{"rendered":"R\u00e9sultats nationaux"},"content":{"rendered":"\n<hr class=\"wp-block-separator is-style-wide\" \/>\n\n\n\n<p style=\"font-size:20px;\"><strong>Nos champion(ne)s de France en individuel<\/strong>:<\/p>\n\n\n\n<ul class=\"wp-block-list\"><li>Christiane DAVID en s\u00e9nior F\u00e9minine<\/li><li>Nelly DURAND en s\u00e9nior F\u00e9minine<\/li><li>Sylvio MONTESSINOS en Junior, en s\u00e9nior Honneur et en s\u00e9nior Excellence<\/li><li>Fabrice ORFILA en s\u00e9nior Honneur<\/li><li>S\u00e9bastien CANTIN en Junior<\/li><li>Christian MEUNIER en Cadet<\/li><li>Emmanuel BRUNET en Cadet<\/li><li>Zo\u00e9 DUVAUCHELLE en Espoir<\/li><li>Ad\u00e9lie ROBIN en Espoir<\/li><\/ul>\n\n\n\n<p>(tous licenci\u00e9s au Judo Kendo Club Fontenaisien)<\/p>\n\n\n\n<hr class=\"wp-block-separator\" \/>\n\n\n\n<p style=\"font-size:20px;\"><strong>Nos \u00e9quipes championnes de France par \u00e9quipe s\u00e9nior:<\/strong><\/p>\n\n\n\n<ul class=\"wp-block-list\"><li>En 1996\/1997&nbsp;: JKCF Champion de France par \u00e9quipe HONNEUR avec: C.MEUNIER\/N.DURAND\/S.BOUSIQUE\/V.GUADARRAMA\/JC.BOUSIQUE<\/li><li>En 2000\/2001&nbsp;: JKCF Champion de France par \u00e9quipe HONNEUR&nbsp; avec: A.DUVAUCHELLE\/C.MEUNIER\/G.TAVEAU\/S.CANTIN\/V.GUADARRAMA<\/li><li>En 2003\/2004&nbsp;: JKCF Champion de France par \u00e9quipe HONNEUR avec&nbsp;: S.PLOQUIN\/F.JOUSSEAUME\/A.COUE\/D.PINAUDEAU\/P.DUVAUCHELLE<\/li><li>En 2018\/2019&nbsp;: JKCF Champion de France par \u00e9quipe HONNEUR avec&nbsp;: M.DELAHAYE \/B.GAILLARD\/S.PLOQUIN\/JA.CLEMENT\/S.MONTESSINOS<\/li><\/ul>\n\n\n\n<p> <strong>Nos \u00e9quipes championnes de France par \u00e9quipe jeune:<\/strong> <\/p>\n\n\n\n<ul class=\"wp-block-list\"><li>En 2003\/2004&nbsp;: JKCF Champion de France par \u00e9quipe Jeune avec: L\u00e9o BOUSIQUE \/ Zo\u00e9 DUVAUCHELLE \/ Franck CANTIN<\/li><li>En 2011\/2012&nbsp;: JKCF Champion de France par \u00e9quipe Jeune&nbsp;avec : Nino CLAIN \/ Paul DEBRAY-DESCHODT\/ Lucie ROBINEAU<\/li><\/ul>\n\n\n\n<hr class=\"wp-block-separator\" \/>\n\n\n\n<p> <strong>Nos podiums en championnats de France par \u00e9quipe Excellence:<\/strong>  <\/p>\n\n\n\n<ul class=\"wp-block-list\"><li>En 2004\/2005&nbsp;: JKCF 3<sup>\u00e8me<\/sup> au Championnat de France par \u00e9quipe EXCELLENCE&nbsp;avec : F.JOUSSEAUME\/A.DUVAUCHELLE\/C.MEUNIER\/S.BOUSIQUE\/V.GUADARRAMA<\/li><li>En 2007\/2008&nbsp;: JKCF 3<sup>\u00e8me<\/sup> Championnat de France par \u00e9quipe EXCELLENCE avec&nbsp;: S.MONTESSINOS\/A.DUVAUCHELLE\/S.CANTIN\/C.MEUNIER\/S.BOUSIQUE<\/li><li>En 2010\/2011&nbsp;: JKCF 3<sup>\u00e8me<\/sup> au &nbsp;Championnat de France par \u00e9quipe EXCELLENCE avec&nbsp;: S.MONTESSINOS\/S.PLOQUIN\/D.PINAUDEAU\/C.MEUNIER\/S.BOUSIQUE \/V.GUADARRAMA<\/li><li>En 2013\/2014&nbsp;: JKCF 3<sup>\u00e8me<\/sup> &nbsp;au &nbsp;Championnat de France par \u00e9quipe EXCELLENCE&nbsp;avec : S.MONTESSINOS\/S.PLOQUIN\/L.MONTESSINOS\/C.MEUNIER \/B.GAILLARD \/S.BOUSIQUE<\/li><li>En 2014\/2015&nbsp;: JKCF 3<sup>\u00e8me<\/sup> au &nbsp;Championnat de France par \u00e9quipe EXCELLENCE avec&nbsp;: S.MONTESSINOS\/S.PLOQUIN\/J.A CLEMENT\/C.MEUNIER \/B.GAILLARD \/S.BOUSIQUE<\/li><li>En 2015\/2016&nbsp;: JKCF 3<sup>\u00e8me<\/sup>au Championnat de France par \u00e9quipe EXCELLENCE avec&nbsp;: S.MONTESSINOS\/S.PLOQUIN\/J.A CLEMENT\/C.MEUNIER \/B.GAILLARD \/K.TORDJMAN<\/li><\/ul>\n\n\n\n<hr class=\"wp-block-separator\" \/>\n","protected":false},"excerpt":{"rendered":"<p>Nos champion(ne)s de France en individuel: Christiane DAVID en s\u00e9nior F\u00e9minine Nelly DURAND en s\u00e9nior F\u00e9minine Sylvio MONTESSINOS en Junior, en s\u00e9nior Honneur et en s\u00e9nior Excellence Fabrice ORFILA en s\u00e9nior Honneur S\u00e9bastien CANTIN en Junior Christian MEUNIER en Cadet Emmanuel BRUNET en Cadet Zo\u00e9 DUVAUCHELLE en Espoir Ad\u00e9lie ROBIN en Espoir (tous licenci\u00e9s au<a class=\"more-link\" href=\"https:\/\/crkdrpaysdelaloire.fr\/index.php\/home\/historique-de-nos-disciplines\/historique-des-activites-regionales-kendo\/\">Lire la suite <span class=\"screen-reader-text\">\u00ab\u00a0R\u00e9sultats nationaux\u00a0\u00bb<\/span><\/a><\/p>\n","protected":false},"author":2,"featured_media":0,"parent":284,"menu_order":1,"comment_status":"closed","ping_status":"closed","template":"","meta":{"footnotes":""},"class_list":["post-235","page","type-page","status-publish","hentry","entry"],"yoast_head":"<!-- This site is optimized with the Yoast SEO plugin v27.4 - https:\/\/yoast.com\/product\/yoast-seo-wordpress\/ -->\n<title>R\u00e9sultats nationaux -<\/title>\n<meta name=\"robots\" content=\"index, follow, max-snippet:-1, max-image-preview:large, max-video-preview:-1\" \/>\n<link rel=\"canonical\" href=\"http:\/\/crkdrpaysdelaloire.fr\/index.php\/home\/historique-de-nos-disciplines\/historique-des-activites-regionales-kendo\/\" \/>\n<meta property=\"og:locale\" content=\"fr_FR\" \/>\n<meta property=\"og:type\" content=\"article\" \/>\n<meta property=\"og:title\" content=\"R\u00e9sultats nationaux -\" \/>\n<meta property=\"og:description\" content=\"Nos champion(ne)s de France en individuel: Christiane DAVID en s\u00e9nior F\u00e9minine Nelly DURAND en s\u00e9nior F\u00e9minine Sylvio MONTESSINOS en Junior, en s\u00e9nior Honneur et en s\u00e9nior Excellence Fabrice ORFILA en s\u00e9nior Honneur S\u00e9bastien CANTIN en Junior Christian MEUNIER en Cadet Emmanuel BRUNET en Cadet Zo\u00e9 DUVAUCHELLE en Espoir Ad\u00e9lie ROBIN en Espoir (tous licenci\u00e9s auLire la suite &quot;R\u00e9sultats nationaux&quot;\" \/>\n<meta property=\"og:url\" content=\"http:\/\/crkdrpaysdelaloire.fr\/index.php\/home\/historique-de-nos-disciplines\/historique-des-activites-regionales-kendo\/\" \/>\n<meta property=\"article:publisher\" content=\"https:\/\/www.facebook.com\/crkdr.paysdelaloire\/\" \/>\n<meta name=\"twitter:card\" content=\"summary_large_image\" \/>\n<meta name=\"twitter:label1\" content=\"Dur\u00e9e de lecture estim\u00e9e\" \/>\n\t<meta name=\"twitter:data1\" content=\"2 minutes\" \/>\n<script type=\"application\/ld+json\" class=\"yoast-schema-graph\">{\"@context\":\"https:\\\/\\\/schema.org\",\"@graph\":[{\"@type\":\"WebPage\",\"@id\":\"http:\\\/\\\/crkdrpaysdelaloire.fr\\\/index.php\\\/home\\\/historique-de-nos-disciplines\\\/historique-des-activites-regionales-kendo\\\/\",\"url\":\"http:\\\/\\\/crkdrpaysdelaloire.fr\\\/index.php\\\/home\\\/historique-de-nos-disciplines\\\/historique-des-activites-regionales-kendo\\\/\",\"name\":\"R\u00e9sultats nationaux -\",\"isPartOf\":{\"@id\":\"https:\\\/\\\/crkdrpaysdelaloire.fr\\\/#website\"},\"datePublished\":\"2021-04-28T21:14:55+00:00\",\"breadcrumb\":{\"@id\":\"http:\\\/\\\/crkdrpaysdelaloire.fr\\\/index.php\\\/home\\\/historique-de-nos-disciplines\\\/historique-des-activites-regionales-kendo\\\/#breadcrumb\"},\"inLanguage\":\"fr-FR\",\"potentialAction\":[{\"@type\":\"ReadAction\",\"target\":[\"http:\\\/\\\/crkdrpaysdelaloire.fr\\\/index.php\\\/home\\\/historique-de-nos-disciplines\\\/historique-des-activites-regionales-kendo\\\/\"]}]},{\"@type\":\"BreadcrumbList\",\"@id\":\"http:\\\/\\\/crkdrpaysdelaloire.fr\\\/index.php\\\/home\\\/historique-de-nos-disciplines\\\/historique-des-activites-regionales-kendo\\\/#breadcrumb\",\"itemListElement\":[{\"@type\":\"ListItem\",\"position\":1,\"name\":\"Accueil\",\"item\":\"https:\\\/\\\/crkdrpaysdelaloire.fr\\\/\"},{\"@type\":\"ListItem\",\"position\":2,\"name\":\"Bienvenue en Pays de la Loire\",\"item\":\"https:\\\/\\\/crkdrpaysdelaloire.fr\\\/\"},{\"@type\":\"ListItem\",\"position\":3,\"name\":\"Historique de nos disciplines\",\"item\":\"https:\\\/\\\/crkdrpaysdelaloire.fr\\\/index.php\\\/home\\\/historique-de-nos-disciplines\\\/\"},{\"@type\":\"ListItem\",\"position\":4,\"name\":\"R\u00e9sultats nationaux\"}]},{\"@type\":\"WebSite\",\"@id\":\"https:\\\/\\\/crkdrpaysdelaloire.fr\\\/#website\",\"url\":\"https:\\\/\\\/crkdrpaysdelaloire.fr\\\/\",\"name\":\"CRK PdL\",\"description\":\"\",\"publisher\":{\"@id\":\"https:\\\/\\\/crkdrpaysdelaloire.fr\\\/#organization\"},\"potentialAction\":[{\"@type\":\"SearchAction\",\"target\":{\"@type\":\"EntryPoint\",\"urlTemplate\":\"https:\\\/\\\/crkdrpaysdelaloire.fr\\\/?s={search_term_string}\"},\"query-input\":{\"@type\":\"PropertyValueSpecification\",\"valueRequired\":true,\"valueName\":\"search_term_string\"}}],\"inLanguage\":\"fr-FR\"},{\"@type\":\"Organization\",\"@id\":\"https:\\\/\\\/crkdrpaysdelaloire.fr\\\/#organization\",\"name\":\"Comit\u00e9 R\u00e9gional de Kendo des Pays de la Loire\",\"url\":\"https:\\\/\\\/crkdrpaysdelaloire.fr\\\/\",\"logo\":{\"@type\":\"ImageObject\",\"inLanguage\":\"fr-FR\",\"@id\":\"https:\\\/\\\/crkdrpaysdelaloire.fr\\\/#\\\/schema\\\/logo\\\/image\\\/\",\"url\":\"http:\\\/\\\/crkdrpaysdelaloire.fr\\\/wp-content\\\/uploads\\\/2021\\\/09\\\/2021-08-25-cnkdrpdl-logo-declinaison-CMJN_LOGO-CMJN-WEB.png\",\"contentUrl\":\"http:\\\/\\\/crkdrpaysdelaloire.fr\\\/wp-content\\\/uploads\\\/2021\\\/09\\\/2021-08-25-cnkdrpdl-logo-declinaison-CMJN_LOGO-CMJN-WEB.png\",\"width\":180,\"height\":180,\"caption\":\"Comit\u00e9 R\u00e9gional de Kendo des Pays de la Loire\"},\"image\":{\"@id\":\"https:\\\/\\\/crkdrpaysdelaloire.fr\\\/#\\\/schema\\\/logo\\\/image\\\/\"},\"sameAs\":[\"https:\\\/\\\/www.facebook.com\\\/crkdr.paysdelaloire\\\/\"]}]}<\/script>\n<!-- \/ Yoast SEO plugin. -->","yoast_head_json":{"title":"R\u00e9sultats nationaux -","robots":{"index":"index","follow":"follow","max-snippet":"max-snippet:-1","max-image-preview":"max-image-preview:large","max-video-preview":"max-video-preview:-1"},"canonical":"http:\/\/crkdrpaysdelaloire.fr\/index.php\/home\/historique-de-nos-disciplines\/historique-des-activites-regionales-kendo\/","og_locale":"fr_FR","og_type":"article","og_title":"R\u00e9sultats nationaux -","og_description":"Nos champion(ne)s de France en individuel: Christiane DAVID en s\u00e9nior F\u00e9minine Nelly DURAND en s\u00e9nior F\u00e9minine Sylvio MONTESSINOS en Junior, en s\u00e9nior Honneur et en s\u00e9nior Excellence Fabrice ORFILA en s\u00e9nior Honneur S\u00e9bastien CANTIN en Junior Christian MEUNIER en Cadet Emmanuel BRUNET en Cadet Zo\u00e9 DUVAUCHELLE en Espoir Ad\u00e9lie ROBIN en Espoir (tous licenci\u00e9s auLire la suite \"R\u00e9sultats nationaux\"","og_url":"http:\/\/crkdrpaysdelaloire.fr\/index.php\/home\/historique-de-nos-disciplines\/historique-des-activites-regionales-kendo\/","article_publisher":"https:\/\/www.facebook.com\/crkdr.paysdelaloire\/","twitter_card":"summary_large_image","twitter_misc":{"Dur\u00e9e de lecture estim\u00e9e":"2 minutes"},"schema":{"@context":"https:\/\/schema.org","@graph":[{"@type":"WebPage","@id":"http:\/\/crkdrpaysdelaloire.fr\/index.php\/home\/historique-de-nos-disciplines\/historique-des-activites-regionales-kendo\/","url":"http:\/\/crkdrpaysdelaloire.fr\/index.php\/home\/historique-de-nos-disciplines\/historique-des-activites-regionales-kendo\/","name":"R\u00e9sultats nationaux -","isPartOf":{"@id":"https:\/\/crkdrpaysdelaloire.fr\/#website"},"datePublished":"2021-04-28T21:14:55+00:00","breadcrumb":{"@id":"http:\/\/crkdrpaysdelaloire.fr\/index.php\/home\/historique-de-nos-disciplines\/historique-des-activites-regionales-kendo\/#breadcrumb"},"inLanguage":"fr-FR","potentialAction":[{"@type":"ReadAction","target":["http:\/\/crkdrpaysdelaloire.fr\/index.php\/home\/historique-de-nos-disciplines\/historique-des-activites-regionales-kendo\/"]}]},{"@type":"BreadcrumbList","@id":"http:\/\/crkdrpaysdelaloire.fr\/index.php\/home\/historique-de-nos-disciplines\/historique-des-activites-regionales-kendo\/#breadcrumb","itemListElement":[{"@type":"ListItem","position":1,"name":"Accueil","item":"https:\/\/crkdrpaysdelaloire.fr\/"},{"@type":"ListItem","position":2,"name":"Bienvenue en Pays de la Loire","item":"https:\/\/crkdrpaysdelaloire.fr\/"},{"@type":"ListItem","position":3,"name":"Historique de nos disciplines","item":"https:\/\/crkdrpaysdelaloire.fr\/index.php\/home\/historique-de-nos-disciplines\/"},{"@type":"ListItem","position":4,"name":"R\u00e9sultats nationaux"}]},{"@type":"WebSite","@id":"https:\/\/crkdrpaysdelaloire.fr\/#website","url":"https:\/\/crkdrpaysdelaloire.fr\/","name":"CRK PdL","description":"","publisher":{"@id":"https:\/\/crkdrpaysdelaloire.fr\/#organization"},"potentialAction":[{"@type":"SearchAction","target":{"@type":"EntryPoint","urlTemplate":"https:\/\/crkdrpaysdelaloire.fr\/?s={search_term_string}"},"query-input":{"@type":"PropertyValueSpecification","valueRequired":true,"valueName":"search_term_string"}}],"inLanguage":"fr-FR"},{"@type":"Organization","@id":"https:\/\/crkdrpaysdelaloire.fr\/#organization","name":"Comit\u00e9 R\u00e9gional de Kendo des Pays de la Loire","url":"https:\/\/crkdrpaysdelaloire.fr\/","logo":{"@type":"ImageObject","inLanguage":"fr-FR","@id":"https:\/\/crkdrpaysdelaloire.fr\/#\/schema\/logo\/image\/","url":"http:\/\/crkdrpaysdelaloire.fr\/wp-content\/uploads\/2021\/09\/2021-08-25-cnkdrpdl-logo-declinaison-CMJN_LOGO-CMJN-WEB.png","contentUrl":"http:\/\/crkdrpaysdelaloire.fr\/wp-content\/uploads\/2021\/09\/2021-08-25-cnkdrpdl-logo-declinaison-CMJN_LOGO-CMJN-WEB.png","width":180,"height":180,"caption":"Comit\u00e9 R\u00e9gional de Kendo des Pays de la Loire"},"image":{"@id":"https:\/\/crkdrpaysdelaloire.fr\/#\/schema\/logo\/image\/"},"sameAs":["https:\/\/www.facebook.com\/crkdr.paysdelaloire\/"]}]}},"jetpack_sharing_enabled":false,"_links":{"self":[{"href":"https:\/\/crkdrpaysdelaloire.fr\/index.php\/wp-json\/wp\/v2\/pages\/235","targetHints":{"allow":["GET"]}}],"collection":[{"href":"https:\/\/crkdrpaysdelaloire.fr\/index.php\/wp-json\/wp\/v2\/pages"}],"about":[{"href":"https:\/\/crkdrpaysdelaloire.fr\/index.php\/wp-json\/wp\/v2\/types\/page"}],"author":[{"embeddable":true,"href":"https:\/\/crkdrpaysdelaloire.fr\/index.php\/wp-json\/wp\/v2\/users\/2"}],"replies":[{"embeddable":true,"href":"https:\/\/crkdrpaysdelaloire.fr\/index.php\/wp-json\/wp\/v2\/comments?post=235"}],"version-history":[{"count":0,"href":"https:\/\/crkdrpaysdelaloire.fr\/index.php\/wp-json\/wp\/v2\/pages\/235\/revisions"}],"up":[{"embeddable":true,"href":"https:\/\/crkdrpaysdelaloire.fr\/index.php\/wp-json\/wp\/v2\/pages\/284"}],"wp:attachment":[{"href":"https:\/\/crkdrpaysdelaloire.fr\/index.php\/wp-json\/wp\/v2\/media?parent=235"}],"curies":[{"name":"wp","href":"https:\/\/api.w.org\/{rel}","templated":true}]}}