{"id":128,"date":"2021-03-10T21:21:06","date_gmt":"2021-03-10T20:21:06","guid":{"rendered":"https:\/\/crkdrpaysdelaloire.wordpress.com\/?page_id=128"},"modified":"2024-06-19T14:25:17","modified_gmt":"2024-06-19T12:25:17","slug":"formalites-administratives","status":"publish","type":"page","link":"https:\/\/crkdrpaysdelaloire.fr\/index.php\/home\/blog\/formalites-administratives\/","title":{"rendered":"Formalit\u00e9s administratives"},"content":{"rendered":"\n<hr class=\"wp-block-separator has-css-opacity is-style-wide\"\/>\n\n\n\n<h2 class=\"wp-block-heading has-text-align-center\" style=\"font-size:28px\">Demande de passeports sportifs<\/h2>\n\n\n\n<p>Les clubs peuvent se procurer les passeports sportifs pour leurs licenci\u00e9s aupr\u00e8s du tr\u00e9sorier de la CRKDR. Prix: 10\u20ac l&rsquo;unit\u00e9<\/p>\n\n\n\n<p><\/p>\n\n\n\n<p class=\"has-text-align-center\" style=\"font-size:28px\"><strong>Demande d&rsquo;APE (Autorisation Provisoire d&rsquo;Enseigner)<\/strong><\/p>\n\n\n\n<p>Les demandes d&rsquo;APE sont \u00e0 transmettre au Pr\u00e9sident de la CRKDR qui apr\u00e8s \u00e9tude de celles-ci seront transmises au CNKDR.<\/p>\n\n\n\n<p class=\"has-text-align-center\">Lien vers la page du CNKDR concernant le formulaire APE et les modalit\u00e9s de demandes : <em><a href=\"https:\/\/cnkendo-dr.com\/enseignement-2\/\" target=\"_blank\" rel=\"noreferrer noopener\">cliquez ici<\/a><\/em><\/p>\n\n\n\n<p><\/p>\n\n\n\n<p class=\"has-text-align-center\" style=\"font-size:28px\"><strong>CFEB (Certificat F\u00e9d\u00e9ral d&rsquo;Enseignement B\u00e9n\u00e9vole)<\/strong><\/p>\n\n\n\n<p>Cette qualification f\u00e9d\u00e9rale permet \u00e0 son titulaire d&rsquo;enseigner b\u00e9n\u00e9volement, dans une association, les disciplines du CNKDR en autonomie p\u00e9dagogique.<\/p>\n\n\n\n<p>Toutes les infos concernant l&rsquo;inscription au CFEB sont accessibles sur la page CNKDR d\u00e9di\u00e9e : <em><a href=\"https:\/\/cnkendo-dr.com\/enseignement-2\/\" target=\"_blank\" rel=\"noreferrer noopener\">cliquez ici<\/a><\/em><\/p>\n\n\n\n<p><\/p>\n","protected":false},"excerpt":{"rendered":"<p>Demande de passeports sportifs Les clubs peuvent se procurer les passeports sportifs pour leurs licenci\u00e9s aupr\u00e8s du tr\u00e9sorier de la CRKDR. Prix: 10\u20ac l&rsquo;unit\u00e9 Demande d&rsquo;APE (Autorisation Provisoire d&rsquo;Enseigner) Les demandes d&rsquo;APE sont \u00e0 transmettre au Pr\u00e9sident de la CRKDR qui apr\u00e8s \u00e9tude de celles-ci seront transmises au CNKDR. Lien vers la page du CNKDR<a class=\"more-link\" href=\"https:\/\/crkdrpaysdelaloire.fr\/index.php\/home\/blog\/formalites-administratives\/\">Lire la suite <span class=\"screen-reader-text\">\u00ab\u00a0Formalit\u00e9s administratives\u00a0\u00bb<\/span><\/a><\/p>\n","protected":false},"author":2,"featured_media":0,"parent":10,"menu_order":2,"comment_status":"closed","ping_status":"closed","template":"","meta":{"footnotes":""},"class_list":["post-128","page","type-page","status-publish","hentry","entry"],"yoast_head":"<!-- This site is optimized with the Yoast SEO plugin v27.4 - https:\/\/yoast.com\/product\/yoast-seo-wordpress\/ -->\n<title>Formalit\u00e9s administratives -<\/title>\n<meta name=\"robots\" content=\"index, follow, max-snippet:-1, max-image-preview:large, max-video-preview:-1\" \/>\n<link rel=\"canonical\" href=\"http:\/\/crkdrpaysdelaloire.fr\/index.php\/home\/blog\/formalites-administratives\/\" \/>\n<meta property=\"og:locale\" content=\"fr_FR\" \/>\n<meta property=\"og:type\" content=\"article\" \/>\n<meta property=\"og:title\" content=\"Formalit\u00e9s administratives -\" \/>\n<meta property=\"og:description\" content=\"Demande de passeports sportifs Les clubs peuvent se procurer les passeports sportifs pour leurs licenci\u00e9s aupr\u00e8s du tr\u00e9sorier de la CRKDR. Prix: 10\u20ac l&rsquo;unit\u00e9 Demande d&rsquo;APE (Autorisation Provisoire d&rsquo;Enseigner) Les demandes d&rsquo;APE sont \u00e0 transmettre au Pr\u00e9sident de la CRKDR qui apr\u00e8s \u00e9tude de celles-ci seront transmises au CNKDR. Lien vers la page du CNKDRLire la suite &quot;Formalit\u00e9s administratives&quot;\" \/>\n<meta property=\"og:url\" content=\"http:\/\/crkdrpaysdelaloire.fr\/index.php\/home\/blog\/formalites-administratives\/\" \/>\n<meta property=\"article:publisher\" content=\"https:\/\/www.facebook.com\/crkdr.paysdelaloire\/\" \/>\n<meta property=\"article:modified_time\" content=\"2024-06-19T12:25:17+00:00\" \/>\n<meta name=\"twitter:card\" content=\"summary_large_image\" \/>\n<meta name=\"twitter:label1\" content=\"Dur\u00e9e de lecture estim\u00e9e\" \/>\n\t<meta name=\"twitter:data1\" content=\"1 minute\" \/>\n<script type=\"application\/ld+json\" class=\"yoast-schema-graph\">{\"@context\":\"https:\\\/\\\/schema.org\",\"@graph\":[{\"@type\":\"WebPage\",\"@id\":\"http:\\\/\\\/crkdrpaysdelaloire.fr\\\/index.php\\\/home\\\/blog\\\/formalites-administratives\\\/\",\"url\":\"http:\\\/\\\/crkdrpaysdelaloire.fr\\\/index.php\\\/home\\\/blog\\\/formalites-administratives\\\/\",\"name\":\"Formalit\u00e9s administratives -\",\"isPartOf\":{\"@id\":\"https:\\\/\\\/crkdrpaysdelaloire.fr\\\/#website\"},\"datePublished\":\"2021-03-10T20:21:06+00:00\",\"dateModified\":\"2024-06-19T12:25:17+00:00\",\"breadcrumb\":{\"@id\":\"http:\\\/\\\/crkdrpaysdelaloire.fr\\\/index.php\\\/home\\\/blog\\\/formalites-administratives\\\/#breadcrumb\"},\"inLanguage\":\"fr-FR\",\"potentialAction\":[{\"@type\":\"ReadAction\",\"target\":[\"http:\\\/\\\/crkdrpaysdelaloire.fr\\\/index.php\\\/home\\\/blog\\\/formalites-administratives\\\/\"]}]},{\"@type\":\"BreadcrumbList\",\"@id\":\"http:\\\/\\\/crkdrpaysdelaloire.fr\\\/index.php\\\/home\\\/blog\\\/formalites-administratives\\\/#breadcrumb\",\"itemListElement\":[{\"@type\":\"ListItem\",\"position\":1,\"name\":\"Accueil\",\"item\":\"https:\\\/\\\/crkdrpaysdelaloire.fr\\\/\"},{\"@type\":\"ListItem\",\"position\":2,\"name\":\"Bienvenue en Pays de la Loire\",\"item\":\"https:\\\/\\\/crkdrpaysdelaloire.fr\\\/\"},{\"@type\":\"ListItem\",\"position\":3,\"name\":\"Vos \u00e9lus et DTR\",\"item\":\"http:\\\/\\\/crkdrpaysdelaloire.fr\\\/index.php\\\/home\\\/blog\\\/\"},{\"@type\":\"ListItem\",\"position\":4,\"name\":\"Formalit\u00e9s administratives\"}]},{\"@type\":\"WebSite\",\"@id\":\"https:\\\/\\\/crkdrpaysdelaloire.fr\\\/#website\",\"url\":\"https:\\\/\\\/crkdrpaysdelaloire.fr\\\/\",\"name\":\"CRK PdL\",\"description\":\"\",\"publisher\":{\"@id\":\"https:\\\/\\\/crkdrpaysdelaloire.fr\\\/#organization\"},\"potentialAction\":[{\"@type\":\"SearchAction\",\"target\":{\"@type\":\"EntryPoint\",\"urlTemplate\":\"https:\\\/\\\/crkdrpaysdelaloire.fr\\\/?s={search_term_string}\"},\"query-input\":{\"@type\":\"PropertyValueSpecification\",\"valueRequired\":true,\"valueName\":\"search_term_string\"}}],\"inLanguage\":\"fr-FR\"},{\"@type\":\"Organization\",\"@id\":\"https:\\\/\\\/crkdrpaysdelaloire.fr\\\/#organization\",\"name\":\"Comit\u00e9 R\u00e9gional de Kendo des Pays de la Loire\",\"url\":\"https:\\\/\\\/crkdrpaysdelaloire.fr\\\/\",\"logo\":{\"@type\":\"ImageObject\",\"inLanguage\":\"fr-FR\",\"@id\":\"https:\\\/\\\/crkdrpaysdelaloire.fr\\\/#\\\/schema\\\/logo\\\/image\\\/\",\"url\":\"http:\\\/\\\/crkdrpaysdelaloire.fr\\\/wp-content\\\/uploads\\\/2021\\\/09\\\/2021-08-25-cnkdrpdl-logo-declinaison-CMJN_LOGO-CMJN-WEB.png\",\"contentUrl\":\"http:\\\/\\\/crkdrpaysdelaloire.fr\\\/wp-content\\\/uploads\\\/2021\\\/09\\\/2021-08-25-cnkdrpdl-logo-declinaison-CMJN_LOGO-CMJN-WEB.png\",\"width\":180,\"height\":180,\"caption\":\"Comit\u00e9 R\u00e9gional de Kendo des Pays de la Loire\"},\"image\":{\"@id\":\"https:\\\/\\\/crkdrpaysdelaloire.fr\\\/#\\\/schema\\\/logo\\\/image\\\/\"},\"sameAs\":[\"https:\\\/\\\/www.facebook.com\\\/crkdr.paysdelaloire\\\/\"]}]}<\/script>\n<!-- \/ Yoast SEO plugin. -->","yoast_head_json":{"title":"Formalit\u00e9s administratives -","robots":{"index":"index","follow":"follow","max-snippet":"max-snippet:-1","max-image-preview":"max-image-preview:large","max-video-preview":"max-video-preview:-1"},"canonical":"http:\/\/crkdrpaysdelaloire.fr\/index.php\/home\/blog\/formalites-administratives\/","og_locale":"fr_FR","og_type":"article","og_title":"Formalit\u00e9s administratives -","og_description":"Demande de passeports sportifs Les clubs peuvent se procurer les passeports sportifs pour leurs licenci\u00e9s aupr\u00e8s du tr\u00e9sorier de la CRKDR. Prix: 10\u20ac l&rsquo;unit\u00e9 Demande d&rsquo;APE (Autorisation Provisoire d&rsquo;Enseigner) Les demandes d&rsquo;APE sont \u00e0 transmettre au Pr\u00e9sident de la CRKDR qui apr\u00e8s \u00e9tude de celles-ci seront transmises au CNKDR. Lien vers la page du CNKDRLire la suite \"Formalit\u00e9s administratives\"","og_url":"http:\/\/crkdrpaysdelaloire.fr\/index.php\/home\/blog\/formalites-administratives\/","article_publisher":"https:\/\/www.facebook.com\/crkdr.paysdelaloire\/","article_modified_time":"2024-06-19T12:25:17+00:00","twitter_card":"summary_large_image","twitter_misc":{"Dur\u00e9e de lecture estim\u00e9e":"1 minute"},"schema":{"@context":"https:\/\/schema.org","@graph":[{"@type":"WebPage","@id":"http:\/\/crkdrpaysdelaloire.fr\/index.php\/home\/blog\/formalites-administratives\/","url":"http:\/\/crkdrpaysdelaloire.fr\/index.php\/home\/blog\/formalites-administratives\/","name":"Formalit\u00e9s administratives -","isPartOf":{"@id":"https:\/\/crkdrpaysdelaloire.fr\/#website"},"datePublished":"2021-03-10T20:21:06+00:00","dateModified":"2024-06-19T12:25:17+00:00","breadcrumb":{"@id":"http:\/\/crkdrpaysdelaloire.fr\/index.php\/home\/blog\/formalites-administratives\/#breadcrumb"},"inLanguage":"fr-FR","potentialAction":[{"@type":"ReadAction","target":["http:\/\/crkdrpaysdelaloire.fr\/index.php\/home\/blog\/formalites-administratives\/"]}]},{"@type":"BreadcrumbList","@id":"http:\/\/crkdrpaysdelaloire.fr\/index.php\/home\/blog\/formalites-administratives\/#breadcrumb","itemListElement":[{"@type":"ListItem","position":1,"name":"Accueil","item":"https:\/\/crkdrpaysdelaloire.fr\/"},{"@type":"ListItem","position":2,"name":"Bienvenue en Pays de la Loire","item":"https:\/\/crkdrpaysdelaloire.fr\/"},{"@type":"ListItem","position":3,"name":"Vos \u00e9lus et DTR","item":"http:\/\/crkdrpaysdelaloire.fr\/index.php\/home\/blog\/"},{"@type":"ListItem","position":4,"name":"Formalit\u00e9s administratives"}]},{"@type":"WebSite","@id":"https:\/\/crkdrpaysdelaloire.fr\/#website","url":"https:\/\/crkdrpaysdelaloire.fr\/","name":"CRK PdL","description":"","publisher":{"@id":"https:\/\/crkdrpaysdelaloire.fr\/#organization"},"potentialAction":[{"@type":"SearchAction","target":{"@type":"EntryPoint","urlTemplate":"https:\/\/crkdrpaysdelaloire.fr\/?s={search_term_string}"},"query-input":{"@type":"PropertyValueSpecification","valueRequired":true,"valueName":"search_term_string"}}],"inLanguage":"fr-FR"},{"@type":"Organization","@id":"https:\/\/crkdrpaysdelaloire.fr\/#organization","name":"Comit\u00e9 R\u00e9gional de Kendo des Pays de la Loire","url":"https:\/\/crkdrpaysdelaloire.fr\/","logo":{"@type":"ImageObject","inLanguage":"fr-FR","@id":"https:\/\/crkdrpaysdelaloire.fr\/#\/schema\/logo\/image\/","url":"http:\/\/crkdrpaysdelaloire.fr\/wp-content\/uploads\/2021\/09\/2021-08-25-cnkdrpdl-logo-declinaison-CMJN_LOGO-CMJN-WEB.png","contentUrl":"http:\/\/crkdrpaysdelaloire.fr\/wp-content\/uploads\/2021\/09\/2021-08-25-cnkdrpdl-logo-declinaison-CMJN_LOGO-CMJN-WEB.png","width":180,"height":180,"caption":"Comit\u00e9 R\u00e9gional de Kendo des Pays de la Loire"},"image":{"@id":"https:\/\/crkdrpaysdelaloire.fr\/#\/schema\/logo\/image\/"},"sameAs":["https:\/\/www.facebook.com\/crkdr.paysdelaloire\/"]}]}},"jetpack_sharing_enabled":false,"_links":{"self":[{"href":"https:\/\/crkdrpaysdelaloire.fr\/index.php\/wp-json\/wp\/v2\/pages\/128","targetHints":{"allow":["GET"]}}],"collection":[{"href":"https:\/\/crkdrpaysdelaloire.fr\/index.php\/wp-json\/wp\/v2\/pages"}],"about":[{"href":"https:\/\/crkdrpaysdelaloire.fr\/index.php\/wp-json\/wp\/v2\/types\/page"}],"author":[{"embeddable":true,"href":"https:\/\/crkdrpaysdelaloire.fr\/index.php\/wp-json\/wp\/v2\/users\/2"}],"replies":[{"embeddable":true,"href":"https:\/\/crkdrpaysdelaloire.fr\/index.php\/wp-json\/wp\/v2\/comments?post=128"}],"version-history":[{"count":3,"href":"https:\/\/crkdrpaysdelaloire.fr\/index.php\/wp-json\/wp\/v2\/pages\/128\/revisions"}],"predecessor-version":[{"id":3081,"href":"https:\/\/crkdrpaysdelaloire.fr\/index.php\/wp-json\/wp\/v2\/pages\/128\/revisions\/3081"}],"up":[{"embeddable":true,"href":"https:\/\/crkdrpaysdelaloire.fr\/index.php\/wp-json\/wp\/v2\/pages\/10"}],"wp:attachment":[{"href":"https:\/\/crkdrpaysdelaloire.fr\/index.php\/wp-json\/wp\/v2\/media?parent=128"}],"curies":[{"name":"wp","href":"https:\/\/api.w.org\/{rel}","templated":true}]}}