{"id":1045,"date":"2021-09-26T14:53:23","date_gmt":"2021-09-26T12:53:23","guid":{"rendered":"http:\/\/crkdrpaysdelaloire.fr\/?page_id=1045"},"modified":"2025-02-05T23:00:21","modified_gmt":"2025-02-05T22:00:21","slug":"mentions-legales","status":"publish","type":"page","link":"https:\/\/crkdrpaysdelaloire.fr\/index.php\/mentions-legales\/","title":{"rendered":"Mentions l\u00e9gales"},"content":{"rendered":"\n<p style=\"font-size:24px\"><strong>Pr\u00e9sentation<\/strong><\/p>\n\n\n\n<p>Le pr\u00e9sent site est la propri\u00e9t\u00e9 de la Ligue de Judo des Pays de la Loire (association Loi 1901) et de sa Commission R\u00e9gionale Kendo et Disciplines Rattach\u00e9es (CRKDR) des Pays de la Loire.<\/p>\n\n\n\n<p>Ce site est h\u00e9berg\u00e9 par OVH.<br>Ce site est d\u00e9velopp\u00e9 par la CRKDR Pays de la Loire<\/p>\n\n\n\n<p>Le Directeur de la publication est M. Alexandre POLONI, en qualit\u00e9 de Pr\u00e9sident de la CRKDR Pays de la Loire.<br>En consultant ce site, vous acceptez d&rsquo;en respecter les conditions d&rsquo;utilisation telles que celles-ci sont affich\u00e9es \u00e0 la date de consultation.<br><\/p>\n\n\n\n<p>Le pr\u00e9sent site diffuse de l&rsquo;information non contractuelle.<\/p>\n\n\n\n<h3 class=\"wp-block-heading\" style=\"font-size:24px\">Collecte d&rsquo;informations statistiques et de navigation<\/h3>\n\n\n\n<p>La&nbsp;Ligue de Judo des Pays de la Loire informe l&rsquo;utilisateur sur le fait que certaines informations le concernant, \u00e0 caract\u00e8re non personnel, mais relatives \u00e0 sa navigation, pourront \u00eatre enregistr\u00e9es lors de sa connexion au serveur web (pages consult\u00e9es, dates et heures de connexion, temps de navigation&#8230;).<\/p>\n\n\n\n<h3 class=\"wp-block-heading\" style=\"font-size:24px\">Libert\u00e9 de rectification<\/h3>\n\n\n\n<p>L&rsquo;utilisateur est notamment inform\u00e9, conform\u00e9ment \u00e0 la loi du 6 janvier 1978, que les informations qu&rsquo;il communique par ses r\u00e9ponses aux formulaires figurant sur le site sont<br>n\u00e9cessaires pour permettre le traitement de ses demandes et sont destin\u00e9es \u00e0 la Ligue de Judo des Pays de la Loire, responsable du traitement et de leur conservation, \u00e0 des fins de gestion administrative.<br>Ces donn\u00e9es ne seront pas communiqu\u00e9es \u00e0 des tiers \u00e0 l&rsquo;exclusion des tiers h\u00e9bergeant le site ou intervenant dans son contenu ou sa gestion.<\/p>\n\n\n\n<p>La Ligue de Judo des Pays de la Loire s&rsquo;engage \u00e0 prendre toute mesure raisonnable \u00e0 sa disposition pour pr\u00e9server la confidentialit\u00e9 de ces donn\u00e9es personnelles.<\/p>\n\n\n\n<p>L&rsquo;utilisateur dispose par ailleurs d&rsquo;un droit d&rsquo;opposition, d&rsquo;acc\u00e8s et de rectification portant sur l&rsquo;ensemble de ses donn\u00e9es personnelles en \u00e9crivant \u00e0 l&rsquo;adresse suivante : crkdr.pdl@gmail.com<\/p>\n\n\n\n<p>La modification interviendra dans les meilleurs d\u00e9lais et au plus tard dans les trente jours suivant r\u00e9ception de la demande.<\/p>\n\n\n\n<p><\/p>\n","protected":false},"excerpt":{"rendered":"<p>Pr\u00e9sentation Le pr\u00e9sent site est la propri\u00e9t\u00e9 de la Ligue de Judo des Pays de la Loire (association Loi 1901) et de sa Commission R\u00e9gionale Kendo et Disciplines Rattach\u00e9es (CRKDR) des Pays de la Loire. Ce site est h\u00e9berg\u00e9 par OVH.Ce site est d\u00e9velopp\u00e9 par la CRKDR Pays de la Loire Le Directeur de la<a class=\"more-link\" href=\"https:\/\/crkdrpaysdelaloire.fr\/index.php\/mentions-legales\/\">Lire la suite <span class=\"screen-reader-text\">\u00ab\u00a0Mentions l\u00e9gales\u00a0\u00bb<\/span><\/a><\/p>\n","protected":false},"author":1,"featured_media":0,"parent":0,"menu_order":0,"comment_status":"closed","ping_status":"closed","template":"","meta":{"footnotes":""},"class_list":["post-1045","page","type-page","status-publish","hentry","entry"],"yoast_head":"<!-- This site is optimized with the Yoast SEO plugin v27.4 - https:\/\/yoast.com\/product\/yoast-seo-wordpress\/ -->\n<title>Mentions l\u00e9gales -<\/title>\n<meta name=\"robots\" content=\"index, follow, max-snippet:-1, max-image-preview:large, max-video-preview:-1\" \/>\n<link rel=\"canonical\" href=\"http:\/\/crkdrpaysdelaloire.fr\/index.php\/mentions-legales\/\" \/>\n<meta property=\"og:locale\" content=\"fr_FR\" \/>\n<meta property=\"og:type\" content=\"article\" \/>\n<meta property=\"og:title\" content=\"Mentions l\u00e9gales -\" \/>\n<meta property=\"og:description\" content=\"Pr\u00e9sentation Le pr\u00e9sent site est la propri\u00e9t\u00e9 de la Ligue de Judo des Pays de la Loire (association Loi 1901) et de sa Commission R\u00e9gionale Kendo et Disciplines Rattach\u00e9es (CRKDR) des Pays de la Loire. Ce site est h\u00e9berg\u00e9 par OVH.Ce site est d\u00e9velopp\u00e9 par la CRKDR Pays de la Loire Le Directeur de laLire la suite &quot;Mentions l\u00e9gales&quot;\" \/>\n<meta property=\"og:url\" content=\"http:\/\/crkdrpaysdelaloire.fr\/index.php\/mentions-legales\/\" \/>\n<meta property=\"article:publisher\" content=\"https:\/\/www.facebook.com\/crkdr.paysdelaloire\/\" \/>\n<meta property=\"article:modified_time\" content=\"2025-02-05T22:00:21+00:00\" \/>\n<meta name=\"twitter:card\" content=\"summary_large_image\" \/>\n<meta name=\"twitter:label1\" content=\"Dur\u00e9e de lecture estim\u00e9e\" \/>\n\t<meta name=\"twitter:data1\" content=\"2 minutes\" \/>\n<script type=\"application\/ld+json\" class=\"yoast-schema-graph\">{\"@context\":\"https:\\\/\\\/schema.org\",\"@graph\":[{\"@type\":\"WebPage\",\"@id\":\"http:\\\/\\\/crkdrpaysdelaloire.fr\\\/index.php\\\/mentions-legales\\\/\",\"url\":\"http:\\\/\\\/crkdrpaysdelaloire.fr\\\/index.php\\\/mentions-legales\\\/\",\"name\":\"Mentions l\u00e9gales -\",\"isPartOf\":{\"@id\":\"https:\\\/\\\/crkdrpaysdelaloire.fr\\\/#website\"},\"datePublished\":\"2021-09-26T12:53:23+00:00\",\"dateModified\":\"2025-02-05T22:00:21+00:00\",\"breadcrumb\":{\"@id\":\"http:\\\/\\\/crkdrpaysdelaloire.fr\\\/index.php\\\/mentions-legales\\\/#breadcrumb\"},\"inLanguage\":\"fr-FR\",\"potentialAction\":[{\"@type\":\"ReadAction\",\"target\":[\"http:\\\/\\\/crkdrpaysdelaloire.fr\\\/index.php\\\/mentions-legales\\\/\"]}]},{\"@type\":\"BreadcrumbList\",\"@id\":\"http:\\\/\\\/crkdrpaysdelaloire.fr\\\/index.php\\\/mentions-legales\\\/#breadcrumb\",\"itemListElement\":[{\"@type\":\"ListItem\",\"position\":1,\"name\":\"Accueil\",\"item\":\"https:\\\/\\\/crkdrpaysdelaloire.fr\\\/\"},{\"@type\":\"ListItem\",\"position\":2,\"name\":\"Mentions l\u00e9gales\"}]},{\"@type\":\"WebSite\",\"@id\":\"https:\\\/\\\/crkdrpaysdelaloire.fr\\\/#website\",\"url\":\"https:\\\/\\\/crkdrpaysdelaloire.fr\\\/\",\"name\":\"CRK PdL\",\"description\":\"\",\"publisher\":{\"@id\":\"https:\\\/\\\/crkdrpaysdelaloire.fr\\\/#organization\"},\"potentialAction\":[{\"@type\":\"SearchAction\",\"target\":{\"@type\":\"EntryPoint\",\"urlTemplate\":\"https:\\\/\\\/crkdrpaysdelaloire.fr\\\/?s={search_term_string}\"},\"query-input\":{\"@type\":\"PropertyValueSpecification\",\"valueRequired\":true,\"valueName\":\"search_term_string\"}}],\"inLanguage\":\"fr-FR\"},{\"@type\":\"Organization\",\"@id\":\"https:\\\/\\\/crkdrpaysdelaloire.fr\\\/#organization\",\"name\":\"Comit\u00e9 R\u00e9gional de Kendo des Pays de la Loire\",\"url\":\"https:\\\/\\\/crkdrpaysdelaloire.fr\\\/\",\"logo\":{\"@type\":\"ImageObject\",\"inLanguage\":\"fr-FR\",\"@id\":\"https:\\\/\\\/crkdrpaysdelaloire.fr\\\/#\\\/schema\\\/logo\\\/image\\\/\",\"url\":\"http:\\\/\\\/crkdrpaysdelaloire.fr\\\/wp-content\\\/uploads\\\/2021\\\/09\\\/2021-08-25-cnkdrpdl-logo-declinaison-CMJN_LOGO-CMJN-WEB.png\",\"contentUrl\":\"http:\\\/\\\/crkdrpaysdelaloire.fr\\\/wp-content\\\/uploads\\\/2021\\\/09\\\/2021-08-25-cnkdrpdl-logo-declinaison-CMJN_LOGO-CMJN-WEB.png\",\"width\":180,\"height\":180,\"caption\":\"Comit\u00e9 R\u00e9gional de Kendo des Pays de la Loire\"},\"image\":{\"@id\":\"https:\\\/\\\/crkdrpaysdelaloire.fr\\\/#\\\/schema\\\/logo\\\/image\\\/\"},\"sameAs\":[\"https:\\\/\\\/www.facebook.com\\\/crkdr.paysdelaloire\\\/\"]}]}<\/script>\n<!-- \/ Yoast SEO plugin. -->","yoast_head_json":{"title":"Mentions l\u00e9gales -","robots":{"index":"index","follow":"follow","max-snippet":"max-snippet:-1","max-image-preview":"max-image-preview:large","max-video-preview":"max-video-preview:-1"},"canonical":"http:\/\/crkdrpaysdelaloire.fr\/index.php\/mentions-legales\/","og_locale":"fr_FR","og_type":"article","og_title":"Mentions l\u00e9gales -","og_description":"Pr\u00e9sentation Le pr\u00e9sent site est la propri\u00e9t\u00e9 de la Ligue de Judo des Pays de la Loire (association Loi 1901) et de sa Commission R\u00e9gionale Kendo et Disciplines Rattach\u00e9es (CRKDR) des Pays de la Loire. Ce site est h\u00e9berg\u00e9 par OVH.Ce site est d\u00e9velopp\u00e9 par la CRKDR Pays de la Loire Le Directeur de laLire la suite \"Mentions l\u00e9gales\"","og_url":"http:\/\/crkdrpaysdelaloire.fr\/index.php\/mentions-legales\/","article_publisher":"https:\/\/www.facebook.com\/crkdr.paysdelaloire\/","article_modified_time":"2025-02-05T22:00:21+00:00","twitter_card":"summary_large_image","twitter_misc":{"Dur\u00e9e de lecture estim\u00e9e":"2 minutes"},"schema":{"@context":"https:\/\/schema.org","@graph":[{"@type":"WebPage","@id":"http:\/\/crkdrpaysdelaloire.fr\/index.php\/mentions-legales\/","url":"http:\/\/crkdrpaysdelaloire.fr\/index.php\/mentions-legales\/","name":"Mentions l\u00e9gales -","isPartOf":{"@id":"https:\/\/crkdrpaysdelaloire.fr\/#website"},"datePublished":"2021-09-26T12:53:23+00:00","dateModified":"2025-02-05T22:00:21+00:00","breadcrumb":{"@id":"http:\/\/crkdrpaysdelaloire.fr\/index.php\/mentions-legales\/#breadcrumb"},"inLanguage":"fr-FR","potentialAction":[{"@type":"ReadAction","target":["http:\/\/crkdrpaysdelaloire.fr\/index.php\/mentions-legales\/"]}]},{"@type":"BreadcrumbList","@id":"http:\/\/crkdrpaysdelaloire.fr\/index.php\/mentions-legales\/#breadcrumb","itemListElement":[{"@type":"ListItem","position":1,"name":"Accueil","item":"https:\/\/crkdrpaysdelaloire.fr\/"},{"@type":"ListItem","position":2,"name":"Mentions l\u00e9gales"}]},{"@type":"WebSite","@id":"https:\/\/crkdrpaysdelaloire.fr\/#website","url":"https:\/\/crkdrpaysdelaloire.fr\/","name":"CRK PdL","description":"","publisher":{"@id":"https:\/\/crkdrpaysdelaloire.fr\/#organization"},"potentialAction":[{"@type":"SearchAction","target":{"@type":"EntryPoint","urlTemplate":"https:\/\/crkdrpaysdelaloire.fr\/?s={search_term_string}"},"query-input":{"@type":"PropertyValueSpecification","valueRequired":true,"valueName":"search_term_string"}}],"inLanguage":"fr-FR"},{"@type":"Organization","@id":"https:\/\/crkdrpaysdelaloire.fr\/#organization","name":"Comit\u00e9 R\u00e9gional de Kendo des Pays de la Loire","url":"https:\/\/crkdrpaysdelaloire.fr\/","logo":{"@type":"ImageObject","inLanguage":"fr-FR","@id":"https:\/\/crkdrpaysdelaloire.fr\/#\/schema\/logo\/image\/","url":"http:\/\/crkdrpaysdelaloire.fr\/wp-content\/uploads\/2021\/09\/2021-08-25-cnkdrpdl-logo-declinaison-CMJN_LOGO-CMJN-WEB.png","contentUrl":"http:\/\/crkdrpaysdelaloire.fr\/wp-content\/uploads\/2021\/09\/2021-08-25-cnkdrpdl-logo-declinaison-CMJN_LOGO-CMJN-WEB.png","width":180,"height":180,"caption":"Comit\u00e9 R\u00e9gional de Kendo des Pays de la Loire"},"image":{"@id":"https:\/\/crkdrpaysdelaloire.fr\/#\/schema\/logo\/image\/"},"sameAs":["https:\/\/www.facebook.com\/crkdr.paysdelaloire\/"]}]}},"jetpack_sharing_enabled":true,"_links":{"self":[{"href":"https:\/\/crkdrpaysdelaloire.fr\/index.php\/wp-json\/wp\/v2\/pages\/1045","targetHints":{"allow":["GET"]}}],"collection":[{"href":"https:\/\/crkdrpaysdelaloire.fr\/index.php\/wp-json\/wp\/v2\/pages"}],"about":[{"href":"https:\/\/crkdrpaysdelaloire.fr\/index.php\/wp-json\/wp\/v2\/types\/page"}],"author":[{"embeddable":true,"href":"https:\/\/crkdrpaysdelaloire.fr\/index.php\/wp-json\/wp\/v2\/users\/1"}],"replies":[{"embeddable":true,"href":"https:\/\/crkdrpaysdelaloire.fr\/index.php\/wp-json\/wp\/v2\/comments?post=1045"}],"version-history":[{"count":9,"href":"https:\/\/crkdrpaysdelaloire.fr\/index.php\/wp-json\/wp\/v2\/pages\/1045\/revisions"}],"predecessor-version":[{"id":3899,"href":"https:\/\/crkdrpaysdelaloire.fr\/index.php\/wp-json\/wp\/v2\/pages\/1045\/revisions\/3899"}],"wp:attachment":[{"href":"https:\/\/crkdrpaysdelaloire.fr\/index.php\/wp-json\/wp\/v2\/media?parent=1045"}],"curies":[{"name":"wp","href":"https:\/\/api.w.org\/{rel}","templated":true}]}}