{"id":10,"date":"2021-02-09T18:16:43","date_gmt":"2021-02-09T17:16:43","guid":{"rendered":"https:\/\/crkdrpaysdelaloire.wordpress.com\/?page_id=7"},"modified":"2024-09-12T20:32:55","modified_gmt":"2024-09-12T18:32:55","slug":"blog","status":"publish","type":"page","link":"https:\/\/crkdrpaysdelaloire.fr\/index.php\/home\/blog\/","title":{"rendered":"Vos \u00e9lus et DTR"},"content":{"rendered":"\n<hr class=\"wp-block-separator has-css-opacity is-style-wide\"\/>\n\n\n\n<h2 class=\"wp-block-heading has-text-align-center\" style=\"font-size:28px\">Membres \u00e9lus<\/h2>\n\n\n\n<div class=\"wp-block-columns is-layout-flex wp-container-core-columns-is-layout-28f84493 wp-block-columns-is-layout-flex\">\n<div class=\"wp-block-column has-small-font-size is-layout-flow wp-container-core-column-is-layout-30a78a81 wp-block-column-is-layout-flow\" style=\"padding-top:0;padding-right:0;padding-bottom:0;padding-left:0\">\n<p style=\"line-height:1.5\">Pr\u00e9sident : Alexandre Poloni<\/p>\n\n\n\n<p>Tr\u00e9sorier : Arnaud Bonnet<\/p>\n\n\n\n<p>Secr\u00e9taire : Claire Moreau<\/p>\n\n\n\n<p>Corps arbitral et relation avec la ligue : Christiane David<\/p>\n\n\n\n<p>Planification et vice-pr\u00e9sidence : Jean-Arthus Cl\u00e9ment<\/p>\n\n\n\n<p>Communication et vice-tr\u00e9sorerie : Patrick Maurice<\/p>\n\n\n\n<p>Communication : Rubens P\u00e9renn\u00e8s<\/p>\n\n\n\n<p>Repr\u00e9sentants de clubs : Jean-Claude Bousique (JKCF), Christiane David (JKCF) et Arnaud Bonnet (ESVN)<\/p>\n<\/div>\n\n\n\n<div class=\"wp-block-column is-layout-flow wp-block-column-is-layout-flow\">\n<figure class=\"wp-block-image size-large is-resized\"><img loading=\"lazy\" decoding=\"async\" width=\"1024\" height=\"886\" src=\"http:\/\/crkdrpaysdelaloire.fr\/wp-content\/uploads\/2024\/06\/elus-mosaique-v3-7-1024x886.png\" alt=\"\" class=\"wp-image-3027\" style=\"width:584px;height:auto\" srcset=\"https:\/\/crkdrpaysdelaloire.fr\/wp-content\/uploads\/2024\/06\/elus-mosaique-v3-7-1024x886.png 1024w, https:\/\/crkdrpaysdelaloire.fr\/wp-content\/uploads\/2024\/06\/elus-mosaique-v3-7-300x260.png 300w\" sizes=\"auto, (max-width: 1024px) 100vw, 1024px\" \/><\/figure>\n<\/div>\n<\/div>\n\n\n\n<p class=\"has-text-align-center\" style=\"font-size:28px\"><strong>ETR &#8211; \u00c9quipes Techniques R\u00e9gionales<\/strong><\/p>\n\n\n\n<h2 class=\"wp-block-heading has-text-align-center has-normal-font-size\">Kendo<\/h2>\n\n\n\n<div class=\"wp-block-columns is-layout-flex wp-container-core-columns-is-layout-28f84493 wp-block-columns-is-layout-flex\">\n<div class=\"wp-block-column is-layout-flow wp-block-column-is-layout-flow\" style=\"flex-basis:66.66%\">\n<figure class=\"wp-block-image size-large is-resized\"><img loading=\"lazy\" decoding=\"async\" width=\"1024\" height=\"1024\" src=\"http:\/\/crkdrpaysdelaloire.fr\/wp-content\/uploads\/2024\/06\/etre-v2-2-1024x1024.png\" alt=\"\" class=\"wp-image-3032\" style=\"width:490px;height:auto\" srcset=\"https:\/\/crkdrpaysdelaloire.fr\/wp-content\/uploads\/2024\/06\/etre-v2-2-1024x1024.png 1024w, https:\/\/crkdrpaysdelaloire.fr\/wp-content\/uploads\/2024\/06\/etre-v2-2-300x300.png 300w, https:\/\/crkdrpaysdelaloire.fr\/wp-content\/uploads\/2024\/06\/etre-v2-2-150x150.png 150w, https:\/\/crkdrpaysdelaloire.fr\/wp-content\/uploads\/2024\/06\/etre-v2-2-768x768.png 768w, https:\/\/crkdrpaysdelaloire.fr\/wp-content\/uploads\/2024\/06\/etre-v2-2-1536x1536.png 1536w, https:\/\/crkdrpaysdelaloire.fr\/wp-content\/uploads\/2024\/06\/etre-v2-2-2048x2048.png 2048w\" sizes=\"auto, (max-width: 1024px) 100vw, 1024px\" \/><\/figure>\n<\/div>\n\n\n\n<div class=\"wp-block-column has-small-font-size is-layout-flow wp-container-core-column-is-layout-119bc444 wp-block-column-is-layout-flow\">\n<p><strong>D\u00e9l\u00e9gu\u00e9 Technique R\u00e9gional<\/strong> &#8211; Sylvio Montessinos, 6\u00e8me dan, JKCF (Fontenay-le-Comte)<\/p>\n\n\n\n<p>Responsable Grades, Corps arbitral et Relation avec la ligue &#8211; Christiane David, 6\u00e8me dan Renshi, JKCF (Fontenay-le-Comte) <\/p>\n\n\n\n<p>Responsable Comp\u00e9titions et D\u00e9veloppement du Kendo F\u00e9minin &#8211; Laure Ruvo\u00ebn, 4\u00e8me dan, ESVN (la Haie-Fouassi\u00e8re)<\/p>\n\n\n\n<p>Responsable Stages et Katas &#8211; Rubens P\u00e9renn\u00e8s, 5\u00e8me dan, Suishinkai Dojo (Nantes)<\/p>\n\n\n\n<p>Responsable Jeunes &#8211; Samuel Guyomard, 4\u00e8me dan, ESVN (la Haie-Fouassi\u00e8re)<\/p>\n<\/div>\n<\/div>\n\n\n\n<h2 class=\"wp-block-heading has-text-align-center has-normal-font-size\">Ia\u00efdo<\/h2>\n\n\n\n<div class=\"wp-block-columns is-layout-flex wp-container-core-columns-is-layout-28f84493 wp-block-columns-is-layout-flex\">\n<div class=\"wp-block-column has-small-font-size is-layout-flow wp-container-core-column-is-layout-119bc444 wp-block-column-is-layout-flow\" style=\"flex-basis:33.33%\">\n<p><strong>D\u00e9l\u00e9gu\u00e9 Technique R\u00e9gional<\/strong> &#8211; Rodolphe Sampieri, 6\u00e8me dan, Suishinkai Dojo (Nantes) Responsable Arbitrage<\/p>\n\n\n\n<p>Galaad Chastrusse, 5\u00e8me dan, Angers Kendo Ia\u00efdo Responsable Comp\u00e9titions et co-Responsable Stages<\/p>\n\n\n\n<p>Arnaud Bonnet, 5\u00e8me dan, JKCF (Fontenay-le-Comte) enseignant \u00e0 l&rsquo;ESVN (la Haie-Fouassi\u00e8re) Responsable Grades et co-Responsable Stages<\/p>\n<\/div>\n\n\n\n<div class=\"wp-block-column is-layout-flow wp-block-column-is-layout-flow\" style=\"flex-basis:66.66%\">\n<figure class=\"wp-block-image size-large\"><img loading=\"lazy\" decoding=\"async\" width=\"1024\" height=\"819\" src=\"http:\/\/crkdrpaysdelaloire.fr\/wp-content\/uploads\/2024\/06\/DTR-iaido-1-1024x819.jpg\" alt=\"\" class=\"wp-image-2986\" srcset=\"https:\/\/crkdrpaysdelaloire.fr\/wp-content\/uploads\/2024\/06\/DTR-iaido-1-1024x819.jpg 1024w, https:\/\/crkdrpaysdelaloire.fr\/wp-content\/uploads\/2024\/06\/DTR-iaido-1-300x240.jpg 300w, https:\/\/crkdrpaysdelaloire.fr\/wp-content\/uploads\/2024\/06\/DTR-iaido-1-768x614.jpg 768w, https:\/\/crkdrpaysdelaloire.fr\/wp-content\/uploads\/2024\/06\/DTR-iaido-1-1536x1229.jpg 1536w, https:\/\/crkdrpaysdelaloire.fr\/wp-content\/uploads\/2024\/06\/DTR-iaido-1-1568x1254.jpg 1568w, https:\/\/crkdrpaysdelaloire.fr\/wp-content\/uploads\/2024\/06\/DTR-iaido-1.jpg 1980w\" sizes=\"auto, (max-width: 1024px) 100vw, 1024px\" \/><\/figure>\n<\/div>\n<\/div>\n\n\n\n<div class=\"wp-block-media-text alignwide has-media-on-the-right is-stacked-on-mobile\"><div class=\"wp-block-media-text__content\">\n<p class=\"has-text-align-center has-normal-font-size\">Sport Chanbara<\/p>\n\n\n\n<p class=\"has-small-font-size\"><strong>D\u00e9l\u00e9gu\u00e9 Technique R\u00e9gional<\/strong> &#8211; Vincent Malavieille, 3\u00e8me dan, Dojo Nantais<\/p>\n\n\n\n<p class=\"has-small-font-size\">Responsable stages &#8211; Philippe Lafaille, 2\u00e8me dan, Judo Club Les Herbiers<\/p>\n<\/div><figure class=\"wp-block-media-text__media\"><img loading=\"lazy\" decoding=\"async\" width=\"1024\" height=\"636\" src=\"http:\/\/crkdrpaysdelaloire.fr\/wp-content\/uploads\/2024\/07\/etre_chanbara-1024x636.png\" alt=\"\" class=\"wp-image-3139 size-full\" srcset=\"https:\/\/crkdrpaysdelaloire.fr\/wp-content\/uploads\/2024\/07\/etre_chanbara-1024x636.png 1024w, https:\/\/crkdrpaysdelaloire.fr\/wp-content\/uploads\/2024\/07\/etre_chanbara-300x186.png 300w, https:\/\/crkdrpaysdelaloire.fr\/wp-content\/uploads\/2024\/07\/etre_chanbara-768x477.png 768w, https:\/\/crkdrpaysdelaloire.fr\/wp-content\/uploads\/2024\/07\/etre_chanbara.png 1517w\" sizes=\"auto, (max-width: 1024px) 100vw, 1024px\" \/><\/figure><\/div>\n","protected":false},"excerpt":{"rendered":"<p>Membres \u00e9lus Pr\u00e9sident : Alexandre Poloni Tr\u00e9sorier : Arnaud Bonnet Secr\u00e9taire : Claire Moreau Corps arbitral et relation avec la ligue : Christiane David Planification et vice-pr\u00e9sidence : Jean-Arthus Cl\u00e9ment Communication et vice-tr\u00e9sorerie : Patrick Maurice Communication : Rubens P\u00e9renn\u00e8s Repr\u00e9sentants de clubs : Jean-Claude Bousique (JKCF), Christiane David (JKCF) et Arnaud Bonnet (ESVN) ETR<a class=\"more-link\" href=\"https:\/\/crkdrpaysdelaloire.fr\/index.php\/home\/blog\/\">Lire la suite <span class=\"screen-reader-text\">\u00ab\u00a0Vos \u00e9lus et DTR\u00a0\u00bb<\/span><\/a><\/p>\n","protected":false},"author":3,"featured_media":0,"parent":9,"menu_order":1,"comment_status":"closed","ping_status":"closed","template":"","meta":{"footnotes":""},"class_list":["post-10","page","type-page","status-publish","hentry","entry"],"yoast_head":"<!-- This site is optimized with the Yoast SEO plugin v27.4 - https:\/\/yoast.com\/product\/yoast-seo-wordpress\/ -->\n<title>Vos \u00e9lus et DTR -<\/title>\n<meta name=\"robots\" content=\"index, follow, max-snippet:-1, max-image-preview:large, max-video-preview:-1\" \/>\n<link rel=\"canonical\" href=\"http:\/\/crkdrpaysdelaloire.fr\/index.php\/home\/blog\/\" \/>\n<meta property=\"og:locale\" content=\"fr_FR\" \/>\n<meta property=\"og:type\" content=\"article\" \/>\n<meta property=\"og:title\" content=\"Vos \u00e9lus et DTR -\" \/>\n<meta property=\"og:description\" content=\"Membres \u00e9lus Pr\u00e9sident : Alexandre Poloni Tr\u00e9sorier : Arnaud Bonnet Secr\u00e9taire : Claire Moreau Corps arbitral et relation avec la ligue : Christiane David Planification et vice-pr\u00e9sidence : Jean-Arthus Cl\u00e9ment Communication et vice-tr\u00e9sorerie : Patrick Maurice Communication : Rubens P\u00e9renn\u00e8s Repr\u00e9sentants de clubs : Jean-Claude Bousique (JKCF), Christiane David (JKCF) et Arnaud Bonnet (ESVN) ETRLire la suite &quot;Vos \u00e9lus et DTR&quot;\" \/>\n<meta property=\"og:url\" content=\"http:\/\/crkdrpaysdelaloire.fr\/index.php\/home\/blog\/\" \/>\n<meta property=\"article:publisher\" content=\"https:\/\/www.facebook.com\/crkdr.paysdelaloire\/\" \/>\n<meta property=\"article:modified_time\" content=\"2024-09-12T18:32:55+00:00\" \/>\n<meta property=\"og:image\" content=\"http:\/\/crkdrpaysdelaloire.fr\/wp-content\/uploads\/2024\/06\/elus-mosaique-v3-7-1024x886.png\" \/>\n<meta name=\"twitter:card\" content=\"summary_large_image\" \/>\n<meta name=\"twitter:label1\" content=\"Dur\u00e9e de lecture estim\u00e9e\" \/>\n\t<meta name=\"twitter:data1\" content=\"2 minutes\" \/>\n<script type=\"application\/ld+json\" class=\"yoast-schema-graph\">{\"@context\":\"https:\\\/\\\/schema.org\",\"@graph\":[{\"@type\":\"WebPage\",\"@id\":\"http:\\\/\\\/crkdrpaysdelaloire.fr\\\/index.php\\\/home\\\/blog\\\/\",\"url\":\"http:\\\/\\\/crkdrpaysdelaloire.fr\\\/index.php\\\/home\\\/blog\\\/\",\"name\":\"Vos \u00e9lus et DTR -\",\"isPartOf\":{\"@id\":\"https:\\\/\\\/crkdrpaysdelaloire.fr\\\/#website\"},\"primaryImageOfPage\":{\"@id\":\"http:\\\/\\\/crkdrpaysdelaloire.fr\\\/index.php\\\/home\\\/blog\\\/#primaryimage\"},\"image\":{\"@id\":\"http:\\\/\\\/crkdrpaysdelaloire.fr\\\/index.php\\\/home\\\/blog\\\/#primaryimage\"},\"thumbnailUrl\":\"http:\\\/\\\/crkdrpaysdelaloire.fr\\\/wp-content\\\/uploads\\\/2024\\\/06\\\/elus-mosaique-v3-7-1024x886.png\",\"datePublished\":\"2021-02-09T17:16:43+00:00\",\"dateModified\":\"2024-09-12T18:32:55+00:00\",\"breadcrumb\":{\"@id\":\"http:\\\/\\\/crkdrpaysdelaloire.fr\\\/index.php\\\/home\\\/blog\\\/#breadcrumb\"},\"inLanguage\":\"fr-FR\",\"potentialAction\":[{\"@type\":\"ReadAction\",\"target\":[\"http:\\\/\\\/crkdrpaysdelaloire.fr\\\/index.php\\\/home\\\/blog\\\/\"]}]},{\"@type\":\"ImageObject\",\"inLanguage\":\"fr-FR\",\"@id\":\"http:\\\/\\\/crkdrpaysdelaloire.fr\\\/index.php\\\/home\\\/blog\\\/#primaryimage\",\"url\":\"https:\\\/\\\/crkdrpaysdelaloire.fr\\\/wp-content\\\/uploads\\\/2024\\\/06\\\/elus-mosaique-v3-7.png\",\"contentUrl\":\"https:\\\/\\\/crkdrpaysdelaloire.fr\\\/wp-content\\\/uploads\\\/2024\\\/06\\\/elus-mosaique-v3-7.png\",\"width\":8872,\"height\":7676},{\"@type\":\"BreadcrumbList\",\"@id\":\"http:\\\/\\\/crkdrpaysdelaloire.fr\\\/index.php\\\/home\\\/blog\\\/#breadcrumb\",\"itemListElement\":[{\"@type\":\"ListItem\",\"position\":1,\"name\":\"Accueil\",\"item\":\"https:\\\/\\\/crkdrpaysdelaloire.fr\\\/\"},{\"@type\":\"ListItem\",\"position\":2,\"name\":\"Bienvenue en Pays de la Loire\",\"item\":\"https:\\\/\\\/crkdrpaysdelaloire.fr\\\/\"},{\"@type\":\"ListItem\",\"position\":3,\"name\":\"Vos \u00e9lus et DTR\"}]},{\"@type\":\"WebSite\",\"@id\":\"https:\\\/\\\/crkdrpaysdelaloire.fr\\\/#website\",\"url\":\"https:\\\/\\\/crkdrpaysdelaloire.fr\\\/\",\"name\":\"CRK PdL\",\"description\":\"\",\"publisher\":{\"@id\":\"https:\\\/\\\/crkdrpaysdelaloire.fr\\\/#organization\"},\"potentialAction\":[{\"@type\":\"SearchAction\",\"target\":{\"@type\":\"EntryPoint\",\"urlTemplate\":\"https:\\\/\\\/crkdrpaysdelaloire.fr\\\/?s={search_term_string}\"},\"query-input\":{\"@type\":\"PropertyValueSpecification\",\"valueRequired\":true,\"valueName\":\"search_term_string\"}}],\"inLanguage\":\"fr-FR\"},{\"@type\":\"Organization\",\"@id\":\"https:\\\/\\\/crkdrpaysdelaloire.fr\\\/#organization\",\"name\":\"Comit\u00e9 R\u00e9gional de Kendo des Pays de la Loire\",\"url\":\"https:\\\/\\\/crkdrpaysdelaloire.fr\\\/\",\"logo\":{\"@type\":\"ImageObject\",\"inLanguage\":\"fr-FR\",\"@id\":\"https:\\\/\\\/crkdrpaysdelaloire.fr\\\/#\\\/schema\\\/logo\\\/image\\\/\",\"url\":\"http:\\\/\\\/crkdrpaysdelaloire.fr\\\/wp-content\\\/uploads\\\/2021\\\/09\\\/2021-08-25-cnkdrpdl-logo-declinaison-CMJN_LOGO-CMJN-WEB.png\",\"contentUrl\":\"http:\\\/\\\/crkdrpaysdelaloire.fr\\\/wp-content\\\/uploads\\\/2021\\\/09\\\/2021-08-25-cnkdrpdl-logo-declinaison-CMJN_LOGO-CMJN-WEB.png\",\"width\":180,\"height\":180,\"caption\":\"Comit\u00e9 R\u00e9gional de Kendo des Pays de la Loire\"},\"image\":{\"@id\":\"https:\\\/\\\/crkdrpaysdelaloire.fr\\\/#\\\/schema\\\/logo\\\/image\\\/\"},\"sameAs\":[\"https:\\\/\\\/www.facebook.com\\\/crkdr.paysdelaloire\\\/\"]}]}<\/script>\n<!-- \/ Yoast SEO plugin. -->","yoast_head_json":{"title":"Vos \u00e9lus et DTR -","robots":{"index":"index","follow":"follow","max-snippet":"max-snippet:-1","max-image-preview":"max-image-preview:large","max-video-preview":"max-video-preview:-1"},"canonical":"http:\/\/crkdrpaysdelaloire.fr\/index.php\/home\/blog\/","og_locale":"fr_FR","og_type":"article","og_title":"Vos \u00e9lus et DTR -","og_description":"Membres \u00e9lus Pr\u00e9sident : Alexandre Poloni Tr\u00e9sorier : Arnaud Bonnet Secr\u00e9taire : Claire Moreau Corps arbitral et relation avec la ligue : Christiane David Planification et vice-pr\u00e9sidence : Jean-Arthus Cl\u00e9ment Communication et vice-tr\u00e9sorerie : Patrick Maurice Communication : Rubens P\u00e9renn\u00e8s Repr\u00e9sentants de clubs : Jean-Claude Bousique (JKCF), Christiane David (JKCF) et Arnaud Bonnet (ESVN) ETRLire la suite \"Vos \u00e9lus et DTR\"","og_url":"http:\/\/crkdrpaysdelaloire.fr\/index.php\/home\/blog\/","article_publisher":"https:\/\/www.facebook.com\/crkdr.paysdelaloire\/","article_modified_time":"2024-09-12T18:32:55+00:00","og_image":[{"url":"http:\/\/crkdrpaysdelaloire.fr\/wp-content\/uploads\/2024\/06\/elus-mosaique-v3-7-1024x886.png","type":"","width":"","height":""}],"twitter_card":"summary_large_image","twitter_misc":{"Dur\u00e9e de lecture estim\u00e9e":"2 minutes"},"schema":{"@context":"https:\/\/schema.org","@graph":[{"@type":"WebPage","@id":"http:\/\/crkdrpaysdelaloire.fr\/index.php\/home\/blog\/","url":"http:\/\/crkdrpaysdelaloire.fr\/index.php\/home\/blog\/","name":"Vos \u00e9lus et DTR -","isPartOf":{"@id":"https:\/\/crkdrpaysdelaloire.fr\/#website"},"primaryImageOfPage":{"@id":"http:\/\/crkdrpaysdelaloire.fr\/index.php\/home\/blog\/#primaryimage"},"image":{"@id":"http:\/\/crkdrpaysdelaloire.fr\/index.php\/home\/blog\/#primaryimage"},"thumbnailUrl":"http:\/\/crkdrpaysdelaloire.fr\/wp-content\/uploads\/2024\/06\/elus-mosaique-v3-7-1024x886.png","datePublished":"2021-02-09T17:16:43+00:00","dateModified":"2024-09-12T18:32:55+00:00","breadcrumb":{"@id":"http:\/\/crkdrpaysdelaloire.fr\/index.php\/home\/blog\/#breadcrumb"},"inLanguage":"fr-FR","potentialAction":[{"@type":"ReadAction","target":["http:\/\/crkdrpaysdelaloire.fr\/index.php\/home\/blog\/"]}]},{"@type":"ImageObject","inLanguage":"fr-FR","@id":"http:\/\/crkdrpaysdelaloire.fr\/index.php\/home\/blog\/#primaryimage","url":"https:\/\/crkdrpaysdelaloire.fr\/wp-content\/uploads\/2024\/06\/elus-mosaique-v3-7.png","contentUrl":"https:\/\/crkdrpaysdelaloire.fr\/wp-content\/uploads\/2024\/06\/elus-mosaique-v3-7.png","width":8872,"height":7676},{"@type":"BreadcrumbList","@id":"http:\/\/crkdrpaysdelaloire.fr\/index.php\/home\/blog\/#breadcrumb","itemListElement":[{"@type":"ListItem","position":1,"name":"Accueil","item":"https:\/\/crkdrpaysdelaloire.fr\/"},{"@type":"ListItem","position":2,"name":"Bienvenue en Pays de la Loire","item":"https:\/\/crkdrpaysdelaloire.fr\/"},{"@type":"ListItem","position":3,"name":"Vos \u00e9lus et DTR"}]},{"@type":"WebSite","@id":"https:\/\/crkdrpaysdelaloire.fr\/#website","url":"https:\/\/crkdrpaysdelaloire.fr\/","name":"CRK PdL","description":"","publisher":{"@id":"https:\/\/crkdrpaysdelaloire.fr\/#organization"},"potentialAction":[{"@type":"SearchAction","target":{"@type":"EntryPoint","urlTemplate":"https:\/\/crkdrpaysdelaloire.fr\/?s={search_term_string}"},"query-input":{"@type":"PropertyValueSpecification","valueRequired":true,"valueName":"search_term_string"}}],"inLanguage":"fr-FR"},{"@type":"Organization","@id":"https:\/\/crkdrpaysdelaloire.fr\/#organization","name":"Comit\u00e9 R\u00e9gional de Kendo des Pays de la Loire","url":"https:\/\/crkdrpaysdelaloire.fr\/","logo":{"@type":"ImageObject","inLanguage":"fr-FR","@id":"https:\/\/crkdrpaysdelaloire.fr\/#\/schema\/logo\/image\/","url":"http:\/\/crkdrpaysdelaloire.fr\/wp-content\/uploads\/2021\/09\/2021-08-25-cnkdrpdl-logo-declinaison-CMJN_LOGO-CMJN-WEB.png","contentUrl":"http:\/\/crkdrpaysdelaloire.fr\/wp-content\/uploads\/2021\/09\/2021-08-25-cnkdrpdl-logo-declinaison-CMJN_LOGO-CMJN-WEB.png","width":180,"height":180,"caption":"Comit\u00e9 R\u00e9gional de Kendo des Pays de la Loire"},"image":{"@id":"https:\/\/crkdrpaysdelaloire.fr\/#\/schema\/logo\/image\/"},"sameAs":["https:\/\/www.facebook.com\/crkdr.paysdelaloire\/"]}]}},"jetpack_sharing_enabled":false,"_links":{"self":[{"href":"https:\/\/crkdrpaysdelaloire.fr\/index.php\/wp-json\/wp\/v2\/pages\/10","targetHints":{"allow":["GET"]}}],"collection":[{"href":"https:\/\/crkdrpaysdelaloire.fr\/index.php\/wp-json\/wp\/v2\/pages"}],"about":[{"href":"https:\/\/crkdrpaysdelaloire.fr\/index.php\/wp-json\/wp\/v2\/types\/page"}],"author":[{"embeddable":true,"href":"https:\/\/crkdrpaysdelaloire.fr\/index.php\/wp-json\/wp\/v2\/users\/3"}],"replies":[{"embeddable":true,"href":"https:\/\/crkdrpaysdelaloire.fr\/index.php\/wp-json\/wp\/v2\/comments?post=10"}],"version-history":[{"count":38,"href":"https:\/\/crkdrpaysdelaloire.fr\/index.php\/wp-json\/wp\/v2\/pages\/10\/revisions"}],"predecessor-version":[{"id":3423,"href":"https:\/\/crkdrpaysdelaloire.fr\/index.php\/wp-json\/wp\/v2\/pages\/10\/revisions\/3423"}],"up":[{"embeddable":true,"href":"https:\/\/crkdrpaysdelaloire.fr\/index.php\/wp-json\/wp\/v2\/pages\/9"}],"wp:attachment":[{"href":"https:\/\/crkdrpaysdelaloire.fr\/index.php\/wp-json\/wp\/v2\/media?parent=10"}],"curies":[{"name":"wp","href":"https:\/\/api.w.org\/{rel}","templated":true}]}}